{"id":35678,"date":"2017-07-12T12:24:28","date_gmt":"2017-07-12T12:24:28","guid":{"rendered":"http:\/\/www.biavl.dk\/medlemmer\/?page_id=35678"},"modified":"2024-05-21T18:29:06","modified_gmt":"2024-05-21T18:29:06","slug":"amagerbiavlerforening","status":"publish","type":"page","link":"https:\/\/www.biavl.dk\/medlemmer\/lokale-foreninger\/amagerbiavlerforening\/","title":{"rendered":"Amager Biavlerforening"},"content":{"rendered":"<p>Amager biavlerforening (AMBF) blev stiftet i 2017 i T\u00e5rnby, og har siden sin start v\u00e6ret under en l\u00f8bende udvikling. Vi har f\u00e5et stillet lokaler til r\u00e5dighed af T\u00e5rnby kommune, p\u00e5 en lille nedlagt g\u00e5rd, som vi deler med andre foreninger. Her har vi f\u00e5et lavet klub lokaler og f\u00e5et indrettet os med eget slyngerum.<\/p>\n<p>Vi m\u00f8des i foreningen, hver torsdag kl. 17.00, i sommers\u00e6sonen, og ser til foreningens bier i skolebig\u00e5rden. Alle er velkommen, og der er bi-dragter samt andet udstyr man kan l\u00e5ne. Du kan f\u00f8lge med i, hvad der sker i vores forening p\u00e5 hjemmesiden www.amagerbi.dk<\/p>\n<p>Amager biavler forening starter begynderkursus op i april i samarbejde med K\u00f8benhavns Amts biavlerforening (KABF).<\/p>\n<p>Har du sp\u00f8rgsm\u00e5l, kan du skrive en mail til info@amagerbi.dk<\/p>\n","protected":false},"excerpt":{"rendered":"<p>Amager biavlerforening (AMBF) blev stiftet i 2017 i T\u00e5rnby, og har siden sin start v\u00e6ret under en l\u00f8bende udvikling. Vi har f\u00e5et stillet lokaler til r\u00e5dighed af T\u00e5rnby kommune, p\u00e5 en lille nedlagt g\u00e5rd, som vi deler med andre foreninger. Her har vi f\u00e5et lavet klub lokaler og f\u00e5et indrettet os med eget slyngerum. Vi [&hellip;]<\/p>\n","protected":false},"author":7,"featured_media":0,"parent":738,"menu_order":28,"comment_status":"closed","ping_status":"closed","template":"page_visforening.php","meta":{"_acf_changed":false,"footnotes":""},"class_list":["post-35678","page","type-page","status-publish","hentry"],"acf":[],"aioseo_notices":[],"_links":{"self":[{"href":"https:\/\/www.biavl.dk\/medlemmer\/wp-json\/wp\/v2\/pages\/35678","targetHints":{"allow":["GET"]}}],"collection":[{"href":"https:\/\/www.biavl.dk\/medlemmer\/wp-json\/wp\/v2\/pages"}],"about":[{"href":"https:\/\/www.biavl.dk\/medlemmer\/wp-json\/wp\/v2\/types\/page"}],"author":[{"embeddable":true,"href":"https:\/\/www.biavl.dk\/medlemmer\/wp-json\/wp\/v2\/users\/7"}],"replies":[{"embeddable":true,"href":"https:\/\/www.biavl.dk\/medlemmer\/wp-json\/wp\/v2\/comments?post=35678"}],"version-history":[{"count":10,"href":"https:\/\/www.biavl.dk\/medlemmer\/wp-json\/wp\/v2\/pages\/35678\/revisions"}],"predecessor-version":[{"id":268333,"href":"https:\/\/www.biavl.dk\/medlemmer\/wp-json\/wp\/v2\/pages\/35678\/revisions\/268333"}],"up":[{"embeddable":true,"href":"https:\/\/www.biavl.dk\/medlemmer\/wp-json\/wp\/v2\/pages\/738"}],"wp:attachment":[{"href":"https:\/\/www.biavl.dk\/medlemmer\/wp-json\/wp\/v2\/media?parent=35678"}],"curies":[{"name":"wp","href":"https:\/\/api.w.org\/{rel}","templated":true}]}}