{"id":360,"date":"2016-02-29T11:55:17","date_gmt":"2016-02-29T11:55:17","guid":{"rendered":"http:\/\/vonbulow.org\/medlemmer\/?page_id=360"},"modified":"2016-06-22T12:04:35","modified_gmt":"2016-06-22T12:04:35","slug":"hvad-er-en-bisvaerm","status":"publish","type":"page","link":"https:\/\/www.biavl.dk\/medlemmer\/videnbank\/om-bier\/hvad-er-en-bisvaerm\/","title":{"rendered":"HVAD ER EN BISV\u00c6RM"},"content":{"rendered":"<p><strong>N\u00e5r bierne i naturen skal formere sig, s\u00e5 sv\u00e6rmer de. Den gamle bidronning flyver afsted med halvdelen af sin familie. Den anden halvdel efterlades sammen med en ny dronning.<\/strong><\/p>\n<p>I moderne biavl er sv\u00e6rmning en u\u00f8nsket egenskab, da en bifamilie som sv\u00e6rmer, stopper med at indsamle nektar. Den tilbageblevne del af bifamilien er sv\u00e6kket, og vil normalt ikke producere honning af betydning resten af s\u00e6sonen.<\/p>\n<p>Moderne biavl og biavlerens indgreb i bifamilien g\u00f8r at sv\u00e6rmning kan kontrolleres. Alligevel sker det hver sommer at der kommer bisv\u00e6rme mange steder.<\/p>\n<p>Under naturlige forhold vil en sv\u00e6rm forlade bistadet og finde et nyt sted at bo. Bisv\u00e6mens st\u00f8rrelse vil svare til ca. halvdelen af bistadets bier. Det er den gamle bidronning der flyver med sv\u00e6rmen. En ny uparret dronning bliver tilbage og danner sin egen nye familie med de tilbageblevne bier.<\/p>\n<p>Sv\u00e6rmen vil under normale forhold\u00a0f\u00f8rst s\u00e6tte sig som en stor klump et sted i kort afstand fra bistadet. Her vil den sidde i lige fra nogle f\u00e5 timer til flere dage. Imens leder sv\u00e6rmens spejderbier i det n\u00e6rmeste omr\u00e5de efter et passende sted at flytte ind.<\/p>\n<p>Flere spejderbier, som befinder sig p\u00e5 overfladen af sv\u00e6rmen, fors\u00f8ges lokket ud til eventuelle fund. F\u00f8rst n\u00e5r mange spejderbier er enige om et nyt sted, vil sv\u00e6rmen flyve derhen. Flere faktorer p\u00e5virker valget af det nye hjem, s\u00e5som hulrummets st\u00f8rrelse, afstand fra jorden, om det er et t\u00f8rt eller fugtigt sted og endda hvilken placering og retning flyve\u00e5bningen har.<\/p>\n<p>&nbsp;<\/p>\n<p><img loading=\"lazy\" decoding=\"async\" class=\"alignnone wp-image-368 size-medium\" src=\"http:\/\/www.biavl.dk\/medlemmer\/wp-content\/uploads\/2016\/02\/sv\u00e6rmind-225x300.jpg\" alt=\"Bisv\u00e6rm i nyt stade\" width=\"225\" height=\"300\" srcset=\"https:\/\/www.biavl.dk\/medlemmer\/wp-content\/uploads\/2016\/02\/sv\u00e6rmind-225x300.jpg 225w, https:\/\/www.biavl.dk\/medlemmer\/wp-content\/uploads\/2016\/02\/sv\u00e6rmind.jpg 400w\" sizes=\"auto, (max-width: 225px) 100vw, 225px\" \/><\/p>\n<p><em>N\u00e5r biavleren har fanget en bisv\u00e6rm, skal den s\u00e6ttes ind i et nyt bistade. Det g\u00f8res ved at ryste sv\u00e6rmen ud foran bistadet, hvorefter bierne selv vandrer ind. Det er altid sp\u00e6ndende at se, hvordan bierne tager det nye bistade i brug. Foto Steen Knudsen.<\/em><\/p>\n<p>&nbsp;<\/p>\n<p>De fleste biavlere er villige til at hente en bisv\u00e6rm. Is\u00e6r hvis sv\u00e6rmen lige har sat sig i f.eks. et tr\u00e6. S\u00e5 er den forholdsvis nem at tage med. Er der derimod sv\u00e6rme som i l\u00e6ngere tid har siddet i murv\u00e6rk, under udh\u00e6ng osv. kan det for biavleren v\u00e6re yderst vanskeligt at komme til sv\u00e6rmen uden en masse besv\u00e6r.<\/p>\n<p><a href=\"http:\/\/winkas.net\/wkwebservices\/lister\/?wkid=7077&amp;liste=svaermfangere\" target=\"_blank\">Se\u00a0Danmarks Biavlerforenings sv\u00e6rmhenter-liste<\/a><\/p>\n","protected":false},"excerpt":{"rendered":"<p>N\u00e5r bierne i naturen skal formere sig, s\u00e5 sv\u00e6rmer de. Den gamle bidronning flyver afsted med halvdelen af sin familie. Den anden halvdel efterlades sammen med en ny dronning. I moderne biavl er sv\u00e6rmning en u\u00f8nsket egenskab, da en bifamilie som sv\u00e6rmer, stopper med at indsamle nektar. Den tilbageblevne del af bifamilien er sv\u00e6kket, og [&hellip;]<\/p>\n","protected":false},"author":1,"featured_media":0,"parent":230,"menu_order":4,"comment_status":"closed","ping_status":"closed","template":"","meta":{"_acf_changed":false,"footnotes":""},"class_list":["post-360","page","type-page","status-publish","hentry"],"acf":[],"aioseo_notices":[],"_links":{"self":[{"href":"https:\/\/www.biavl.dk\/medlemmer\/wp-json\/wp\/v2\/pages\/360","targetHints":{"allow":["GET"]}}],"collection":[{"href":"https:\/\/www.biavl.dk\/medlemmer\/wp-json\/wp\/v2\/pages"}],"about":[{"href":"https:\/\/www.biavl.dk\/medlemmer\/wp-json\/wp\/v2\/types\/page"}],"author":[{"embeddable":true,"href":"https:\/\/www.biavl.dk\/medlemmer\/wp-json\/wp\/v2\/users\/1"}],"replies":[{"embeddable":true,"href":"https:\/\/www.biavl.dk\/medlemmer\/wp-json\/wp\/v2\/comments?post=360"}],"version-history":[{"count":1,"href":"https:\/\/www.biavl.dk\/medlemmer\/wp-json\/wp\/v2\/pages\/360\/revisions"}],"predecessor-version":[{"id":8754,"href":"https:\/\/www.biavl.dk\/medlemmer\/wp-json\/wp\/v2\/pages\/360\/revisions\/8754"}],"up":[{"embeddable":true,"href":"https:\/\/www.biavl.dk\/medlemmer\/wp-json\/wp\/v2\/pages\/230"}],"wp:attachment":[{"href":"https:\/\/www.biavl.dk\/medlemmer\/wp-json\/wp\/v2\/media?parent=360"}],"curies":[{"name":"wp","href":"https:\/\/api.w.org\/{rel}","templated":true}]}}