{"id":432,"date":"2016-03-01T13:11:38","date_gmt":"2016-03-01T13:11:38","guid":{"rendered":"http:\/\/vonbulow.org\/medlemmer\/?page_id=432"},"modified":"2024-03-26T06:43:59","modified_gmt":"2024-03-26T06:43:59","slug":"dansk-honning","status":"publish","type":"page","link":"https:\/\/www.biavl.dk\/medlemmer\/dansk-honning\/","title":{"rendered":"DANSK HONNING"},"content":{"rendered":"<p>Honningetiketten fra Danmarks Biavlerforening er dansk honnings kvalitetsm\u00e6rke. Kun medlemmer, der har skrevet under p\u00e5 at overholde en r\u00e6kke kvalitetskrav, kan benytte den.<\/p>\n<p>I \u201dRibe Ret\u201d fra 1269 st\u00e5r der: &#8220;Hvis nogen findes med forfalsket honning, og denne ikke kan forsvare og rense sig, skal han have sit liv forbrudt, og honningen skal br\u00e6ndes og fort\u00e6res af ilden&#8221;.<\/p>\n<p>S\u00e5 galt g\u00e5r det ikke l\u00e6ngere. Men Danmarks Biavlerforening f\u00f8rer l\u00f8bende kontrol med medlemmernes honning. K\u00f8ber du honning med etiketten fra Danmarks Biavlerforening er du sikker p\u00e5 at f\u00e5 en god kvalitetshonning.<\/p>\n<p>For at f\u00e5 lov til at bruge honningetiketten, skal man v\u00e6re medlem af Danmarks Biavlerforening og have underskrevet en deklaration med en r\u00e6kke kvalitetskrav til produktet.<\/p>\n<p>Danmarks Biavlerforening f\u00e5r \u00e5rligt\u00a0udtaget tilf\u00e6ldige honningpr\u00f8ver. Disse pr\u00f8ver analyseres p\u00e5 laboratorier i Tyskland.<\/p>\n<p>&nbsp;<\/p>\n","protected":false},"excerpt":{"rendered":"<p>Honningetiketten fra Danmarks Biavlerforening er dansk honnings kvalitetsm\u00e6rke. Kun medlemmer, der har skrevet under p\u00e5 at overholde en r\u00e6kke kvalitetskrav, kan benytte den. I \u201dRibe Ret\u201d fra 1269 st\u00e5r der: &#8220;Hvis nogen findes med forfalsket honning, og denne ikke kan forsvare og rense sig, skal han have sit liv forbrudt, og honningen skal br\u00e6ndes og [&hellip;]<\/p>\n","protected":false},"author":1,"featured_media":0,"parent":0,"menu_order":20,"comment_status":"closed","ping_status":"closed","template":"page-artiklen.php","meta":{"_acf_changed":false,"footnotes":""},"class_list":["post-432","page","type-page","status-publish","hentry"],"acf":[],"aioseo_notices":[],"_links":{"self":[{"href":"https:\/\/www.biavl.dk\/medlemmer\/wp-json\/wp\/v2\/pages\/432","targetHints":{"allow":["GET"]}}],"collection":[{"href":"https:\/\/www.biavl.dk\/medlemmer\/wp-json\/wp\/v2\/pages"}],"about":[{"href":"https:\/\/www.biavl.dk\/medlemmer\/wp-json\/wp\/v2\/types\/page"}],"author":[{"embeddable":true,"href":"https:\/\/www.biavl.dk\/medlemmer\/wp-json\/wp\/v2\/users\/1"}],"replies":[{"embeddable":true,"href":"https:\/\/www.biavl.dk\/medlemmer\/wp-json\/wp\/v2\/comments?post=432"}],"version-history":[{"count":2,"href":"https:\/\/www.biavl.dk\/medlemmer\/wp-json\/wp\/v2\/pages\/432\/revisions"}],"predecessor-version":[{"id":173938,"href":"https:\/\/www.biavl.dk\/medlemmer\/wp-json\/wp\/v2\/pages\/432\/revisions\/173938"}],"wp:attachment":[{"href":"https:\/\/www.biavl.dk\/medlemmer\/wp-json\/wp\/v2\/media?parent=432"}],"curies":[{"name":"wp","href":"https:\/\/api.w.org\/{rel}","templated":true}]}}