{"id":440,"date":"2016-03-01T19:10:52","date_gmt":"2016-03-01T19:10:52","guid":{"rendered":"http:\/\/vonbulow.org\/medlemmer\/?page_id=440"},"modified":"2019-10-08T12:34:27","modified_gmt":"2019-10-08T12:34:27","slug":"honning-mod-hoste-og-daarlig-hals","status":"publish","type":"page","link":"https:\/\/www.biavl.dk\/medlemmer\/videnbank\/om-honning\/honning-mod-hoste-og-daarlig-hals\/","title":{"rendered":"HONNING MOD HOSTE OG D\u00c5RLIG HALS"},"content":{"rendered":"<p><strong>En amerikansk unders\u00f8gelse af\u00a0hostende b\u00f8rn viste at gav man dem en skefuld honning n\u00e5r de skulle sove, resulterede det i en bedre nattes\u00f8vn, end hvis de fik hostesaft.\u00a0<\/strong><\/p>\n<p>En amerikansk unders\u00f8gelse fra Penn State College of Medicine, viser honningens positive effekt p\u00e5 hostende b\u00f8rn i alderen 2-18 \u00e5r. Endda bedre end hostesaft.<\/p>\n<p>Unders\u00f8gelsen blev sat i v\u00e6rk fordi salget af hostesaft til b\u00f8rn var foruroligende stort. Hostesaft kan have bivirkninger. L\u00e6ger og forbrugerr\u00e5det havde l\u00e6nge haft mistanke til hostesaftens manglende dokumenterede effekt. Forbrugerstyrelsen var endda g\u00e5et s\u00e5 langt at man havde bedt l\u00e6gemiddelstyrelsen om at fjerne hostesaften fra salg i supermarkeder.<\/p>\n<p>Man brugte boghvedehonning i unders\u00f8gelsen. I alt deltog 105 hostende b\u00f8rn og unge i unders\u00f8gelsen. Det var en simpel, men effektiv unders\u00f8gelse. B\u00f8rnene blev delt op i tre grupper:<\/p>\n<ul>\n<li>Gruppe 1 fik: Hostesaft med kunstig honningsmag.<\/li>\n<li>Gruppe 2 fik: Honning.<\/li>\n<li>Gruppe 3 fik: Ikke nogen behandling.<\/li>\n<\/ul>\n<p>Fors\u00f8gspersonernes for\u00e6ldre skulle den efterf\u00f8lgende morgen beskrive, hvordan de havde oplevet natten. Det viste sig, at honning i alle unders\u00f8gelserne gav de bedste resultater. Honning gav en bedre s\u00f8vn og en mindre smertefuld hoste, samt en bedre s\u00f8vn til b\u00e5de for\u00e6ldre og b\u00f8rn.<\/p>\n","protected":false},"excerpt":{"rendered":"<p>En amerikansk unders\u00f8gelse af\u00a0hostende b\u00f8rn viste at gav man dem en skefuld honning n\u00e5r de skulle sove, resulterede det i en bedre nattes\u00f8vn, end hvis de fik hostesaft.\u00a0 En amerikansk unders\u00f8gelse fra Penn State College of Medicine, viser honningens positive effekt p\u00e5 hostende b\u00f8rn i alderen 2-18 \u00e5r. Endda bedre end hostesaft. Unders\u00f8gelsen blev sat [&hellip;]<\/p>\n","protected":false},"author":1,"featured_media":0,"parent":228,"menu_order":20,"comment_status":"closed","ping_status":"closed","template":"page-artiklen.php","meta":{"_acf_changed":false,"footnotes":""},"class_list":["post-440","page","type-page","status-publish","hentry"],"acf":[],"aioseo_notices":[],"_links":{"self":[{"href":"https:\/\/www.biavl.dk\/medlemmer\/wp-json\/wp\/v2\/pages\/440","targetHints":{"allow":["GET"]}}],"collection":[{"href":"https:\/\/www.biavl.dk\/medlemmer\/wp-json\/wp\/v2\/pages"}],"about":[{"href":"https:\/\/www.biavl.dk\/medlemmer\/wp-json\/wp\/v2\/types\/page"}],"author":[{"embeddable":true,"href":"https:\/\/www.biavl.dk\/medlemmer\/wp-json\/wp\/v2\/users\/1"}],"replies":[{"embeddable":true,"href":"https:\/\/www.biavl.dk\/medlemmer\/wp-json\/wp\/v2\/comments?post=440"}],"version-history":[{"count":2,"href":"https:\/\/www.biavl.dk\/medlemmer\/wp-json\/wp\/v2\/pages\/440\/revisions"}],"predecessor-version":[{"id":8769,"href":"https:\/\/www.biavl.dk\/medlemmer\/wp-json\/wp\/v2\/pages\/440\/revisions\/8769"}],"up":[{"embeddable":true,"href":"https:\/\/www.biavl.dk\/medlemmer\/wp-json\/wp\/v2\/pages\/228"}],"wp:attachment":[{"href":"https:\/\/www.biavl.dk\/medlemmer\/wp-json\/wp\/v2\/media?parent=440"}],"curies":[{"name":"wp","href":"https:\/\/api.w.org\/{rel}","templated":true}]}}