{"id":444,"date":"2016-03-01T19:46:14","date_gmt":"2016-03-01T19:46:14","guid":{"rendered":"http:\/\/vonbulow.org\/medlemmer\/?page_id=444"},"modified":"2019-10-08T12:16:43","modified_gmt":"2019-10-08T12:16:43","slug":"deklaration-for-brug-af-danmarks-biavlerforenings-etiketter","status":"publish","type":"page","link":"https:\/\/www.biavl.dk\/medlemmer\/videnbank\/maerkning-og-etiketter\/deklaration-for-brug-af-danmarks-biavlerforenings-etiketter\/","title":{"rendered":"DEKLARATION FOR BRUG AF DANMARKS BIAVLERFORENINGS ETIKETTER\u00a0"},"content":{"rendered":"<p><strong>Danmarks Biavlerforenings honningetiketter betyder honning af god kvalitet.\u00a0<\/strong><\/p>\n<p>Honning m\u00e6rket med Danmarks Biavlerforenings etiket er d\u00e6kket af foreningens til enhver tid g\u00e6ldende produktansvarsforsikring.<\/p>\n<p>For at bruge etiketten skal man v\u00e6re medlem af Danmarks Biavlerforening, samt have underskrevet en deklaration.<br \/>\nI reglerne for brug af Danmarks Biavlerforenings bom\u00e6rker, som er beskrevet i vedt\u00e6gternes \u00a79, st\u00e5r f\u00f8lgende:<\/p>\n<p>\u00a79. Danmarks Biavlerforenings f\u00e6llesm\u00e6rker<\/p>\n<ol>\n<li><strong>Registreret bom\u00e6rke:<\/strong> Foreningens registrerede bom\u00e6rke best\u00e5r af 3 bier i ring samt teksten \u201dDanmarks Biavlerforening siden 1866\u201d. Bestyrelsen afg\u00f8r dog hvori og i hvilken sammenh\u00e6ng bom\u00e6rket m\u00e5 anvendes.<\/li>\n<li><strong>Registreret etiket<\/strong>: Foreningens registrerede etiket er en honningetiket med det registrerede bom\u00e6rke. Etiketten m\u00e5 kun anvendes ved m\u00e6rkning af dansk honning af god kvalitet, der opfylder de g\u00e6ldende krav og normer for honning produceret i Danmark. Etiketten m\u00e5 kun anvendes med medlemmets navn og kontrolnummer p\u00e5trykt.<\/li>\n<li><strong>Retten til brug af f\u00e6llesm\u00e6rkerne:<\/strong> Retten til at bruge foreningens f\u00e6llesm\u00e6rker tilkommer kun medlemmer af Danmarks Biavlerforening. Brug og udlevering af f\u00e6llesm\u00e6rkerne ud over de almindelige retningslinjer, som er fastlagt af bestyrelsen, m\u00e5 kun finde sted efter ans\u00f8gning til bestyrelsen. Dennes accept eller afvisning skal altid foreligge skriftligt. Bestyrelsen fasts\u00e6tter en afgift for brugen af f\u00e6llesm\u00e6rkerne.<\/li>\n<li><strong>Anvendelse af medlemskab af Danmarks Biavlerforening ved markedsf\u00f8ring:<\/strong> Medlemskab af Danmarks Biavlerforening m\u00e5 ikke uden bestyrelsens skriftlige tilladelse anvendes til m\u00e6rkning af produkter. Bestyrelsen kan meddele denne tilladelse til medlemmer individuelt eller kollektivt.<\/li>\n<li><strong>Overtr\u00e6delse:<\/strong> Hvis der g\u00f8res indgreb mod m\u00e6rkernes eneret, kan et hvert medlem fordre, at foreningen g\u00f8r ansvar g\u00e6ldende mod overtr\u00e6deren, ligesom det p\u00e5hviler et hvert medlem, der f\u00e5r kendskab til noget overgreb, straks at anmelde dette til Danmarks Biavlerforening. Uberettiget anvendelse af medlemskabet ved markedsf\u00f8ring medf\u00f8rer en bod, hvis st\u00f8rrelse fasts\u00e6ttes af bestyrelsen.<\/li>\n<\/ol>\n<p>&nbsp;<\/p>\n<h2>Anvendelse af etiketter:<\/h2>\n<p>Etiketter udleveres kun i partier p\u00e5 hele hundrede og skal ved udleveringen fra Danmarks Biavlerforening v\u00e6re p\u00e5trykt biavlerens navn og adresse samt kontrolnummer. Etiketter m\u00e5 ikke i noget tilf\u00e6lde anvendes, n\u00e5r biavlerens navn og adresse (kontrolnummer) er fjernet, eller overlades til anden person, selv om vedkommende ogs\u00e5 er medlem af Danmarks Biavlerforening.<\/p>\n<p>Ved udtr\u00e6delse af Danmarks Biavlerforening skal alle endnu ikke benyttede etiketter destrueres eller tilbagesendes til Danmarks Biavlerforening uden godtg\u00f8relse for etiketter eller porto. Ved overtr\u00e6delse af de betingelser for brug af etiketten, der fremg\u00e5r af vedt\u00e6gterne for Danmarks Biavlerforening \u00a7 9 og af ovenst\u00e5ende deklaration er biavleren forpligtet til at betale en bod, som tilfalder Danmarks Biavlerforening, som anf\u00f8rt i foreningens vedt\u00e6gter.<\/p>\n<p>&nbsp;<\/p>\n<p><strong>ETIKETDEKLARATION<br \/>\n<\/strong>For at f\u00e5 lov til at bruge Danmark Biavlerforenings etiketter skal du som medlem underskrive en deklaration. N\u00e5r du har udfyldt deklarationen indsendes den til Danmarks Biavlerforening.<br \/>\nDeklarationen ligger p\u00e5 bishoppen, men kan ogs\u00e5 hentes her:\u00a0<a href=\"http:\/\/www.biavl.dk\/medlemmer\/wp-content\/uploads\/2016\/05\/deklaration_samlet_2015.pdf\" rel=\"\">deklaration<\/a><\/p>\n<p><img loading=\"lazy\" decoding=\"async\" width=\"209\" height=\"300\" class=\"alignnone size-medium wp-image-5160\" src=\"http:\/\/www.biavl.dk\/medlemmer\/wp-content\/uploads\/2016\/05\/deklaration_samlet_2015-209x300.jpg\" alt=\"deklaration_samlet_2015\" srcset=\"https:\/\/www.biavl.dk\/medlemmer\/wp-content\/uploads\/2016\/05\/deklaration_samlet_2015-209x300.jpg 209w, https:\/\/www.biavl.dk\/medlemmer\/wp-content\/uploads\/2016\/05\/deklaration_samlet_2015-768x1101.jpg 768w, https:\/\/www.biavl.dk\/medlemmer\/wp-content\/uploads\/2016\/05\/deklaration_samlet_2015-715x1024.jpg 715w, https:\/\/www.biavl.dk\/medlemmer\/wp-content\/uploads\/2016\/05\/deklaration_samlet_2015.jpg 1448w\" sizes=\"auto, (max-width: 209px) 100vw, 209px\" \/><\/p>\n","protected":false},"excerpt":{"rendered":"<p>Danmarks Biavlerforenings honningetiketter betyder honning af god kvalitet.\u00a0 Honning m\u00e6rket med Danmarks Biavlerforenings etiket er d\u00e6kket af foreningens til enhver tid g\u00e6ldende produktansvarsforsikring. For at bruge etiketten skal man v\u00e6re medlem af Danmarks Biavlerforening, samt have underskrevet en deklaration. I reglerne for brug af Danmarks Biavlerforenings bom\u00e6rker, som er beskrevet i vedt\u00e6gternes \u00a79, st\u00e5r f\u00f8lgende: [&hellip;]<\/p>\n","protected":false},"author":1,"featured_media":0,"parent":114390,"menu_order":2,"comment_status":"closed","ping_status":"closed","template":"","meta":{"_acf_changed":false,"footnotes":""},"class_list":["post-444","page","type-page","status-publish","hentry"],"acf":[],"aioseo_notices":[],"_links":{"self":[{"href":"https:\/\/www.biavl.dk\/medlemmer\/wp-json\/wp\/v2\/pages\/444","targetHints":{"allow":["GET"]}}],"collection":[{"href":"https:\/\/www.biavl.dk\/medlemmer\/wp-json\/wp\/v2\/pages"}],"about":[{"href":"https:\/\/www.biavl.dk\/medlemmer\/wp-json\/wp\/v2\/types\/page"}],"author":[{"embeddable":true,"href":"https:\/\/www.biavl.dk\/medlemmer\/wp-json\/wp\/v2\/users\/1"}],"replies":[{"embeddable":true,"href":"https:\/\/www.biavl.dk\/medlemmer\/wp-json\/wp\/v2\/comments?post=444"}],"version-history":[{"count":4,"href":"https:\/\/www.biavl.dk\/medlemmer\/wp-json\/wp\/v2\/pages\/444\/revisions"}],"predecessor-version":[{"id":114396,"href":"https:\/\/www.biavl.dk\/medlemmer\/wp-json\/wp\/v2\/pages\/444\/revisions\/114396"}],"up":[{"embeddable":true,"href":"https:\/\/www.biavl.dk\/medlemmer\/wp-json\/wp\/v2\/pages\/114390"}],"wp:attachment":[{"href":"https:\/\/www.biavl.dk\/medlemmer\/wp-json\/wp\/v2\/media?parent=444"}],"curies":[{"name":"wp","href":"https:\/\/api.w.org\/{rel}","templated":true}]}}