{"id":449,"date":"2016-03-01T20:09:09","date_gmt":"2016-03-01T20:09:09","guid":{"rendered":"http:\/\/vonbulow.org\/medlemmer\/?page_id=449"},"modified":"2019-10-08T12:08:16","modified_gmt":"2019-10-08T12:08:16","slug":"direkte-fra-biavleren-laagetiketten","status":"publish","type":"page","link":"https:\/\/www.biavl.dk\/medlemmer\/videnbank\/maerkning-og-etiketter\/direkte-fra-biavleren-laagetiketten\/","title":{"rendered":"DIREKTE FRA BIAVLEREN &#8211; L\u00c5GETIKETTEN"},"content":{"rendered":"<p><strong>Den bedste kvalitetshonning kendes p\u00e5 l\u00e5getiketten &#8220;Dansk honning &#8211; direkte fra biavleren&#8221;.\u00a0<\/strong><br \/>\nSe dig godt for, n\u00e5r du k\u00f8ber honning! Den bedste kvalitet kendes p\u00e5 l\u00e5getiketten &#8220;Dansk honning &#8211; direkte fra biavleren&#8221;. Danmarks Biavlerforenings etiketter er det sikre bevis p\u00e5 et sundt, dansk naturprodukt &#8211; fremstillet under kontrol med \u00e5rlige stikpr\u00f8ver og analyser p\u00e5 anerkendte laboratorier.<\/p>\n<p>Med Danmarks Biavlerforenings etiketter er du helt sikker p\u00e5 b\u00e5de honningens kvalitet og oprindelse. Se derfor altid efter kvalitetsm\u00e6rket, hvis du ikke blot vil k\u00f8be dansk, men ogs\u00e5 v\u00e6re sikker p\u00e5 h\u00f8jeste kvalitet. M\u00e6rket m\u00e5 kun benyttes af biavlere, der har underskrevet en s\u00e6rlig deklaration.<br \/>\nL\u00e5getiketten m\u00e5 kun bruges sammen med Danmarks Biavlerforenings honningetiket. L\u00e5getiketten er en yderligere stramning af produktionsm\u00e5de for honning. For at m\u00e5tte bruge l\u00e5getiketten skal der underskrives en deklaration, som garanterer nedenst\u00e5ende:<\/p>\n<ul>\n<li>Dansk honning direkte fra den danske flora.<\/li>\n<li>Den \u00e6gte vare direkte fra avlernes egne bier.<\/li>\n<li>Kontrolleret produktion uden pesticider.<\/li>\n<li>Ingen kunstig proces med opvarmning\/smeltning.<\/li>\n<li>Originalt produceret &#8211; slynget, siet, r\u00f8rt og tappet med omhu.<\/li>\n<\/ul>\n<p>&nbsp;<\/p>\n<p>S\u00e5dan kan du v\u00e6re sikker p\u00e5, at honningen bevarer den naturlige kvalitet, farve og mangfoldige smag.<\/p>\n<p>Din biavler &#8211; og Danmarks Biavlerforening &#8211; \u00f8nsker god appetit<\/p>\n","protected":false},"excerpt":{"rendered":"<p>Den bedste kvalitetshonning kendes p\u00e5 l\u00e5getiketten &#8220;Dansk honning &#8211; direkte fra biavleren&#8221;.\u00a0 Se dig godt for, n\u00e5r du k\u00f8ber honning! Den bedste kvalitet kendes p\u00e5 l\u00e5getiketten &#8220;Dansk honning &#8211; direkte fra biavleren&#8221;. Danmarks Biavlerforenings etiketter er det sikre bevis p\u00e5 et sundt, dansk naturprodukt &#8211; fremstillet under kontrol med \u00e5rlige stikpr\u00f8ver og analyser p\u00e5 anerkendte [&hellip;]<\/p>\n","protected":false},"author":1,"featured_media":0,"parent":114390,"menu_order":4,"comment_status":"closed","ping_status":"closed","template":"page-artiklen.php","meta":{"_acf_changed":false,"footnotes":""},"class_list":["post-449","page","type-page","status-publish","hentry"],"acf":[],"aioseo_notices":[],"_links":{"self":[{"href":"https:\/\/www.biavl.dk\/medlemmer\/wp-json\/wp\/v2\/pages\/449","targetHints":{"allow":["GET"]}}],"collection":[{"href":"https:\/\/www.biavl.dk\/medlemmer\/wp-json\/wp\/v2\/pages"}],"about":[{"href":"https:\/\/www.biavl.dk\/medlemmer\/wp-json\/wp\/v2\/types\/page"}],"author":[{"embeddable":true,"href":"https:\/\/www.biavl.dk\/medlemmer\/wp-json\/wp\/v2\/users\/1"}],"replies":[{"embeddable":true,"href":"https:\/\/www.biavl.dk\/medlemmer\/wp-json\/wp\/v2\/comments?post=449"}],"version-history":[{"count":1,"href":"https:\/\/www.biavl.dk\/medlemmer\/wp-json\/wp\/v2\/pages\/449\/revisions"}],"predecessor-version":[{"id":8744,"href":"https:\/\/www.biavl.dk\/medlemmer\/wp-json\/wp\/v2\/pages\/449\/revisions\/8744"}],"up":[{"embeddable":true,"href":"https:\/\/www.biavl.dk\/medlemmer\/wp-json\/wp\/v2\/pages\/114390"}],"wp:attachment":[{"href":"https:\/\/www.biavl.dk\/medlemmer\/wp-json\/wp\/v2\/media?parent=449"}],"curies":[{"name":"wp","href":"https:\/\/api.w.org\/{rel}","templated":true}]}}