{"id":5028,"date":"2016-05-17T10:37:30","date_gmt":"2016-05-17T10:37:30","guid":{"rendered":"http:\/\/vonbulow.org\/medlemmer\/?page_id=5028"},"modified":"2024-07-05T11:11:59","modified_gmt":"2024-07-05T11:11:59","slug":"svaermhentere","status":"publish","type":"page","link":"https:\/\/www.biavl.dk\/medlemmer\/videnbank\/bisvaerm\/svaermhentere\/","title":{"rendered":"SV\u00c6RMHENTERE"},"content":{"rendered":"<p><img loading=\"lazy\" decoding=\"async\" width=\"175\" height=\"300\" class=\"alignnone size-medium wp-image-5029\" src=\"http:\/\/www.biavl.dk\/medlemmer\/wp-content\/uploads\/2016\/05\/BISVAERM1-175x300.png\" alt=\"BISVAERM1\" srcset=\"https:\/\/www.biavl.dk\/medlemmer\/wp-content\/uploads\/2016\/05\/BISVAERM1-175x300.png 175w, https:\/\/www.biavl.dk\/medlemmer\/wp-content\/uploads\/2016\/05\/BISVAERM1.png 522w\" sizes=\"auto, (max-width: 175px) 100vw, 175px\" \/><\/p>\n<p>Sv\u00e6rmhenterlisten ligger nu online p\u00e5 biavl.dk. Denne liste er vores vigtigste liste i forhold til offentligheden, hvor vi som biavlere tilbyder at hente bisv\u00e6rme. Kontroller, om du er med p\u00e5 listen, og om de opgivne oplysninger stemmer.<\/p>\n<p>Det er nemt at til- og afmelde sig listen. Du skal blot g\u00e5 ind p\u00e5 \u201dMin side\u201d, logge dig ind og krydse dig til eller fra listen. Vi godkender normalt dine rettelser p\u00e5 den f\u00f8rste efterf\u00f8lgende arbejdsdag. Hvis du ikke kan huske dine adgangskoder, kan du nemt g\u00e5 til login-siden og klikke p\u00e5 GLEMT LOGIN, s\u00e5 vil du modtage dine adgangskoder pr. mail i l\u00f8bet af f\u00e5 minutter, s\u00e5fremt vi i vores medlemskartotek har din mailadresse liggende. Kommer der ikke nogle koder til dig, kan du skrive til <a href=\"mailto:dansk@biavl.dk\">dansk@biavl.dk<\/a> og oplyse din mailadresse, hvorefter vi registrere denne i vores medlemsdatabase. Herefter kan du selv rekvirere dine adgangskoder.<\/p>\n<p>Du finder sv\u00e6rmhenterlisten <a href=\"http:\/\/www.vi-elsker-honning.dk\/om-honning-og-bier\/vis-honning-bi\/?id=352\">her<\/a><\/p>\n","protected":false},"excerpt":{"rendered":"<p>Sv\u00e6rmhenterlisten ligger nu online p\u00e5 biavl.dk. Denne liste er vores vigtigste liste i forhold til offentligheden, hvor vi som biavlere tilbyder at hente bisv\u00e6rme. Kontroller, om du er med p\u00e5 listen, og om de opgivne oplysninger stemmer. Det er nemt at til- og afmelde sig listen. Du skal blot g\u00e5 ind p\u00e5 \u201dMin side\u201d, logge [&hellip;]<\/p>\n","protected":false},"author":1,"featured_media":0,"parent":5020,"menu_order":3,"comment_status":"closed","ping_status":"closed","template":"","meta":{"_acf_changed":false,"footnotes":""},"class_list":["post-5028","page","type-page","status-publish","hentry"],"acf":[],"aioseo_notices":[],"_links":{"self":[{"href":"https:\/\/www.biavl.dk\/medlemmer\/wp-json\/wp\/v2\/pages\/5028","targetHints":{"allow":["GET"]}}],"collection":[{"href":"https:\/\/www.biavl.dk\/medlemmer\/wp-json\/wp\/v2\/pages"}],"about":[{"href":"https:\/\/www.biavl.dk\/medlemmer\/wp-json\/wp\/v2\/types\/page"}],"author":[{"embeddable":true,"href":"https:\/\/www.biavl.dk\/medlemmer\/wp-json\/wp\/v2\/users\/1"}],"replies":[{"embeddable":true,"href":"https:\/\/www.biavl.dk\/medlemmer\/wp-json\/wp\/v2\/comments?post=5028"}],"version-history":[{"count":8,"href":"https:\/\/www.biavl.dk\/medlemmer\/wp-json\/wp\/v2\/pages\/5028\/revisions"}],"predecessor-version":[{"id":272452,"href":"https:\/\/www.biavl.dk\/medlemmer\/wp-json\/wp\/v2\/pages\/5028\/revisions\/272452"}],"up":[{"embeddable":true,"href":"https:\/\/www.biavl.dk\/medlemmer\/wp-json\/wp\/v2\/pages\/5020"}],"wp:attachment":[{"href":"https:\/\/www.biavl.dk\/medlemmer\/wp-json\/wp\/v2\/media?parent=5028"}],"curies":[{"name":"wp","href":"https:\/\/api.w.org\/{rel}","templated":true}]}}