{"id":5033,"date":"2016-05-17T10:43:57","date_gmt":"2016-05-17T10:43:57","guid":{"rendered":"http:\/\/vonbulow.org\/medlemmer\/?page_id=5033"},"modified":"2019-08-15T09:53:16","modified_gmt":"2019-08-15T09:53:16","slug":"den-naturlige-svaerm","status":"publish","type":"page","link":"https:\/\/www.biavl.dk\/medlemmer\/videnbank\/bisvaerm\/den-naturlige-svaerm\/","title":{"rendered":"DEN NATURLIGE SV\u00c6RM"},"content":{"rendered":"<p>Observationsstade med den naturlige sv\u00e6rm<\/p>\n<p><img loading=\"lazy\" decoding=\"async\" width=\"300\" height=\"298\" class=\"alignnone size-medium wp-image-5034\" src=\"http:\/\/www.biavl.dk\/medlemmer\/wp-content\/uploads\/2016\/05\/BISVAERM2-300x298.png\" alt=\"BISVAERM2\" srcset=\"https:\/\/www.biavl.dk\/medlemmer\/wp-content\/uploads\/2016\/05\/BISVAERM2-300x298.png 300w, https:\/\/www.biavl.dk\/medlemmer\/wp-content\/uploads\/2016\/05\/BISVAERM2-150x150.png 150w, https:\/\/www.biavl.dk\/medlemmer\/wp-content\/uploads\/2016\/05\/BISVAERM2.png 377w\" sizes=\"auto, (max-width: 300px) 100vw, 300px\" \/><\/p>\n<p>Under et bes\u00f8g i Kiev i Ukraine bes\u00f8gte jeg biavlsinstituttet i byen. Der er stort biavlsmuseum, som bestemt er et bes\u00f8g v\u00e6rd. Uden for museet er der bygget en &#8220;glaskasse&#8221; omkring en &#8220;naturlig&#8221; bisv\u00e6rm. Sv\u00e6rmen har overlevet p\u00e5 stedet nu i 4 \u00e5r og ser ud til at trives fint.<\/p>\n<p><img loading=\"lazy\" decoding=\"async\" width=\"300\" height=\"225\" class=\"alignnone size-medium wp-image-5035\" src=\"http:\/\/www.biavl.dk\/medlemmer\/wp-content\/uploads\/2016\/05\/BISVAERM3-300x225.png\" alt=\"BISVAERM3\" srcset=\"https:\/\/www.biavl.dk\/medlemmer\/wp-content\/uploads\/2016\/05\/BISVAERM3-300x225.png 300w, https:\/\/www.biavl.dk\/medlemmer\/wp-content\/uploads\/2016\/05\/BISVAERM3.png 377w\" sizes=\"auto, (max-width: 300px) 100vw, 300px\" \/><\/p>\n<p>Om sommeren er den ene side taget ud af kassen, mens \u00e5bningen indskr\u00e6nkes om vinteren, der kan v\u00e6re meget h\u00e5rd i Ukraine. Desv\u00e6rre var der ikke tid til at f\u00e5 oplysninger om pasning, varroabek\u00e6mpelse og andre detaljer.<\/p>\n<p><img loading=\"lazy\" decoding=\"async\" width=\"300\" height=\"226\" class=\"alignnone size-medium wp-image-5036\" src=\"http:\/\/www.biavl.dk\/medlemmer\/wp-content\/uploads\/2016\/05\/BISVAERM4-300x226.png\" alt=\"BISVAERM4\" srcset=\"https:\/\/www.biavl.dk\/medlemmer\/wp-content\/uploads\/2016\/05\/BISVAERM4-300x226.png 300w, https:\/\/www.biavl.dk\/medlemmer\/wp-content\/uploads\/2016\/05\/BISVAERM4.png 387w\" sizes=\"auto, (max-width: 300px) 100vw, 300px\" \/><\/p>\n<p>Ideen er hermed givet videre til skolebig\u00e5rde i Danmark til afpr\u00f8vning n\u00e6ste sommer.<\/p>\n<p>&nbsp;<\/p>\n<p>Museet indeholder blandt meget andet et afsnit om Prokopovits, som opfandt den bev\u00e6gelige tavlebygning med rammer i 1809 eller 1814.<i><\/i><\/p>\n<p><img loading=\"lazy\" decoding=\"async\" width=\"300\" height=\"226\" class=\"alignnone size-medium wp-image-5037\" src=\"http:\/\/www.biavl.dk\/medlemmer\/wp-content\/uploads\/2016\/05\/BISVAERM5-300x226.png\" alt=\"BISVAERM5\" srcset=\"https:\/\/www.biavl.dk\/medlemmer\/wp-content\/uploads\/2016\/05\/BISVAERM5-300x226.png 300w, https:\/\/www.biavl.dk\/medlemmer\/wp-content\/uploads\/2016\/05\/BISVAERM5.png 371w\" sizes=\"auto, (max-width: 300px) 100vw, 300px\" \/><\/p>\n<p>Han brugte ogs\u00e5 &#8220;dronninggitter&#8221; i sit stade.<\/p>\n<p><img loading=\"lazy\" decoding=\"async\" width=\"225\" height=\"300\" class=\"alignnone size-medium wp-image-5038\" src=\"http:\/\/www.biavl.dk\/medlemmer\/wp-content\/uploads\/2016\/05\/BISVAERM6-225x300.png\" alt=\"BISVAERM6\" srcset=\"https:\/\/www.biavl.dk\/medlemmer\/wp-content\/uploads\/2016\/05\/BISVAERM6-225x300.png 225w, https:\/\/www.biavl.dk\/medlemmer\/wp-content\/uploads\/2016\/05\/BISVAERM6.png 359w\" sizes=\"auto, (max-width: 225px) 100vw, 225px\" \/><\/p>\n<p>&nbsp;<\/p>\n<p><em> Asger S\u00f8gaard J\u00f8rgensen<\/em><\/p>\n<p>&nbsp;<\/p>\n","protected":false},"excerpt":{"rendered":"<p>Observationsstade med den naturlige sv\u00e6rm Under et bes\u00f8g i Kiev i Ukraine bes\u00f8gte jeg biavlsinstituttet i byen. Der er stort biavlsmuseum, som bestemt er et bes\u00f8g v\u00e6rd. Uden for museet er der bygget en &#8220;glaskasse&#8221; omkring en &#8220;naturlig&#8221; bisv\u00e6rm. Sv\u00e6rmen har overlevet p\u00e5 stedet nu i 4 \u00e5r og ser ud til at trives fint. [&hellip;]<\/p>\n","protected":false},"author":1,"featured_media":0,"parent":5020,"menu_order":3,"comment_status":"closed","ping_status":"closed","template":"page-artiklen.php","meta":{"_acf_changed":false,"footnotes":""},"class_list":["post-5033","page","type-page","status-publish","hentry"],"acf":[],"aioseo_notices":[],"_links":{"self":[{"href":"https:\/\/www.biavl.dk\/medlemmer\/wp-json\/wp\/v2\/pages\/5033","targetHints":{"allow":["GET"]}}],"collection":[{"href":"https:\/\/www.biavl.dk\/medlemmer\/wp-json\/wp\/v2\/pages"}],"about":[{"href":"https:\/\/www.biavl.dk\/medlemmer\/wp-json\/wp\/v2\/types\/page"}],"author":[{"embeddable":true,"href":"https:\/\/www.biavl.dk\/medlemmer\/wp-json\/wp\/v2\/users\/1"}],"replies":[{"embeddable":true,"href":"https:\/\/www.biavl.dk\/medlemmer\/wp-json\/wp\/v2\/comments?post=5033"}],"version-history":[{"count":4,"href":"https:\/\/www.biavl.dk\/medlemmer\/wp-json\/wp\/v2\/pages\/5033\/revisions"}],"predecessor-version":[{"id":109527,"href":"https:\/\/www.biavl.dk\/medlemmer\/wp-json\/wp\/v2\/pages\/5033\/revisions\/109527"}],"up":[{"embeddable":true,"href":"https:\/\/www.biavl.dk\/medlemmer\/wp-json\/wp\/v2\/pages\/5020"}],"wp:attachment":[{"href":"https:\/\/www.biavl.dk\/medlemmer\/wp-json\/wp\/v2\/media?parent=5033"}],"curies":[{"name":"wp","href":"https:\/\/api.w.org\/{rel}","templated":true}]}}