{"id":5060,"date":"2016-05-17T11:39:15","date_gmt":"2016-05-17T11:39:15","guid":{"rendered":"http:\/\/vonbulow.org\/medlemmer\/?page_id=5060"},"modified":"2016-06-22T09:02:45","modified_gmt":"2016-06-22T09:02:45","slug":"test-af-brugsdronninger-2016","status":"publish","type":"page","link":"https:\/\/www.biavl.dk\/medlemmer\/videnbank\/dronningeavl\/test-af-brugsdronninger-2016\/","title":{"rendered":"TEST AF BRUGSDRONNINGER 2016"},"content":{"rendered":"<p><img loading=\"lazy\" decoding=\"async\" width=\"300\" height=\"222\" class=\"alignnone size-medium wp-image-5061\" src=\"http:\/\/www.biavl.dk\/medlemmer\/wp-content\/uploads\/2016\/05\/BRUGSDRONNINGER-300x222.png\" alt=\"BRUGSDRONNINGER\" srcset=\"https:\/\/www.biavl.dk\/medlemmer\/wp-content\/uploads\/2016\/05\/BRUGSDRONNINGER-300x222.png 300w, https:\/\/www.biavl.dk\/medlemmer\/wp-content\/uploads\/2016\/05\/BRUGSDRONNINGER.png 704w\" sizes=\"auto, (max-width: 300px) 100vw, 300px\" \/><\/p>\n<p>Test af brugsdronninger er et tilbud til danske dronningeavlere om at f\u00e5 testet de dronninger, som de udbyder til salg. Testen sker hos Danmarks Biavlerforenings testpanel, som best\u00e5r af 10 dygtige biavlere, der i l\u00f8bet af s\u00e6sonen udtager pr\u00f8ver og tester biernes brugsegenskaber. Prisen for at deltage er 600 kr. Dronningeavleren skal indsende 10 testdronninger p\u00e5 et aftalt tidspunkt (se nedenfor).<\/p>\n<p><strong>Sygdomstolerance projektet<\/strong>\u00a0er et projekt, hvor danske dronningeavlere tester deres potentielle avlsdronninger\/linjer for evnen til at udrense d\u00f8d yngel. Dette projekt koordineres s\u00e5ledes, at de deltagende dronningeavlere udf\u00f8rer test p\u00e5 samme tidspunkt hvert \u00e5r. En konsulent fra Danmarks Biavlerforening kommer og bed\u00f8mmer udrensningen sammen med dronningeavleren, s\u00e5ledes at der sker en ensartet bed\u00f8mmelse. Denne test laves for at h\u00f8jne danske honningbiers evne til at modst\u00e5 sygdomme.<br \/>\nI maj nummeret af Tidsskrift for Biavl i fors\u00f8gsrapporten offentligg\u00f8res hvert \u00e5r resultaterne af unders\u00f8gelsen.<\/p>\n<p><strong>TEST AF BRUGSDRONNINGER<\/strong><br \/>\nDronninger til \u201dTest af brugsdronninger\u201d indsendes til DBF\u2019s kontor i Sor\u00f8 mandag den 11. juli, og modtages af testbig\u00e5rdsv\u00e6rterne onsdag den 13. juli. Senest den 25. juli melder testbig\u00e5rdsv\u00e6rterne tilbage om eventuelle dronninger der er g\u00e5et til ved tils\u00e6tningen.<\/p>\n<p><strong>UDRENSNINGSTEST FOR SYGDOMSTOLERANCEPROJEKTET<\/strong><br \/>\nUdrensningstesten udf\u00f8res i uge 21. Udgangspunktet er at den frysedr\u00e6bte yngel inds\u00e6ttes i testfamilierne mandag den 23. maj. Og at DBF kommer og laver kontrol af udrensningen onsdag den 25. maj. Men ved mange tilmeldte deltagere kan testen forskubbes med en dag. Vi aftaler n\u00e6rmere, n\u00e5r vi har f\u00e5et alle tilmeldinger ind.<\/p>\n","protected":false},"excerpt":{"rendered":"<p>Test af brugsdronninger er et tilbud til danske dronningeavlere om at f\u00e5 testet de dronninger, som de udbyder til salg. Testen sker hos Danmarks Biavlerforenings testpanel, som best\u00e5r af 10 dygtige biavlere, der i l\u00f8bet af s\u00e6sonen udtager pr\u00f8ver og tester biernes brugsegenskaber. Prisen for at deltage er 600 kr. Dronningeavleren skal indsende 10 testdronninger [&hellip;]<\/p>\n","protected":false},"author":1,"featured_media":0,"parent":5040,"menu_order":3,"comment_status":"closed","ping_status":"closed","template":"","meta":{"_acf_changed":false,"footnotes":""},"class_list":["post-5060","page","type-page","status-publish","hentry"],"acf":[],"aioseo_notices":[],"_links":{"self":[{"href":"https:\/\/www.biavl.dk\/medlemmer\/wp-json\/wp\/v2\/pages\/5060","targetHints":{"allow":["GET"]}}],"collection":[{"href":"https:\/\/www.biavl.dk\/medlemmer\/wp-json\/wp\/v2\/pages"}],"about":[{"href":"https:\/\/www.biavl.dk\/medlemmer\/wp-json\/wp\/v2\/types\/page"}],"author":[{"embeddable":true,"href":"https:\/\/www.biavl.dk\/medlemmer\/wp-json\/wp\/v2\/users\/1"}],"replies":[{"embeddable":true,"href":"https:\/\/www.biavl.dk\/medlemmer\/wp-json\/wp\/v2\/comments?post=5060"}],"version-history":[{"count":1,"href":"https:\/\/www.biavl.dk\/medlemmer\/wp-json\/wp\/v2\/pages\/5060\/revisions"}],"predecessor-version":[{"id":8727,"href":"https:\/\/www.biavl.dk\/medlemmer\/wp-json\/wp\/v2\/pages\/5060\/revisions\/8727"}],"up":[{"embeddable":true,"href":"https:\/\/www.biavl.dk\/medlemmer\/wp-json\/wp\/v2\/pages\/5040"}],"wp:attachment":[{"href":"https:\/\/www.biavl.dk\/medlemmer\/wp-json\/wp\/v2\/media?parent=5060"}],"curies":[{"name":"wp","href":"https:\/\/api.w.org\/{rel}","templated":true}]}}