{"id":5067,"date":"2016-05-17T11:44:40","date_gmt":"2016-05-17T11:44:40","guid":{"rendered":"http:\/\/vonbulow.org\/medlemmer\/?page_id=5067"},"modified":"2016-06-22T08:48:10","modified_gmt":"2016-06-22T08:48:10","slug":"godkendte-renparringsstationer-i-danmark","status":"publish","type":"page","link":"https:\/\/www.biavl.dk\/medlemmer\/videnbank\/dronningeavl\/godkendte-renparringsstationer-i-danmark\/","title":{"rendered":"GODKENDTE RENPARRINGSSTATIONER I DANMARK"},"content":{"rendered":"<p>Dansk dronningeavl er kendt for sin h\u00f8je kvalitet, og her spiller renparringsstationerne en vigtig rolle. P\u00e5 stationerne er renavl af udvalgte linjer af honningbier nemlig muligt. Men for at kunne sikre renavlen, er det n\u00f8dvendigt med et s\u00e6t regler; disse regler er fastsat i \u201dBekendtg\u00f8relse om godkendte parringsomr\u00e5der for honningbier\u201d.<\/p>\n<p>For at sikre det genetiske materiale i avlen, m\u00e5 ingen indf\u00f8re bier til de godkendte renparringsomr\u00e5der. Biavlere, der i forvejen har bier i parringsomr\u00e5det n\u00e5r en parringsstation etableres, skal acceptere at bruge den samme dronningeafstamning. Stationslederen kan\u00a0give tilladelse til, at der indf\u00f8res parrekassetter til omr\u00e5det.<\/p>\n<p>Det er NaturErhvervstyrelsen som godkender renparringsomr\u00e5derne, og du kan altid finde oversigtskort og kontaktoplysninger til stationslederne p\u00e5 Det Centrale Big\u00e5rdsregister (du beh\u00f8ver ikke v\u00e6re oprettet i registret for at se kortet).<\/p>\n<p>Du finder kort over renparringsstationernes placering p\u00e5 <a href=\"https:\/\/cbr.pdir.dk\/\">www.cbr.pdir.dk<\/a><\/p>\n","protected":false},"excerpt":{"rendered":"<p>Dansk dronningeavl er kendt for sin h\u00f8je kvalitet, og her spiller renparringsstationerne en vigtig rolle. P\u00e5 stationerne er renavl af udvalgte linjer af honningbier nemlig muligt. Men for at kunne sikre renavlen, er det n\u00f8dvendigt med et s\u00e6t regler; disse regler er fastsat i \u201dBekendtg\u00f8relse om godkendte parringsomr\u00e5der for honningbier\u201d. For at sikre det genetiske [&hellip;]<\/p>\n","protected":false},"author":1,"featured_media":0,"parent":5040,"menu_order":3,"comment_status":"closed","ping_status":"closed","template":"page-artiklen.php","meta":{"_acf_changed":false,"footnotes":""},"class_list":["post-5067","page","type-page","status-publish","hentry"],"acf":[],"aioseo_notices":[],"_links":{"self":[{"href":"https:\/\/www.biavl.dk\/medlemmer\/wp-json\/wp\/v2\/pages\/5067","targetHints":{"allow":["GET"]}}],"collection":[{"href":"https:\/\/www.biavl.dk\/medlemmer\/wp-json\/wp\/v2\/pages"}],"about":[{"href":"https:\/\/www.biavl.dk\/medlemmer\/wp-json\/wp\/v2\/types\/page"}],"author":[{"embeddable":true,"href":"https:\/\/www.biavl.dk\/medlemmer\/wp-json\/wp\/v2\/users\/1"}],"replies":[{"embeddable":true,"href":"https:\/\/www.biavl.dk\/medlemmer\/wp-json\/wp\/v2\/comments?post=5067"}],"version-history":[{"count":1,"href":"https:\/\/www.biavl.dk\/medlemmer\/wp-json\/wp\/v2\/pages\/5067\/revisions"}],"predecessor-version":[{"id":8723,"href":"https:\/\/www.biavl.dk\/medlemmer\/wp-json\/wp\/v2\/pages\/5067\/revisions\/8723"}],"up":[{"embeddable":true,"href":"https:\/\/www.biavl.dk\/medlemmer\/wp-json\/wp\/v2\/pages\/5040"}],"wp:attachment":[{"href":"https:\/\/www.biavl.dk\/medlemmer\/wp-json\/wp\/v2\/media?parent=5067"}],"curies":[{"name":"wp","href":"https:\/\/api.w.org\/{rel}","templated":true}]}}