{"id":5072,"date":"2016-05-17T11:58:23","date_gmt":"2016-05-17T11:58:23","guid":{"rendered":"http:\/\/vonbulow.org\/medlemmer\/?page_id=5072"},"modified":"2016-06-22T09:15:09","modified_gmt":"2016-06-22T09:15:09","slug":"vejledning-til-test-af-brugsdronninger","status":"publish","type":"page","link":"https:\/\/www.biavl.dk\/medlemmer\/videnbank\/dronningeavl\/vejledning-til-test-af-brugsdronninger\/","title":{"rendered":"VEJLEDNING TIL TEST AF BRUGSDRONNINGER"},"content":{"rendered":"<p>Denne vejledning til testbig\u00e5rdsv\u00e6rterne er skrevet p\u00e5 baggrund af de seneste \u00e5rs fors\u00f8g med test af brugsdronninger og erstatter tidligere vejledninger. Vejledningen er skrevet for at give v\u00e6rterne nogle retningslinjer og et indtryk af, hvad der forventes af dem, s\u00e5ledes at testen kommer til at foreg\u00e5 s\u00e5 ensartet som muligt.<\/p>\n<p>Form\u00e5let med fors\u00f8gene er at afpr\u00f8ve de friparrede dronninger, som avlerne udbyder til salg. Denne afpr\u00f8vning skal foretages under s\u00e5 ensartede betingelser som muligt. P\u00e5 den m\u00e5de f\u00e5r hver dronning de samme muligheder for at vise sin form\u00e5en. Biernes brugsegenskab og sundhed er sammen med honningudbyttet de vigtigste oplysninger, der skal komme ud af denne test.<\/p>\n<p><img loading=\"lazy\" decoding=\"async\" width=\"300\" height=\"225\" class=\"alignnone size-medium wp-image-5073\" src=\"http:\/\/www.biavl.dk\/medlemmer\/wp-content\/uploads\/2016\/05\/DSC00278-300x225.jpg\" alt=\"DSC00278\" srcset=\"https:\/\/www.biavl.dk\/medlemmer\/wp-content\/uploads\/2016\/05\/DSC00278-300x225.jpg 300w, https:\/\/www.biavl.dk\/medlemmer\/wp-content\/uploads\/2016\/05\/DSC00278-768x576.jpg 768w, https:\/\/www.biavl.dk\/medlemmer\/wp-content\/uploads\/2016\/05\/DSC00278-1024x768.jpg 1024w\" sizes=\"auto, (max-width: 300px) 100vw, 300px\" \/><\/p>\n<p><strong>MODTAGELSE AF DRONNINGER<br \/>\n<\/strong>N\u00e5r dronningerne modtages i forsendelsesbure, b\u00f8r de straks efter modtagelsen have vand og stilles i skygge ved maks. 20 grader. De b\u00f8r i l\u00f8bet af det f\u00f8rste d\u00f8gn tils\u00e6ttes til afl\u00e6ggerne. Der kan undtagelsesvis skiftes f\u00f8lgebier ved at tils\u00e6tte dronningerne til nye forsendelsesbure med friske f\u00f8lgebier. Modtagelsen af dronningerne sker normalt i uge 28.<\/p>\n<p><strong>ETABLERING AF AFL\u00c6GGER OG INDF\u00d8RING AF DRONNINGER 1:<br \/>\n<\/strong>Dronningen testes i en ny familie, der laves som en afl\u00e6gger. Denne laves af 2 tavler krybeklar, forseglet yngel, 1 pollentavle, 1 fodertavle, 2 kunsttavler. Alle tavler med p\u00e5siddende bier. Desuden rystes der bier i afl\u00e6ggeren fra 3 tavler med \u00e5ben yngel. Der fodres med Apifonda, s\u00e5ledes at dronningen kommer, og forbliver, i god \u00e6gl\u00e6gning<\/p>\n<p><strong>ETABLERING AF AFL\u00c6GGER OG INDF\u00d8RING AF DRONNINGER 2:<br \/>\n<\/strong>*\u00a0 Dronningerne indf\u00f8res i sm\u00e5 afl\u00e6ggere, eksempelvis 1 ramme forseglet yngel, fodertavle + det n\u00f8dvendige tilskud af bier, gerne i 6 rammers kasser.<\/p>\n<p>*\u00a0 Alternativt etableres afl\u00e6ggerne i fejesv\u00e6rme, da de s\u00e5 kan renses for varroa.<\/p>\n<p>Testbig\u00e5rden med produktionsfamilierne, som skal modtage testdronningerne senere, h\u00f8stes og varroabehandles normalt. Samtidig med at varroabehandlingen afsluttes, indf\u00f8res de tidligere dannede afl\u00e6ggere i familierne. Foreningen b\u00f8r af hensyn til for\u00e5rets nosemapr\u00f8ve ske inden 1. september.<\/p>\n<p>P\u00e5 den m\u00e5de f\u00e5r alle dronninger lige og gode vilk\u00e5r i store familier. Hvis foreningen sker tidligt, vil langt den overvejende del af bierne v\u00e6re afkom efter den nye dronning<\/p>\n<p><strong>VALG AF METODE<br \/>\n<\/strong>Testv\u00e6rten v\u00e6lger selv, hvilken af metoderne for \u201eEtablering af afl\u00e6gger og indf\u00f8ring af dronninger\u201c, han vil bruge.<\/p>\n<p>Han bruger den valgte metode til ALLE sine testfamilier. Uanset metodevalg er det vigtigt, at testv\u00e6rten sikrer, at alle familier indvintres som fuldgode familier.<\/p>\n<p><strong>INDF\u00d8RING AF DRONNINGEN<br \/>\n<\/strong>Det er meget vigtigt for testen, at der ikke mistes dronninger ved indf\u00f8ringen. Hvis det alligevel sker, skal der straks rettes henvendelse til konsulenterne, som vil fors\u00f8ge at fremskaffe en erstatningsdronning. En afl\u00e6gger der kommer til at st\u00e5 en uge eller mere uden dronning, er i princippet tabt. Den er vanskelig at f\u00e5 startet en ny dronning i. Sl\u00e5 den sammen med en anden familie og start en ny st\u00e6rk afl\u00e6gger.<\/p>\n<p><img loading=\"lazy\" decoding=\"async\" width=\"300\" height=\"225\" class=\"alignnone size-medium wp-image-5041\" src=\"http:\/\/www.biavl.dk\/medlemmer\/wp-content\/uploads\/2016\/05\/DSC00389-300x225.jpg\" alt=\"DSC00389\" srcset=\"https:\/\/www.biavl.dk\/medlemmer\/wp-content\/uploads\/2016\/05\/DSC00389-300x225.jpg 300w, https:\/\/www.biavl.dk\/medlemmer\/wp-content\/uploads\/2016\/05\/DSC00389-768x576.jpg 768w, https:\/\/www.biavl.dk\/medlemmer\/wp-content\/uploads\/2016\/05\/DSC00389-1024x768.jpg 1024w\" sizes=\"auto, (max-width: 300px) 100vw, 300px\" \/><\/p>\n<p><strong>INDRETNING AF BIG\u00c5RDEN<br \/>\n<\/strong>Placeringen af testbig\u00e5rden b\u00f8r v\u00e6lges s\u00e5 big\u00e5rden kun undtagelsesvis flyttes. Hvis man \u00f8nsker at vandre med testbig\u00e5rden, flyttes hele big\u00e5rden for at sikre ens vilk\u00e5r for alle dronninger.\u00a0 Der m\u00e5 kun v\u00e6re testfamilier i big\u00e5rden.<\/p>\n<p>Opstillingen af staderne i big\u00e5rden b\u00f8r v\u00e6re s\u00e5dan, at fejlflyvning mellem staderne undg\u00e5s. Opstilling i grupper med 3 stader med forskellig flyveretning eller en tilf\u00e6ldig spredt opstilling er bedst. Hvis den eneste mulighed er en r\u00e6kke- eller halvbueopstilling, skal der v\u00e6re mindst 1,5 meter mellem staderne; samtidig skal der v\u00e6re forskellige flyvem\u00e6rker f.eks. farvede plader eller tydelig bevoksning, som hj\u00e6lper bierne ind i det rigtige stade.<\/p>\n<p><strong>INDFODRING OG INDVINTRING<br \/>\n<\/strong>Efter at familien er etableret skal indfodringen foreg\u00e5 i et tempo som tillader en god yngelproduktion i august. De fleste \u00e5r vil det sige, at bierne skal have 5-6 kg sukker om ugen, indtil de har f\u00e5et den planlagte m\u00e6ngde. Inden fodringen afsluttes, skal foderm\u00e6ngden kontrolleres ved et gennemsyn eller ved vejning af staderne. Bierne skal indfodres med en foderm\u00e6ngde, der er s\u00e5 stor, at det kun undtagelsesvist bliver n\u00f8dvendigt at for\u00e5rsfodre. Se ogs\u00e5 Danmarks Biavlerforenings fodervejledning.<\/p>\n<p><strong>UDVINTRING<br \/>\n<\/strong>N\u00e5r bierne begynder at flyve og den f\u00f8rste egentlige renselsesudflugt er overst\u00e5et, skal eventuelle d\u00f8de eller meget svage bifamilier fjernes fra big\u00e5rden. Ved det f\u00f8rste eftersyn skal der kontrolleres om der er yngel i bifamilierne og om der er tilstr\u00e6kkeligt med foder, hvilket vil sige mere end 3 tavler. De bifamilier, der har for lidt foder skal fodres med ca. 2,5 kg Apifonda. Dronningel\u00f8se bifamilier fjernes fra big\u00e5rden.<\/p>\n<p><strong>PASNING AF BIFAMILIERNE<br \/>\n<\/strong>Som udgangspunkt skal bifamilierne indg\u00e5 i v\u00e6rternes normale drift. Da form\u00e5let er at afpr\u00f8ve de forskellige dronninger, m\u00e5 der alligevel v\u00e6re visse begr\u00e6nsninger i hvilke indgreb der kan foretages. Det er v\u00e6rternes ansvar, at bifamilierne passes s\u00e5 dronningerne f\u00e5r mulighed for at vise deres egenskaber og form\u00e5en. Dette betyder, at dronningen gennem hele s\u00e6sonen skal have god plads til yngel og antallet af tavler skal ligeledes passe til bistyrken og biernes udvikling og tr\u00e6kforhold. Der m\u00e5 ikke p\u00e5 noget tidspunkt fjernes eller tils\u00e6ttes bier eller yngeltavler til bifamilierne, da dette altid vil sl\u00f8re testresultatet.<\/p>\n<p><img loading=\"lazy\" decoding=\"async\" width=\"300\" height=\"225\" class=\"alignnone size-medium wp-image-5074\" src=\"http:\/\/www.biavl.dk\/medlemmer\/wp-content\/uploads\/2016\/05\/DSC00039-300x225.jpg\" alt=\"DSC00039\" srcset=\"https:\/\/www.biavl.dk\/medlemmer\/wp-content\/uploads\/2016\/05\/DSC00039-300x225.jpg 300w, https:\/\/www.biavl.dk\/medlemmer\/wp-content\/uploads\/2016\/05\/DSC00039-768x576.jpg 768w, https:\/\/www.biavl.dk\/medlemmer\/wp-content\/uploads\/2016\/05\/DSC00039-1024x768.jpg 1024w\" sizes=\"auto, (max-width: 300px) 100vw, 300px\" \/><\/p>\n<p><strong>REGISTRERING AF HONNINGUDBYTTE<br \/>\n<\/strong>Der findes flere m\u00e5der at registrere honningudbyttet. Her skal kun n\u00e6vnes to metoder, som fungerer i praksis. Den mest n\u00f8jagtige metode er at veje magasinerne fra de enkelte familier f\u00f8r og efter slyngningen, v\u00e6gtforskellen er s\u00e5 lig med honningudbyttet. Dette er temmelig besv\u00e6rligt da det foruds\u00e6tter, at tavlerne ikke blandes i slyngerummet. For mange er en vurdering af antallet af fyldte tavler fra hver familie, delt med den udslyngede m\u00e6ngde honning fra big\u00e5rden, efter nogen \u00f8velse, fuldt tilstr\u00e6kkelig. Erfaringen viser, at der med denne metode kan opn\u00e5s en n\u00f8jagtighed p\u00e5 f\u00e5 kg honning pr. bifamilie pr. \u00e5r. Udbytterne fra hver slyngning skrives p\u00e5 stadekortet.<\/p>\n<p><strong>STADEKORT<br \/>\n<\/strong>Det er vigtigt at stadekortene bliver f\u00f8rt, for at kunne lave sammenligninger mellem dronningernes egenskaber. Der modtages hvert \u00e5r stadekort til brugsdronningetesten. Ved s\u00e6sonafslutning, b\u00f8r der v\u00e6re gennemf\u00f8rt minimum fem egentlige vurderinger af bifamilierne. Det er vigtigt, at notere alt af betydning, ogs\u00e5 selvom karakterer mv. er de samme som ved sidste gennemsyn.Der er vedlagt en karakterskala for de egenskaber der skal bed\u00f8mmes og stadekort. I forbindelse med udsendelsen af testdronninger vil der ogs\u00e5 blive udsendt stadekort.<\/p>\n<p><strong>WWW.STADEKORT.DK<br \/>\n<\/strong>Efter en overgangsperiode skal det forventes, at man som v\u00e6rt skal bruge Danmarks Biavlerforenings elektroniske stadekort.<\/p>\n<p><strong>INDSENDELSE AF OPLYSNINGER<br \/>\n<\/strong>N\u00e5r den sidste honning er slynget, og det samlede udbytte er skrevet p\u00e5 stadekortene, skal de sendes til: <em>Danmarks Biavlerforening, Fulbyvej 15, 4180 Sor\u00f8.<\/em><\/p>\n<p><strong>HVAD KAN MAN FORVENTE AF MODTAGE<br \/>\n<\/strong>Man kan forvente at modtage dronninger af den samme kvalitet som de dronninger der udbydes til salg og at modtage det antal dronninger der er tilmeldt testen.<\/p>\n","protected":false},"excerpt":{"rendered":"<p>Denne vejledning til testbig\u00e5rdsv\u00e6rterne er skrevet p\u00e5 baggrund af de seneste \u00e5rs fors\u00f8g med test af brugsdronninger og erstatter tidligere vejledninger. Vejledningen er skrevet for at give v\u00e6rterne nogle retningslinjer og et indtryk af, hvad der forventes af dem, s\u00e5ledes at testen kommer til at foreg\u00e5 s\u00e5 ensartet som muligt. Form\u00e5let med fors\u00f8gene er at [&hellip;]<\/p>\n","protected":false},"author":1,"featured_media":0,"parent":5040,"menu_order":3,"comment_status":"closed","ping_status":"closed","template":"","meta":{"_acf_changed":false,"footnotes":""},"class_list":["post-5072","page","type-page","status-publish","hentry"],"acf":[],"aioseo_notices":[],"_links":{"self":[{"href":"https:\/\/www.biavl.dk\/medlemmer\/wp-json\/wp\/v2\/pages\/5072","targetHints":{"allow":["GET"]}}],"collection":[{"href":"https:\/\/www.biavl.dk\/medlemmer\/wp-json\/wp\/v2\/pages"}],"about":[{"href":"https:\/\/www.biavl.dk\/medlemmer\/wp-json\/wp\/v2\/types\/page"}],"author":[{"embeddable":true,"href":"https:\/\/www.biavl.dk\/medlemmer\/wp-json\/wp\/v2\/users\/1"}],"replies":[{"embeddable":true,"href":"https:\/\/www.biavl.dk\/medlemmer\/wp-json\/wp\/v2\/comments?post=5072"}],"version-history":[{"count":1,"href":"https:\/\/www.biavl.dk\/medlemmer\/wp-json\/wp\/v2\/pages\/5072\/revisions"}],"predecessor-version":[{"id":8730,"href":"https:\/\/www.biavl.dk\/medlemmer\/wp-json\/wp\/v2\/pages\/5072\/revisions\/8730"}],"up":[{"embeddable":true,"href":"https:\/\/www.biavl.dk\/medlemmer\/wp-json\/wp\/v2\/pages\/5040"}],"wp:attachment":[{"href":"https:\/\/www.biavl.dk\/medlemmer\/wp-json\/wp\/v2\/media?parent=5072"}],"curies":[{"name":"wp","href":"https:\/\/api.w.org\/{rel}","templated":true}]}}