{"id":5080,"date":"2016-05-17T12:32:09","date_gmt":"2016-05-17T12:32:09","guid":{"rendered":"http:\/\/vonbulow.org\/medlemmer\/?page_id=5080"},"modified":"2024-04-02T12:29:51","modified_gmt":"2024-04-02T12:29:51","slug":"nosematest","status":"publish","type":"page","link":"https:\/\/www.biavl.dk\/medlemmer\/videnbank\/dronningeavl\/nosematest\/","title":{"rendered":"NOSEMATEST"},"content":{"rendered":"<p><a href=\"https:\/\/www.biavl.dk\/medlemmer\/wp-content\/uploads\/2023\/03\/Nosema-udtagning-af-proeve.jpg\"><img loading=\"lazy\" decoding=\"async\" width=\"464\" height=\"349\" class=\"aligncenter size-full wp-image-229388\" src=\"https:\/\/www.biavl.dk\/medlemmer\/wp-content\/uploads\/2023\/03\/Nosema-udtagning-af-proeve.jpg\" alt=\"\" srcset=\"https:\/\/www.biavl.dk\/medlemmer\/wp-content\/uploads\/2023\/03\/Nosema-udtagning-af-proeve.jpg 464w, https:\/\/www.biavl.dk\/medlemmer\/wp-content\/uploads\/2023\/03\/Nosema-udtagning-af-proeve-300x226.jpg 300w\" sizes=\"auto, (max-width: 464px) 100vw, 464px\" \/><\/a><\/p>\n<p>Nosema er en af de mest oversete sygdomme i dansk biavl. Tidligere var nosema, \u00f8konomisk set, den mest alvorlige sygdom herhjemme. Dansk avlsarbejde har gjort danske bier modstandsdygtige overfor nosema. Alligevel er det en god id\u00e9 at f\u00e5 unders\u00f8gt sine bier for nosema i for\u00e5ret.<\/p>\n<p>Nosema er en lille encellet, sporedannende snylter, der lever i biens midttarm. Sporerne ligner risengryn ved en forst\u00f8rrelse p\u00e5 400 gange.<\/p>\n<p>Bier med nosema:<\/p>\n<ul>\n<li>har nedsat evne til at optage protein<\/li>\n<li>er d\u00e5rligere til at danne fodersaft<\/li>\n<li>lever kortere tid<\/li>\n<li>har st\u00f8rre modtagelighed overfor sygdomme<\/li>\n<\/ul>\n<p>&nbsp;<\/p>\n<p><strong>UDTAGNING AF PR\u00d8VER<br \/>\n<\/strong>Tidspunktet for at udtage nosemapr\u00f8ver er lige i starten af april. Der skal udtages 60 levende bier til en nosematest. Det er vigtigt, at der udtages vinterbier, da nyf\u00f8dte bier oftest vil v\u00e6re fri for nosema.<\/p>\n<p>Her finder du vejledning til <a href=\"https:\/\/www.biavl.dk\/medlemmer\/wp-content\/uploads\/2024\/04\/Udtagning-af-nosemaproever-2024.pdf\">Udtagning af nosemapr\u00f8ver 2024<\/a><\/p>\n<p>&nbsp;<\/p>\n<p><strong>DANMARKS BIAVLERFORENING TILBYDER NOSEMAANALYSER<\/strong><\/p>\n<p>Inden pr\u00f8verne med bier sendes til laboratoriet, er det vigtigt, at du tilmelder og betaler dine pr\u00f8ver.<\/p>\n<p>Registrer dine pr\u00f8ver med dine kontaktoplysninger p\u00e5 <a href=\"http:\/\/www.bilab.dk\">www.bilab.dk<\/a> &#8211; husk at markere under pr\u00f8vetype, at der er tale om bier\/nosema.\u00a0Herefter modtager du en pr\u00f8vekode, der skal indsendes sammen med pr\u00f8verne. Herefter kan du f\u00f8lge din pr\u00f8ve og se dine resultater online.<\/p>\n<p>Pr\u00f8verne skal betales p\u00e5 <a href=\"http:\/\/www.bishoppen.dk\">www.bishoppen.dk<\/a> under analyser. Prisen er 50,- kr pr. pr\u00f8ve. OBS: Ikke-betalte pr\u00f8ver bliver ikke analyseret!<\/p>\n<p><strong>HUSK:<\/strong> V\u00e6r opm\u00e6rksom p\u00e5 at afsende pr\u00f8ven p\u00e5 det rigtige tidspunkt &#8211; dvs. f\u00f8rst p\u00e5 ugen og ikke op til weekend eller helligdage, da man risikerer, at pr\u00f8verne ligger i en postkasse og r\u00e5dner.<\/p>\n<p><a href=\"https:\/\/www.biavl.dk\/medlemmer\/videnbank\/biygdom\/sygdomme\/nosema\/\">Klik her<\/a> for mere information om nosema.<\/p>\n","protected":false},"excerpt":{"rendered":"<p>Nosema er en af de mest oversete sygdomme i dansk biavl. Tidligere var nosema, \u00f8konomisk set, den mest alvorlige sygdom herhjemme. Dansk avlsarbejde har gjort danske bier modstandsdygtige overfor nosema. Alligevel er det en god id\u00e9 at f\u00e5 unders\u00f8gt sine bier for nosema i for\u00e5ret. Nosema er en lille encellet, sporedannende snylter, der lever i [&hellip;]<\/p>\n","protected":false},"author":1,"featured_media":0,"parent":5040,"menu_order":3,"comment_status":"closed","ping_status":"closed","template":"","meta":{"_acf_changed":false,"footnotes":""},"class_list":["post-5080","page","type-page","status-publish","hentry"],"acf":[],"aioseo_notices":[],"_links":{"self":[{"href":"https:\/\/www.biavl.dk\/medlemmer\/wp-json\/wp\/v2\/pages\/5080","targetHints":{"allow":["GET"]}}],"collection":[{"href":"https:\/\/www.biavl.dk\/medlemmer\/wp-json\/wp\/v2\/pages"}],"about":[{"href":"https:\/\/www.biavl.dk\/medlemmer\/wp-json\/wp\/v2\/types\/page"}],"author":[{"embeddable":true,"href":"https:\/\/www.biavl.dk\/medlemmer\/wp-json\/wp\/v2\/users\/1"}],"replies":[{"embeddable":true,"href":"https:\/\/www.biavl.dk\/medlemmer\/wp-json\/wp\/v2\/comments?post=5080"}],"version-history":[{"count":14,"href":"https:\/\/www.biavl.dk\/medlemmer\/wp-json\/wp\/v2\/pages\/5080\/revisions"}],"predecessor-version":[{"id":264020,"href":"https:\/\/www.biavl.dk\/medlemmer\/wp-json\/wp\/v2\/pages\/5080\/revisions\/264020"}],"up":[{"embeddable":true,"href":"https:\/\/www.biavl.dk\/medlemmer\/wp-json\/wp\/v2\/pages\/5040"}],"wp:attachment":[{"href":"https:\/\/www.biavl.dk\/medlemmer\/wp-json\/wp\/v2\/media?parent=5080"}],"curies":[{"name":"wp","href":"https:\/\/api.w.org\/{rel}","templated":true}]}}