{"id":5091,"date":"2016-05-17T12:51:54","date_gmt":"2016-05-17T12:51:54","guid":{"rendered":"http:\/\/vonbulow.org\/medlemmer\/?page_id=5091"},"modified":"2025-08-01T13:27:10","modified_gmt":"2025-08-01T13:27:10","slug":"stadekort","status":"publish","type":"page","link":"https:\/\/www.biavl.dk\/medlemmer\/videnbank\/dronningeavl\/stadekort\/","title":{"rendered":"STADEKORT"},"content":{"rendered":"<p><strong>Danmarks Biavlerforenings stadekort<\/strong><\/p>\n<p>Stadekortet er en vigtig del af enhver biavl og is\u00e6r uundv\u00e6rlig i dronningavlen. Gode noter g\u00f8r det nemt at arbejde med bierne og holde styr p\u00e5 hver enkelt bifamilie. N\u00e5r s\u00e6sonen er ovre er stadekortet uundv\u00e6rligt i evalueringen af s\u00e6sonen og udv\u00e6lgelsen af n\u00e6ste \u00e5rs avlsdronninger.<\/p>\n<p>Stadekortet kan k\u00f8bes hos Danmarks Biavlerforening eller downloades her:<\/p>\n<p><a href=\"https:\/\/www.biavl.dk\/medlemmer\/wp-content\/uploads\/2025\/08\/Stadekort_for-bagside2025.pdf\" rel=\"\">Stadekort<\/a><\/p>\n<p><a href=\"https:\/\/www.biavl.dk\/medlemmer\/wp-content\/uploads\/2025\/08\/Stadekort_for-bagside2025.pdf\" rel=\"\">Stadekort A4<\/a><\/p>\n<p><a href=\"http:\/\/www.biavl.dk\/medlemmer\/wp-content\/uploads\/2016\/05\/stadekortvejledning.pdf\" rel=\"\">Stadekortsvejledning<\/a><\/p>\n","protected":false},"excerpt":{"rendered":"<p>Danmarks Biavlerforenings stadekort Stadekortet er en vigtig del af enhver biavl og is\u00e6r uundv\u00e6rlig i dronningavlen. Gode noter g\u00f8r det nemt at arbejde med bierne og holde styr p\u00e5 hver enkelt bifamilie. N\u00e5r s\u00e6sonen er ovre er stadekortet uundv\u00e6rligt i evalueringen af s\u00e6sonen og udv\u00e6lgelsen af n\u00e6ste \u00e5rs avlsdronninger. Stadekortet kan k\u00f8bes hos Danmarks Biavlerforening [&hellip;]<\/p>\n","protected":false},"author":1,"featured_media":0,"parent":5040,"menu_order":3,"comment_status":"closed","ping_status":"closed","template":"","meta":{"_acf_changed":false,"footnotes":""},"class_list":["post-5091","page","type-page","status-publish","hentry"],"acf":[],"aioseo_notices":[],"_links":{"self":[{"href":"https:\/\/www.biavl.dk\/medlemmer\/wp-json\/wp\/v2\/pages\/5091","targetHints":{"allow":["GET"]}}],"collection":[{"href":"https:\/\/www.biavl.dk\/medlemmer\/wp-json\/wp\/v2\/pages"}],"about":[{"href":"https:\/\/www.biavl.dk\/medlemmer\/wp-json\/wp\/v2\/types\/page"}],"author":[{"embeddable":true,"href":"https:\/\/www.biavl.dk\/medlemmer\/wp-json\/wp\/v2\/users\/1"}],"replies":[{"embeddable":true,"href":"https:\/\/www.biavl.dk\/medlemmer\/wp-json\/wp\/v2\/comments?post=5091"}],"version-history":[{"count":2,"href":"https:\/\/www.biavl.dk\/medlemmer\/wp-json\/wp\/v2\/pages\/5091\/revisions"}],"predecessor-version":[{"id":312523,"href":"https:\/\/www.biavl.dk\/medlemmer\/wp-json\/wp\/v2\/pages\/5091\/revisions\/312523"}],"up":[{"embeddable":true,"href":"https:\/\/www.biavl.dk\/medlemmer\/wp-json\/wp\/v2\/pages\/5040"}],"wp:attachment":[{"href":"https:\/\/www.biavl.dk\/medlemmer\/wp-json\/wp\/v2\/media?parent=5091"}],"curies":[{"name":"wp","href":"https:\/\/api.w.org\/{rel}","templated":true}]}}