{"id":5096,"date":"2016-05-17T13:02:23","date_gmt":"2016-05-17T13:02:23","guid":{"rendered":"http:\/\/vonbulow.org\/medlemmer\/?page_id=5096"},"modified":"2016-06-22T08:36:21","modified_gmt":"2016-06-22T08:36:21","slug":"det-elektroniske-stadekort","status":"publish","type":"page","link":"https:\/\/www.biavl.dk\/medlemmer\/videnbank\/dronningeavl\/det-elektroniske-stadekort\/","title":{"rendered":"DET ELEKTRONISKE STADEKORT"},"content":{"rendered":"<p>Som en del af Danmarks Biavlerforenings projekter i EU-honningprogrammet har vi udviklet et simpelt stadekortsprogram, der kan anvendes p\u00e5 smartphones, iPhones, iPads, og computer. P\u00e5 den m\u00e5de vil du altid have dine stadekortsnoter lige ved h\u00e5nden. Du kan hurtigt og nemt se en oversigt over dine bifamilier. Du bliver bedre til at planl\u00e6gge din biavl. Du f\u00e5r nemt oversigt over dine dronninger. Du opsamler erfaringer, som kan bruges i kommende s\u00e6soner og meget mere som sikrer kvalitet i din biavl.<\/p>\n<p>M\u00e5let har v\u00e6ret at udvikle et stadekortprogram, som opfylder de vigtigste behov og som kan anvendes i praktisk biavl.<\/p>\n<p><strong><img loading=\"lazy\" decoding=\"async\" width=\"200\" height=\"300\" class=\"alignnone size-medium wp-image-5097\" src=\"http:\/\/www.biavl.dk\/medlemmer\/wp-content\/uploads\/2016\/05\/DSC00417-200x300.jpg\" alt=\"DSC00417\" srcset=\"https:\/\/www.biavl.dk\/medlemmer\/wp-content\/uploads\/2016\/05\/DSC00417-200x300.jpg 200w, https:\/\/www.biavl.dk\/medlemmer\/wp-content\/uploads\/2016\/05\/DSC00417-768x1152.jpg 768w, https:\/\/www.biavl.dk\/medlemmer\/wp-content\/uploads\/2016\/05\/DSC00417-683x1024.jpg 683w\" sizes=\"auto, (max-width: 200px) 100vw, 200px\" \/><\/strong><\/p>\n<p><strong>FORUDS\u00c6TNINGER<br \/>\n<\/strong>Der er nogle f\u00e5 foruds\u00e6tninger for at programmet virker optimalt i en biavl. Alle stader skal v\u00e6re m\u00e6rket med et unikt nummer. Du skal kende dine dronningers herkomst, f.eks. b\u00f8r du notere indk\u00f8bte dronningers dronningenummer eller afstamning. Sp\u00f8rg din dronningeavler om dette og lidt om dronningens baggrund. Lav i programmet nogle noter om hvad du ved om dronningen.<\/p>\n<p><strong>HJ\u00c6LP TIL BED\u00d8MMELSE AF BIFAMILIEN<br \/>\n<\/strong>Programmet kan ogs\u00e5 bruges til at bed\u00f8mme bifamiliens adf\u00e6rd, s\u00e5som temperament, tavlefasthed, yngellejets udseende, propolisproduktion osv. Programmet er et godt redskab til at skabe forst\u00e5else for hvad der er gode og d\u00e5rlige egenskaber ved dronningerne. Det giver et hurtigt overblik over hvilke dronninger man som biavler selv kunne avle p\u00e5.<\/p>\n<p><strong>SYGDOMME<br \/>\n<\/strong>I programmet kan du registrere de sygdomme, som vi mener, at du som biavler skal kunne genkende ved et gennemsyn. Der findes selvf\u00f8lgelig ogs\u00e5 sygdomme, hvor der skal udtages en laboratoriepr\u00f8ve og som vi umiddelbart ikke kan genkende. Vi h\u00e5ber programmet kan g\u00f8re os bedre til at holde \u00f8je med de mest g\u00e6ngse sygdomme.<\/p>\n<p><strong>RAMMER<br \/>\n<\/strong>I programmet registrerer du hvor mange rammer du s\u00e6tter til og tager fra. P\u00e5 den m\u00e5de har du altid fuldt overblik over, hvor mange magasiner der er p\u00e5 dine familier. Det samme g\u00f8res med bed\u00f8mmelse af familiens styrke og antallet af yngelrammer.<\/p>\n<p><strong>VARROA<br \/>\n<\/strong>Varroa har sin egen plads i programmet, da opsamling af erfaringer med varroabek\u00e6mpelse er centralt for en sund biavl. Det g\u00e6lder b\u00e5de metoder og behandlingstidspunkter. Vi l\u00e6gger ogs\u00e5 op til at der b\u00f8r t\u00e6lles\/vurderes mideangrebsgrad i familierne (monitering). Derfor er det nemt at indf\u00f8re disse t\u00e6llinger.<\/p>\n<p><strong>HUSKELISTEN\/KOMMENTAR<br \/>\n<\/strong>Der er altid mulighed for at knytte en kommentar til hvert bistade, s\u00e5som \u201eHusk at g\u00f8re\u201c listen.<\/p>\n<p><img loading=\"lazy\" decoding=\"async\" width=\"300\" height=\"200\" class=\"alignnone size-medium wp-image-5098\" src=\"http:\/\/www.biavl.dk\/medlemmer\/wp-content\/uploads\/2016\/05\/DSC00355-300x200.jpg\" alt=\"DSC00355\" srcset=\"https:\/\/www.biavl.dk\/medlemmer\/wp-content\/uploads\/2016\/05\/DSC00355-300x200.jpg 300w, https:\/\/www.biavl.dk\/medlemmer\/wp-content\/uploads\/2016\/05\/DSC00355-768x512.jpg 768w, https:\/\/www.biavl.dk\/medlemmer\/wp-content\/uploads\/2016\/05\/DSC00355-1024x683.jpg 1024w\" sizes=\"auto, (max-width: 300px) 100vw, 300px\" \/><\/p>\n<p><strong>SORTER DINE BISTADER<br \/>\n<\/strong>For at optimere indtastningen, b\u00f8r man gennemg\u00e5 bifamilierne i samme r\u00e6kkef\u00f8lge hver gang (starte med samme bistade). Derfor har vi lavet en sorteringsfunktion, s\u00e5ledes at du kan sortere bifamiliernes r\u00e6kkef\u00f8lge direkte i big\u00e5rden. N\u00e5r du har den rette r\u00e6kkef\u00f8lge af dine bifamilier, trykker du p\u00e5 \u201eStart indtastning\u201c knappen og hver gang du er f\u00e6rdig med en bifamilie, trykker du blot p\u00e5 knappen \u201eN\u00e6ste\u201c, s\u00e5 kan du indtaste data for n\u00e6ste bifamilie.<\/p>\n<p><strong>UDF\u00d8R FOR ALLE<br \/>\n<\/strong>Skal du lave rutineindgreb, s\u00e5 har vi lavet en fin lille funktion hvor der trykkes p\u00e5 knappen: \u201eUdf\u00f8r for alle\u201c, hvorefter opgaven bliver udf\u00f8rt for alle bifamilier. Det kunne f.eks. v\u00e6re at fodre alle familier med 5 kg foder, rense alle stadebunde, myresyrebehandle osv. Det betyder at en rutine opgave kan noteres for alle familier ved ganske f\u00e5 tastetryk.<\/p>\n<p><strong>PERSONLIG TILPASNING<br \/>\n<\/strong>Stadekortet kan tilpasses personlige behov, s\u00e5ledes at overfl\u00f8dige funktioner kan skjules. Det kunne f.eks. v\u00e6re at man ikke \u00f8nsker at g\u00f8re brug af alle de varroa bek\u00e6mpelsesmetoder der foresl\u00e5s. S\u00e5 klikker man dem blot v\u00e6k, s\u00e5ledes at disse ikke forstyrrer under arbejdet med programmet.<\/p>\n<p><strong>UDSKRIV OVERSIGT<br \/>\n<\/strong>Du udskriver nemt en oversigt med dine bifamilier. Den kan v\u00e6re god at have. Det kunne v\u00e6re til dig der egentligt helst vil have papir med i big\u00e5rden og lave dine noter her og s\u00e5 indtaste data n\u00e5r du kommer hjem til din computer. Vi anbefaler dog at bruge mobiltelefonen direkte, s\u00e5 er data inde i systemet med det samme.<\/p>\n<p><strong>UHA, BLIVER MIN TELEFON IKKE KLISTRET<br \/>\n<\/strong>Der findes flere m\u00e5der at h\u00e5ndtere en telefon i big\u00e5rden. Du kan f.eks. bekl\u00e6de den med vita-wrap eller g\u00f8re som vi har gjort: bruge en touch-pen. Endnu bedre er at montere en mobiltelefonholder p\u00e5 din v\u00e6rkt\u00f8jskasse. S\u00e5 st\u00e5r v\u00e6rkt\u00f8jskassen med telefon p\u00e5 taget af nabobikassen.<\/p>\n<p><strong>MANGE SP\u00c6NDENDE INFORMATIONER<br \/>\n<\/strong>Mange tror at programmet er en app, men det er en hjemmeside. At det er en hjemmeside g\u00f8r at programmet virker p\u00e5 alle typer af platforme med internetopkobling. En af programmets store styrker er at det ogs\u00e5 virker offline. N\u00e5r mobiltelefonen kommer indenfor internetkontakt, synkroniserer den med vores database. Derfor kan man efterf\u00f8lgende sidde og arbejde med programmet p\u00e5 sin pc.<\/p>\n<p><img loading=\"lazy\" decoding=\"async\" width=\"300\" height=\"200\" class=\"alignnone size-medium wp-image-5099\" src=\"http:\/\/www.biavl.dk\/medlemmer\/wp-content\/uploads\/2016\/05\/lysere-billede-300x200.jpg\" alt=\"lysere-billede\" srcset=\"https:\/\/www.biavl.dk\/medlemmer\/wp-content\/uploads\/2016\/05\/lysere-billede-300x200.jpg 300w, https:\/\/www.biavl.dk\/medlemmer\/wp-content\/uploads\/2016\/05\/lysere-billede-768x512.jpg 768w, https:\/\/www.biavl.dk\/medlemmer\/wp-content\/uploads\/2016\/05\/lysere-billede-1024x683.jpg 1024w\" sizes=\"auto, (max-width: 300px) 100vw, 300px\" \/><\/p>\n<p><strong>WWW.STADEKORT.DK<br \/>\n<\/strong>Man kan finde programmet p\u00e5 hjemmesiden www.stadekort.dk. Herfra klikkes videre til selve stadekortsprogrammet. Det direkte link til programmet er: <a href=\"http:\/\/www.hivelog.dk\">www.hivelog.dk<\/a><\/p>\n<p>P\u00e5 stadekort.dk findes der mange gode baggrundsinformationer for programmet og is\u00e6r er der en r\u00e6kke instruktionsvideoer, som er gode at se igennem<\/p>\n","protected":false},"excerpt":{"rendered":"<p>Som en del af Danmarks Biavlerforenings projekter i EU-honningprogrammet har vi udviklet et simpelt stadekortsprogram, der kan anvendes p\u00e5 smartphones, iPhones, iPads, og computer. P\u00e5 den m\u00e5de vil du altid have dine stadekortsnoter lige ved h\u00e5nden. Du kan hurtigt og nemt se en oversigt over dine bifamilier. Du bliver bedre til at planl\u00e6gge din biavl. [&hellip;]<\/p>\n","protected":false},"author":1,"featured_media":0,"parent":5040,"menu_order":3,"comment_status":"closed","ping_status":"closed","template":"","meta":{"_acf_changed":false,"footnotes":""},"class_list":["post-5096","page","type-page","status-publish","hentry"],"acf":[],"aioseo_notices":[],"_links":{"self":[{"href":"https:\/\/www.biavl.dk\/medlemmer\/wp-json\/wp\/v2\/pages\/5096","targetHints":{"allow":["GET"]}}],"collection":[{"href":"https:\/\/www.biavl.dk\/medlemmer\/wp-json\/wp\/v2\/pages"}],"about":[{"href":"https:\/\/www.biavl.dk\/medlemmer\/wp-json\/wp\/v2\/types\/page"}],"author":[{"embeddable":true,"href":"https:\/\/www.biavl.dk\/medlemmer\/wp-json\/wp\/v2\/users\/1"}],"replies":[{"embeddable":true,"href":"https:\/\/www.biavl.dk\/medlemmer\/wp-json\/wp\/v2\/comments?post=5096"}],"version-history":[{"count":1,"href":"https:\/\/www.biavl.dk\/medlemmer\/wp-json\/wp\/v2\/pages\/5096\/revisions"}],"predecessor-version":[{"id":8721,"href":"https:\/\/www.biavl.dk\/medlemmer\/wp-json\/wp\/v2\/pages\/5096\/revisions\/8721"}],"up":[{"embeddable":true,"href":"https:\/\/www.biavl.dk\/medlemmer\/wp-json\/wp\/v2\/pages\/5040"}],"wp:attachment":[{"href":"https:\/\/www.biavl.dk\/medlemmer\/wp-json\/wp\/v2\/media?parent=5096"}],"curies":[{"name":"wp","href":"https:\/\/api.w.org\/{rel}","templated":true}]}}