{"id":5101,"date":"2016-05-17T13:06:07","date_gmt":"2016-05-17T13:06:07","guid":{"rendered":"http:\/\/vonbulow.org\/medlemmer\/?page_id=5101"},"modified":"2016-06-22T09:05:58","modified_gmt":"2016-06-22T09:05:58","slug":"tolerante-bier","status":"publish","type":"page","link":"https:\/\/www.biavl.dk\/medlemmer\/videnbank\/dronningeavl\/tolerante-bier\/","title":{"rendered":"TOLERANTE BIER"},"content":{"rendered":"<p><strong>HVAD ER TOLERANCE?<\/strong><\/p>\n<p><img loading=\"lazy\" decoding=\"async\" class=\"alignnone wp-image-5102 size-full\" src=\"http:\/\/www.biavl.dk\/medlemmer\/wp-content\/uploads\/2016\/05\/TOLERANTEBIER.png\" alt=\"TOLERANTEBIER\" width=\"731\" height=\"248\" srcset=\"https:\/\/www.biavl.dk\/medlemmer\/wp-content\/uploads\/2016\/05\/TOLERANTEBIER.png 731w, https:\/\/www.biavl.dk\/medlemmer\/wp-content\/uploads\/2016\/05\/TOLERANTEBIER-300x102.png 300w\" sizes=\"auto, (max-width: 731px) 100vw, 731px\" \/><\/p>\n<p>Tolerance betegner det forhold, at en v\u00e6rt (her: bi) kan &#8220;t\u00e5le&#8221; at v\u00e6re angrebet af en parasit (her: varroa) uden at skades synderligt. Der forekommer alts\u00e5 en tilpasning mellem v\u00e6rt og parasit som g\u00f8r, at parasitten ikke udvikler sig s\u00e5 kraftigt som hos ikke-tolerante v\u00e6rter.<\/p>\n<p>N\u00e5r man taler om tolerance er der et utal af faktorer \u2013 mere eller mindre kontrollable \u2013 som spiller en rolle (se figur 6). Og mange af disse faktorer p\u00e5virker hinanden gensidigt!<\/p>\n<p><strong>EKSEMPLER P\u00c5 TOLERANTE BIER<br \/>\n<\/strong>Ser vi p\u00e5 varroas oprindelig v\u00e6rt, den asiatiske bi Apis cerana, s\u00e5 har der gennem tiderne fundet en tilpasning sted, s\u00e5ledes at de kan leve sammen uden at bifamilien bukker under. Denne tilpasning skyldes bl.a. at bierne har udviklet forskellige forsvarsmekanismer overfor miden. Det samme er tilf\u00e6ldet med Kap-bien og den lille stadebille.<\/p>\n<p><strong>HVORDAN FINDER MAN TOLERANTE BIER?<br \/>\n<\/strong>Rundt om i verden fors\u00f8ger man sig med forskellige avlsprogrammer at finde frem til tolerante bier. I Tyskland p\u00e5begyndtes i 2004 et st\u00f8rre varroatoleranceprojekt, hvor man startede med 1.300 bifamilier fra hele Tyskland. Ud af dette store antal bifamilier udvalgte man 42 bifamilier. De udvalgte bifamilier er testet for bl.a. hygiejnisk adf\u00e6rd og varroaangrebsgrad. Af disse 42 bifamilier d\u00f8de hovedparten i l\u00f8bet af vinteren eller sommeren. De overlevende ni bifamilier viser sig at have en betydeligt lavere angrebsgrad.<\/p>\n<p>P\u00e5 Gotland har der siden 1999 k\u00f8rt et fors\u00f8g under ledelse af Ingemar Fries. I alt 150 bifamilier blev udsat p\u00e5 \u00f8en og tilsat mellem 36 og 89 varroa-mider pr. bifamiliie. Bifamilierne har f\u00e5et lov til at sv\u00e6rme og varroabehandling har ikke fundet sted. I efter\u00e5ret 2004 kunne man indvintre 11 bifamilier (heraf 6 oprindelige og 5 sv\u00e6rme). Resultaterne viser bl.a. at antallet af bifamilier som d\u00f8r i l\u00f8bet af vinteren er reduceret over de seneste tre \u00e5r og at andelen af bifamilier som sv\u00e6rmer er steget de seneste to \u00e5r. Og: Angrebsgraden p\u00e5 de voksne bier om efter\u00e5ret er det laveste nogensinde \u2013 undtaget start\u00e5ret. Det tyder p\u00e5, at en form for v\u00e6rt-parasit tilpasning \u2013 dog n\u00e6vner Fries, at resultaterne skal tolkes forsigtigt pga. det lave antal bifamilier.<\/p>\n<p><strong>FINDES DER VARROA-TOLERANTE BIER?<br \/>\n<\/strong>Gennem \u00e5rene har der v\u00e6ret talrige oplysninger om, at nu har man fundet varroa-tolerante bier.<\/p>\n<p>Et eksempel p\u00e5 en &#8220;tolerant bi&#8221; er Primorski-bien. Claudia Garrido kunne p\u00e5 \u201eDansk Biavlskonference 2007&#8243; fort\u00e6lle om resultaterne af unders\u00f8gelser foretaget p\u00e5 bi-instituttet i Kirchhain. I 2003 testede man 12 Primorski-linier og sammenlignede med carnica-bier. Hver bifamilie (149 i alt) blev tilsat mellem 160 \u2013 180 mider og der blev ikke foretaget varroabek\u00e6mpelse. \u00c5ret efter afsluttedes fors\u00f8get, og det viste, at Primorski-familierne havde under halvt s\u00e5 mange mider som carnica-familierne. Dette lyder umiddelbart lovende, men der var mange biavlsm\u00e6ssige ulemper: Primorski-bierne havde et meget lavt honningudbytte, stor sv\u00e6rmiver og var s\u00e6rdeles aggressive.<\/p>\n<p>Der er derfor lang vej endnu f\u00f8r man m\u00e5ske har varroa-tolerante bier.<\/p>\n","protected":false},"excerpt":{"rendered":"<p>HVAD ER TOLERANCE? Tolerance betegner det forhold, at en v\u00e6rt (her: bi) kan &#8220;t\u00e5le&#8221; at v\u00e6re angrebet af en parasit (her: varroa) uden at skades synderligt. Der forekommer alts\u00e5 en tilpasning mellem v\u00e6rt og parasit som g\u00f8r, at parasitten ikke udvikler sig s\u00e5 kraftigt som hos ikke-tolerante v\u00e6rter. N\u00e5r man taler om tolerance er der [&hellip;]<\/p>\n","protected":false},"author":1,"featured_media":0,"parent":5040,"menu_order":3,"comment_status":"closed","ping_status":"closed","template":"","meta":{"_acf_changed":false,"footnotes":""},"class_list":["post-5101","page","type-page","status-publish","hentry"],"acf":[],"aioseo_notices":[],"_links":{"self":[{"href":"https:\/\/www.biavl.dk\/medlemmer\/wp-json\/wp\/v2\/pages\/5101","targetHints":{"allow":["GET"]}}],"collection":[{"href":"https:\/\/www.biavl.dk\/medlemmer\/wp-json\/wp\/v2\/pages"}],"about":[{"href":"https:\/\/www.biavl.dk\/medlemmer\/wp-json\/wp\/v2\/types\/page"}],"author":[{"embeddable":true,"href":"https:\/\/www.biavl.dk\/medlemmer\/wp-json\/wp\/v2\/users\/1"}],"replies":[{"embeddable":true,"href":"https:\/\/www.biavl.dk\/medlemmer\/wp-json\/wp\/v2\/comments?post=5101"}],"version-history":[{"count":1,"href":"https:\/\/www.biavl.dk\/medlemmer\/wp-json\/wp\/v2\/pages\/5101\/revisions"}],"predecessor-version":[{"id":8728,"href":"https:\/\/www.biavl.dk\/medlemmer\/wp-json\/wp\/v2\/pages\/5101\/revisions\/8728"}],"up":[{"embeddable":true,"href":"https:\/\/www.biavl.dk\/medlemmer\/wp-json\/wp\/v2\/pages\/5040"}],"wp:attachment":[{"href":"https:\/\/www.biavl.dk\/medlemmer\/wp-json\/wp\/v2\/media?parent=5101"}],"curies":[{"name":"wp","href":"https:\/\/api.w.org\/{rel}","templated":true}]}}