{"id":5107,"date":"2016-05-17T13:24:56","date_gmt":"2016-05-17T13:24:56","guid":{"rendered":"http:\/\/vonbulow.org\/medlemmer\/?page_id=5107"},"modified":"2026-04-08T12:48:13","modified_gmt":"2026-04-08T12:48:13","slug":"biavlslove","status":"publish","type":"page","link":"https:\/\/www.biavl.dk\/medlemmer\/videnbank\/generelt-om-biavl\/biavlslove\/","title":{"rendered":"BIAVLSLOVE"},"content":{"rendered":"<p><strong>RELEVANT LOVGIVNING OMKRING BIAVL<br \/>\n<\/strong>Nedenst\u00e5ende er en samling af links til forskellige lovsamlinger der relaterer sig til biavl.<\/p>\n<p><strong>NYTTIGE LINKS OM LOVGIVNING SOM VEDR\u00d8RER BIAVLSOMR\u00c5DET:<\/strong><\/p>\n<p>Lovstof om biavl <a href=\"https:\/\/lbst.dk\/dyr\/biavl\">Landbrugs- og Fiskeristyrelsens hjemmeside <\/a><br \/>\nHerunder bl.a.<\/p>\n<ul>\n<li><a href=\"https:\/\/www.retsinformation.dk\/eli\/lta\/2017\/13\">Bekendtg\u00f8relse af lov om Biavl<\/a> (LBK nr 13 af 04\/01\/2017)<\/li>\n<li><a href=\"https:\/\/www.retsinformation.dk\/Forms\/R0710.aspx?id=137027\">Bekendtg\u00f8relse om bek\u00e6mpelse af skadeg\u00f8rere hos honningbier og avlede humlebier<\/a> (BEK nr 386 af 02\/05\/2011)<\/li>\n<\/ul>\n<p><a href=\"http:\/\/agro.au.dk\/forskning\/forskningsomraader\/offentlig-bisygdomsbekaempelse\/\">Offentlig bisygdomsbek\u00e6mpelse\u00a0<\/a><\/p>\n<p><a href=\"https:\/\/cbr.lbst.dk\/\">Det Centrale Big\u00e5rdsRegister (CBR)\u00a0<\/a><\/p>\n<p>Oversigt over <a href=\"https:\/\/cbr.lbst.dk\/mating-areas?page=0\">godkendte renparringsomr\u00e5der<\/a><\/p>\n<p><a href=\"https:\/\/lbst.dk\/dyr\/biavl\/vilkaar-og-regler-for-biavl\">Voldgiftsn\u00e6vnet for forgiftning af honningbier\u00a0<\/a><\/p>\n<p><a href=\"https:\/\/lbst.dk\/dyr\/biavl\/binaevnet\">Bin\u00e6vnet<\/a><\/p>\n<p><a href=\"https:\/\/lbst.dk\/bedrift\/oekologi\/bliv-certificeret-oekolog\/oekologisk-biavl\">\u00d8kologisk biavl<\/a><\/p>\n<p><strong>LOVGIVNING P\u00c5 F\u00d8DEVAREOMR\u00c5DET FINDER DU HOS\u00a0<a href=\"https:\/\/foedevarestyrelsen.dk\/\">F\u00f8devarestyrelsen<\/a><\/strong><\/p>\n<ul>\n<li><a href=\"https:\/\/www.retsinformation.dk\/eli\/lta\/2025\/32\" target=\"_blank\" rel=\"noopener\">F\u00f8devareloven<\/a> (LBK nr 32 af 14\/01\/2025)<\/li>\n<li><a href=\"https:\/\/www.retsinformation.dk\/eli\/lta\/2025\/1503\" target=\"_blank\" rel=\"noopener\">Honningbekendtg\u00f8relsen<\/a> (BEK nr 1503 af 02\/12\/2025)<\/li>\n<li><a href=\"https:\/\/www.retsinformation.dk\/Forms\/R0710.aspx?id=175746\">M\u00e6rkningsbekendtg\u00f8relsen<\/a> (BEK nr 1355 af 27\/11\/2015)<\/li>\n<li><a href=\"https:\/\/foedevarestyrelsen.dk\/lovstof\/vejledninger\/maerkningsvejledning\" target=\"_blank\" rel=\"noopener\">M\u00e6rkningsvejledningen<\/a> (Juni 2022)<\/li>\n<li><a href=\"https:\/\/foedevarestyrelsen.dk\/lovstof\/vejledninger\/hygiejnevejledningen\" target=\"_blank\" rel=\"noopener\">Hygiejnevejledningen<\/a> (Vejledning nr 9700 af 24\/07\/2025)<\/li>\n<li><a href=\"https:\/\/www.retsinformation.dk\/eli\/lta\/2020\/681\">Bekendtg\u00f8relse om f\u00f8devarekontaktmaterialer <\/a>(BEK nr 681 af 25\/5\/2020)<\/li>\n<li>Om <a href=\"https:\/\/foedevarestyrelsen.dk\/kost-og-foedevarer\/start-og-drift-af-foedevarevirksomhed\/hygiejne-og-indretning\/rengoering-vedligeholdelse-skadedyr-i-foedevarevirksomhed\/skadedyr\" target=\"_blank\" rel=\"noopener\">skadedyr i f\u00f8devarevirksomheder\u00a0<\/a><\/li>\n<li>Om <a href=\"https:\/\/foedevarestyrelsen.dk\/kost-og-foedevarer\/start-og-drift-af-foedevarevirksomhed\/virksomhedstyper-hygiejneregler\/mindre-salgsaktiviteter\/salg-direkte-til-forbrugere\">salg direkte til endelig forbruger<\/a><\/li>\n<li><a href=\"https:\/\/foedevarestyrelsen.dk\/lovstof\/vejledninger\/autorisationsvejledningen\" target=\"_blank\" rel=\"noopener\">Autorisationsvejledningen<\/a> (Vejl. nr. 9164 af 27\/02\/2025)<\/li>\n<li><a href=\"https:\/\/foedevarestyrelsen.dk\/lovstof\/vejledninger\/sporbarhedsvejledningen\" target=\"_blank\" rel=\"noopener\">Vejledning om sporbarhed &#8211; f\u00f8devarer<\/a> (marts 2017)<\/li>\n<\/ul>\n<p><strong>ANDRE LINKS HVOR DU KAN FINDE MERE OM LOVGIVNING:<\/strong><\/p>\n<p><a href=\"http:\/\/WWW.RETSINFO.DK\">Retsinfo<br \/>\n<\/a><a href=\"http:\/\/eur-lex.europa.eu\/homepage.html?locale=da\">EUR-Lex<\/a><\/p>\n","protected":false},"excerpt":{"rendered":"<p>RELEVANT LOVGIVNING OMKRING BIAVL Nedenst\u00e5ende er en samling af links til forskellige lovsamlinger der relaterer sig til biavl. NYTTIGE LINKS OM LOVGIVNING SOM VEDR\u00d8RER BIAVLSOMR\u00c5DET: Lovstof om biavl Landbrugs- og Fiskeristyrelsens hjemmeside Herunder bl.a. Bekendtg\u00f8relse af lov om Biavl (LBK nr 13 af 04\/01\/2017) Bekendtg\u00f8relse om bek\u00e6mpelse af skadeg\u00f8rere hos honningbier og avlede humlebier (BEK [&hellip;]<\/p>\n","protected":false},"author":1,"featured_media":0,"parent":5104,"menu_order":3,"comment_status":"closed","ping_status":"closed","template":"","meta":{"_acf_changed":false,"footnotes":""},"class_list":["post-5107","page","type-page","status-publish","hentry"],"acf":[],"aioseo_notices":[],"_links":{"self":[{"href":"https:\/\/www.biavl.dk\/medlemmer\/wp-json\/wp\/v2\/pages\/5107","targetHints":{"allow":["GET"]}}],"collection":[{"href":"https:\/\/www.biavl.dk\/medlemmer\/wp-json\/wp\/v2\/pages"}],"about":[{"href":"https:\/\/www.biavl.dk\/medlemmer\/wp-json\/wp\/v2\/types\/page"}],"author":[{"embeddable":true,"href":"https:\/\/www.biavl.dk\/medlemmer\/wp-json\/wp\/v2\/users\/1"}],"replies":[{"embeddable":true,"href":"https:\/\/www.biavl.dk\/medlemmer\/wp-json\/wp\/v2\/comments?post=5107"}],"version-history":[{"count":33,"href":"https:\/\/www.biavl.dk\/medlemmer\/wp-json\/wp\/v2\/pages\/5107\/revisions"}],"predecessor-version":[{"id":333455,"href":"https:\/\/www.biavl.dk\/medlemmer\/wp-json\/wp\/v2\/pages\/5107\/revisions\/333455"}],"up":[{"embeddable":true,"href":"https:\/\/www.biavl.dk\/medlemmer\/wp-json\/wp\/v2\/pages\/5104"}],"wp:attachment":[{"href":"https:\/\/www.biavl.dk\/medlemmer\/wp-json\/wp\/v2\/media?parent=5107"}],"curies":[{"name":"wp","href":"https:\/\/api.w.org\/{rel}","templated":true}]}}