{"id":5112,"date":"2016-05-17T13:30:08","date_gmt":"2016-05-17T13:30:08","guid":{"rendered":"http:\/\/vonbulow.org\/medlemmer\/?page_id=5112"},"modified":"2025-03-21T10:15:24","modified_gmt":"2025-03-21T10:15:24","slug":"det-bliver-lettere-at-vaere-biavler","status":"publish","type":"page","link":"https:\/\/www.biavl.dk\/medlemmer\/videnbank\/generelt-om-biavl\/det-bliver-lettere-at-vaere-biavler\/","title":{"rendered":"DET BLIVER LETTERE AT V\u00c6RE BIAVLER"},"content":{"rendered":"<p>F\u00f8devarestyrelsen har orienteret om de nye regler for Branchekoder og lettelser i dokumentationen af at man overholder GMP (God biavlerpraksis).<\/p>\n<p>Der er sket en lettelse af dokumentationskravet. Det er ikke l\u00e6ngere noget krav, at man noterer dato og tidspunkt for hvorn\u00e5r man har gjort tingene, f.eks gjort rent i slyngerummet.<\/p>\n<p>Men der er ikke ske reduktion i kravene til God Hygiejnisk Praksis. S\u00e5 der skal stadigv\u00e6k v\u00e6re lige s\u00e5 rent som anf\u00f8rt i Branchekoden.<br \/>\nI forbindelse med et eventuelt kontroltilsyn vil kontrollanten derfor bruge tiden p\u00e5 at kontrollere, at der er rent og at arbejdet er tilrettelagt, s\u00e5 God hygiejnisk Praksis tilgodeses, frem for at kontrollere at man har noteret datoer og tidspunkter i branchekoden.<\/p>\n<p>Der er stadig dokumentationskrav for overholdelse af kritiske kontrolpunkter. Det betyder, som anf\u00f8rt i Branchekoden, at biavlere skal huske at gemme kvitteringer for foderk\u00f8b og eventuelle recepter i de tilf\u00e6lde at man bruger l\u00e6gemidler i varroabek\u00e6mpelsen.<\/p>\n<p><strong>LEJLIGHEDSVISE ARRANGEMENTER<\/strong><br \/>\nVi skal minde om, at det er obligatorisk for biavlere at registrere sig i Centralt Big\u00e5rdsRegister (CBR). Du finder CBR <a href=\"https:\/\/cbr.lbst.dk\/\" target=\"_blank\" rel=\"noopener\">her<\/a>.<br \/>\nN\u00e5r du er registreret i CBR kan du uden m\u00e6ngdebegr\u00e6nsning afs\u00e6tte honning til detail- og engrosvirksomheder i hele Danmark, samt direkte til den endelige forbruger.<\/p>\n<p>Lejlighedsvise arrangementer, dyrskuer, markeder, udstillinger m.v. under bagatelgr\u00e6nsen for registrering. Der skal v\u00e6re tilladelse fra de ansvarlige for stedet (det kan v\u00e6re politiet, kommunen eller dyrskuet) til at s\u00e6lge biprodukter og uddele smagspr\u00f8ver. Der kr\u00e6ves ikke registrering hos F\u00f8devarestyrelsen ved lejlighedsvise arrangementer (op til ca. 30 dage om \u00e5ret &#8211; det kan v\u00e6re enkeltdage, kortere perioder<br \/>\neller \u00e9n samlet periode) til at s\u00e6lge honning og honningprodukter, som er tilberedt i eget k\u00f8kken.<\/p>\n<p>L\u00e6s og download branchekoden <a href=\"https:\/\/www.biavl.dk\/medlemmer\/wp-content\/uploads\/2025\/03\/Branchekode-for-honningproduktion_2024_low-1.pdf\" rel=\"\">her.<\/a><\/p>\n","protected":false},"excerpt":{"rendered":"<p>F\u00f8devarestyrelsen har orienteret om de nye regler for Branchekoder og lettelser i dokumentationen af at man overholder GMP (God biavlerpraksis). Der er sket en lettelse af dokumentationskravet. Det er ikke l\u00e6ngere noget krav, at man noterer dato og tidspunkt for hvorn\u00e5r man har gjort tingene, f.eks gjort rent i slyngerummet. Men der er ikke ske [&hellip;]<\/p>\n","protected":false},"author":1,"featured_media":0,"parent":5104,"menu_order":3,"comment_status":"closed","ping_status":"closed","template":"","meta":{"_acf_changed":false,"footnotes":""},"class_list":["post-5112","page","type-page","status-publish","hentry"],"acf":[],"aioseo_notices":[],"_links":{"self":[{"href":"https:\/\/www.biavl.dk\/medlemmer\/wp-json\/wp\/v2\/pages\/5112","targetHints":{"allow":["GET"]}}],"collection":[{"href":"https:\/\/www.biavl.dk\/medlemmer\/wp-json\/wp\/v2\/pages"}],"about":[{"href":"https:\/\/www.biavl.dk\/medlemmer\/wp-json\/wp\/v2\/types\/page"}],"author":[{"embeddable":true,"href":"https:\/\/www.biavl.dk\/medlemmer\/wp-json\/wp\/v2\/users\/1"}],"replies":[{"embeddable":true,"href":"https:\/\/www.biavl.dk\/medlemmer\/wp-json\/wp\/v2\/comments?post=5112"}],"version-history":[{"count":7,"href":"https:\/\/www.biavl.dk\/medlemmer\/wp-json\/wp\/v2\/pages\/5112\/revisions"}],"predecessor-version":[{"id":297697,"href":"https:\/\/www.biavl.dk\/medlemmer\/wp-json\/wp\/v2\/pages\/5112\/revisions\/297697"}],"up":[{"embeddable":true,"href":"https:\/\/www.biavl.dk\/medlemmer\/wp-json\/wp\/v2\/pages\/5104"}],"wp:attachment":[{"href":"https:\/\/www.biavl.dk\/medlemmer\/wp-json\/wp\/v2\/media?parent=5112"}],"curies":[{"name":"wp","href":"https:\/\/api.w.org\/{rel}","templated":true}]}}