{"id":5126,"date":"2016-05-17T13:57:45","date_gmt":"2016-05-17T13:57:45","guid":{"rendered":"http:\/\/vonbulow.org\/medlemmer\/?page_id=5126"},"modified":"2020-05-04T12:01:24","modified_gmt":"2020-05-04T12:01:24","slug":"timeopgoerelse-efterloen","status":"publish","type":"page","link":"https:\/\/www.biavl.dk\/medlemmer\/videnbank\/oekonomi\/timeopgoerelse-efterloen\/","title":{"rendered":"BIAVL OG EFTERL\u00d8N"},"content":{"rendered":"<p>Som efterl\u00f8nsmodtager skal du v\u00e6re opm\u00e6rksom p\u00e5, at der g\u00e6lder s\u00e6rlige regler, hvis du er biavler.<\/p>\n<p>Den generelle regel siger, at fritidsbesk\u00e6ftigelsen ikke m\u00e5 v\u00e6re p\u00e5 et niveau, hvor man skal have CVR-nr. Derfor m\u00e5 oms\u00e6tningen p\u00e5 fritidsbesk\u00e6ftigelsen h\u00f8jst v\u00e6re kr. 50.000,-, da dette er gr\u00e6nsen for, hvorn\u00e5r man skal lade sig registrere med CVR-nr. Arbejdstimerne, som anvendes p\u00e5 fritidsbesk\u00e6ftigelsen, skal naturligvis modregnes i efterl\u00f8nnen.<\/p>\n<p>Reglerne siger at biavl med optil 20 bistader er defineret som en erhvervsaktivitet, der kan drives som fritidsbesk\u00e6ftigelse, medf\u00f8rer at man som biavler kan f\u00e5 lov til, at have en h\u00f8jere oms\u00e6tning og dermed ogs\u00e5 have et CVR-nr. Det s\u00e5kaldte d\u00e6kningsbidrag 1 (nettooms\u00e6tningen minus vareforbrug) \u2013 m\u00e5 udg\u00f8re optil kr. 80.629,- (i 2019) pr. regnskabs\u00e5r. De arbejdstimer, som anvendes p\u00e5 biavlen modregnes i efterl\u00f8nnen.<\/p>\n<p>Hvad enten man driver en biavl med en oms\u00e6tning over eller under kr. 50.000,- og dermed om man har et CVR-nr. eller ej, s\u00e5 skal man overfor sin A-kasse godtg\u00f8re at den samlede arbejdstid i virksomheden h\u00f8jst er p\u00e5 400 timer pr. \u00e5r. Man skal derfor sandsynligg\u00f8re dette overfor sin A-kasse. Nedenfor ser du et eksempel p\u00e5 dette. Generelt vurderer Danmarks Biavlerforening at den \u00e5rlige tidsforbrug p\u00e5 en bifamilie er omkring 4 timer, men variation kan naturligvis forekomme.<\/p>\n<p>Man b\u00f8r som biavler altid kontakte sin A-kasse for at aftale de pr\u00e6cises forhold n\u00e5r man er p\u00e5 efterl\u00f8n.<\/p>\n<p>&nbsp;<\/p>\n<p><strong>EKSEMPEL P\u00c5 TIMEOPG\u00d8RELSE VED ANS\u00d8GNING AF BIHOLD VED EFTERL\u00d8N<\/strong><br \/>\nTidsforbruget pr. bifamilie er sat til 4,16 timer pr \u00e5r.<\/p>\n<p><img loading=\"lazy\" decoding=\"async\" class=\"alignnone wp-image-5127 size-full\" src=\"http:\/\/www.biavl.dk\/medlemmer\/wp-content\/uploads\/2016\/05\/Timeopg\u00f8relse.jpg\" alt=\"Timeopg\u00f8relse\" width=\"977\" height=\"594\" srcset=\"https:\/\/www.biavl.dk\/medlemmer\/wp-content\/uploads\/2016\/05\/Timeopg\u00f8relse.jpg 977w, https:\/\/www.biavl.dk\/medlemmer\/wp-content\/uploads\/2016\/05\/Timeopg\u00f8relse-300x182.jpg 300w, https:\/\/www.biavl.dk\/medlemmer\/wp-content\/uploads\/2016\/05\/Timeopg\u00f8relse-768x467.jpg 768w\" sizes=\"auto, (max-width: 977px) 100vw, 977px\" \/><\/p>\n<p>* Beregning af k\u00f8rselstid: Bistaderne er placeret i 6 forskellige big\u00e5rde. En big\u00e5rd er p\u00e5 hjemadressen. De \u00f8vrige 5 er placeret i lokalomr\u00e5det. Der er beregnet 15 min k\u00f8rsel fra hjem til big\u00e5rd 1 og derefter 15 min. k\u00f8rsel mellem de enkelte big\u00e5rde og til slut 15 min. k\u00f8rsel tilbage til hjemadressen. Det betyder 6 x 15 min.: ialt 90 min. k\u00f8rselstid pr. &#8220;runde&#8221;.<\/p>\n<p><img loading=\"lazy\" decoding=\"async\" class=\"alignnone wp-image-5128 size-full\" src=\"http:\/\/www.biavl.dk\/medlemmer\/wp-content\/uploads\/2016\/05\/TABEL2-1.jpg\" alt=\"TABEL2\" width=\"978\" height=\"289\" srcset=\"https:\/\/www.biavl.dk\/medlemmer\/wp-content\/uploads\/2016\/05\/TABEL2-1.jpg 978w, https:\/\/www.biavl.dk\/medlemmer\/wp-content\/uploads\/2016\/05\/TABEL2-1-300x89.jpg 300w, https:\/\/www.biavl.dk\/medlemmer\/wp-content\/uploads\/2016\/05\/TABEL2-1-768x227.jpg 768w\" sizes=\"auto, (max-width: 978px) 100vw, 978px\" \/><\/p>\n<p>Tidsforbrug pr. bistade pr. \u00e5r i timer<\/p>\n<p><img loading=\"lazy\" decoding=\"async\" class=\"alignnone wp-image-5129 size-full\" src=\"http:\/\/www.biavl.dk\/medlemmer\/wp-content\/uploads\/2016\/05\/TABEL3.jpg\" alt=\"TABEL3\" width=\"799\" height=\"116\" srcset=\"https:\/\/www.biavl.dk\/medlemmer\/wp-content\/uploads\/2016\/05\/TABEL3.jpg 799w, https:\/\/www.biavl.dk\/medlemmer\/wp-content\/uploads\/2016\/05\/TABEL3-300x44.jpg 300w, https:\/\/www.biavl.dk\/medlemmer\/wp-content\/uploads\/2016\/05\/TABEL3-768x111.jpg 768w\" sizes=\"auto, (max-width: 799px) 100vw, 799px\" \/><\/p>\n","protected":false},"excerpt":{"rendered":"<p>Som efterl\u00f8nsmodtager skal du v\u00e6re opm\u00e6rksom p\u00e5, at der g\u00e6lder s\u00e6rlige regler, hvis du er biavler. Den generelle regel siger, at fritidsbesk\u00e6ftigelsen ikke m\u00e5 v\u00e6re p\u00e5 et niveau, hvor man skal have CVR-nr. Derfor m\u00e5 oms\u00e6tningen p\u00e5 fritidsbesk\u00e6ftigelsen h\u00f8jst v\u00e6re kr. 50.000,-, da dette er gr\u00e6nsen for, hvorn\u00e5r man skal lade sig registrere med CVR-nr. [&hellip;]<\/p>\n","protected":false},"author":1,"featured_media":0,"parent":132676,"menu_order":3,"comment_status":"closed","ping_status":"closed","template":"","meta":{"_acf_changed":false,"footnotes":""},"class_list":["post-5126","page","type-page","status-publish","hentry"],"acf":[],"aioseo_notices":[],"_links":{"self":[{"href":"https:\/\/www.biavl.dk\/medlemmer\/wp-json\/wp\/v2\/pages\/5126","targetHints":{"allow":["GET"]}}],"collection":[{"href":"https:\/\/www.biavl.dk\/medlemmer\/wp-json\/wp\/v2\/pages"}],"about":[{"href":"https:\/\/www.biavl.dk\/medlemmer\/wp-json\/wp\/v2\/types\/page"}],"author":[{"embeddable":true,"href":"https:\/\/www.biavl.dk\/medlemmer\/wp-json\/wp\/v2\/users\/1"}],"replies":[{"embeddable":true,"href":"https:\/\/www.biavl.dk\/medlemmer\/wp-json\/wp\/v2\/comments?post=5126"}],"version-history":[{"count":3,"href":"https:\/\/www.biavl.dk\/medlemmer\/wp-json\/wp\/v2\/pages\/5126\/revisions"}],"predecessor-version":[{"id":132692,"href":"https:\/\/www.biavl.dk\/medlemmer\/wp-json\/wp\/v2\/pages\/5126\/revisions\/132692"}],"up":[{"embeddable":true,"href":"https:\/\/www.biavl.dk\/medlemmer\/wp-json\/wp\/v2\/pages\/132676"}],"wp:attachment":[{"href":"https:\/\/www.biavl.dk\/medlemmer\/wp-json\/wp\/v2\/media?parent=5126"}],"curies":[{"name":"wp","href":"https:\/\/api.w.org\/{rel}","templated":true}]}}