{"id":5166,"date":"2016-05-18T08:54:00","date_gmt":"2016-05-18T08:54:00","guid":{"rendered":"http:\/\/vonbulow.org\/medlemmer\/?page_id=5166"},"modified":"2019-10-08T11:46:38","modified_gmt":"2019-10-08T11:46:38","slug":"flydende-honning","status":"publish","type":"page","link":"https:\/\/www.biavl.dk\/medlemmer\/videnbank\/om-honning\/flydende-honning\/","title":{"rendered":"FLYDENDE HONNING"},"content":{"rendered":"<div id=\"pageContainer1\" class=\"page\" data-page-number=\"1\" data-loaded=\"true\">\n<div class=\"textLayer\">\n<div data-canvas-width=\"131.19449696611537\">\n<p>Flydende honning bliver mere og mere efterspurgt hos forbrugeren. Det enten fordi forbrugeren har oplevet det p\u00e5 en ferietur til syden og dermed forbinder gode oplevelser hermed eller fordi forbrugeren synes, at det er praktisk i madlavningen. Og sidst men ikke mindst, s\u00e5 smager flydende honning rigtig godt.<\/p>\n<p><img loading=\"lazy\" decoding=\"async\" width=\"300\" height=\"226\" class=\"alignnone size-medium wp-image-5167\" src=\"http:\/\/www.biavl.dk\/medlemmer\/wp-content\/uploads\/2016\/05\/HONNING1-300x226.png\" alt=\"HONNING1\" srcset=\"https:\/\/www.biavl.dk\/medlemmer\/wp-content\/uploads\/2016\/05\/HONNING1-300x226.png 300w, https:\/\/www.biavl.dk\/medlemmer\/wp-content\/uploads\/2016\/05\/HONNING1.png 392w\" sizes=\"auto, (max-width: 300px) 100vw, 300px\" \/><\/p>\n<p>S\u00e5 hvorfor tilbyder vi ikke det til vores kunder. Vi er alle enige om at nyslynget honning har en unik smag, men vi kan v\u00e6re nerv\u00f8se for at honningen begynder at krystallisere.<\/p>\n<p>Jeg har gennem flere \u00e5r leveret nyslynget honning til min lokale jordb\u00e6ravler. Jordb\u00e6rs\u00e6sonen er kort og holdbarheden for jordb\u00e6r er kort. Det samme g\u00e6lder for nyslynget honning. Derfor g\u00e5r disse to produkter s\u00e5 godt i sp\u00e6nd sammen.<\/p>\n<p><img loading=\"lazy\" decoding=\"async\" width=\"211\" height=\"300\" class=\"alignnone size-medium wp-image-5168\" src=\"http:\/\/www.biavl.dk\/medlemmer\/wp-content\/uploads\/2016\/05\/HONNING2-211x300.png\" alt=\"HONNING2\" srcset=\"https:\/\/www.biavl.dk\/medlemmer\/wp-content\/uploads\/2016\/05\/HONNING2-211x300.png 211w, https:\/\/www.biavl.dk\/medlemmer\/wp-content\/uploads\/2016\/05\/HONNING2.png 392w\" sizes=\"auto, (max-width: 211px) 100vw, 211px\" \/><\/p>\n<p>N\u00e5r honningen er taget fra og slynget og sier jeg den to gange, hvoraf den sidste sining sker igennem en meget fin finsi. Honningen kommes p\u00e5 225 grams glas, og selvf\u00f8lgelig med Danmarks Biavlerforenings etiket p\u00e5. P\u00e5 den m\u00e5de holder rapshonningen sig fint flydende i op til 14 dage og ofte l\u00e6ngere. Jeg anbefaler selvf\u00f8lgelig at honningen opbevares ved stuetemperatur. Skulle det g\u00e5 galt for forbrugeren at honningen krystalliserer, anbefaler jeg en smeltning i et vandbad.<\/p>\n<p>N\u00e5r vi h\u00f8ster honning 2. gang og der ikke er nektar fra korsblomstrede planter i, har vi i mange tilf\u00e6lde set at honningen forbliver flydende i flere m\u00e5neder.<\/p>\n<p>S\u00e5 lad os gribe chancen og lad os tage del i salget af flydende honning.<\/p>\n<p>Danmarks Biavlerforening arrangerer \u00e5rligt en Honning&amp;Jordb\u00e6rdag, som er den oplagte mulighed for at markedsf\u00f8re den flydende, nyslyngede honning. Der er intet som jordb\u00e6r med honning p\u00e5.<\/p>\n<p><em>Flemming Vejsn\u00e6s<\/em><\/p>\n<\/div>\n<\/div>\n<\/div>\n","protected":false},"excerpt":{"rendered":"<p>Flydende honning bliver mere og mere efterspurgt hos forbrugeren. Det enten fordi forbrugeren har oplevet det p\u00e5 en ferietur til syden og dermed forbinder gode oplevelser hermed eller fordi forbrugeren synes, at det er praktisk i madlavningen. Og sidst men ikke mindst, s\u00e5 smager flydende honning rigtig godt. S\u00e5 hvorfor tilbyder vi ikke det til [&hellip;]<\/p>\n","protected":false},"author":1,"featured_media":0,"parent":228,"menu_order":4,"comment_status":"closed","ping_status":"closed","template":"page-artiklen.php","meta":{"_acf_changed":false,"footnotes":""},"class_list":["post-5166","page","type-page","status-publish","hentry"],"acf":[],"aioseo_notices":[],"_links":{"self":[{"href":"https:\/\/www.biavl.dk\/medlemmer\/wp-json\/wp\/v2\/pages\/5166","targetHints":{"allow":["GET"]}}],"collection":[{"href":"https:\/\/www.biavl.dk\/medlemmer\/wp-json\/wp\/v2\/pages"}],"about":[{"href":"https:\/\/www.biavl.dk\/medlemmer\/wp-json\/wp\/v2\/types\/page"}],"author":[{"embeddable":true,"href":"https:\/\/www.biavl.dk\/medlemmer\/wp-json\/wp\/v2\/users\/1"}],"replies":[{"embeddable":true,"href":"https:\/\/www.biavl.dk\/medlemmer\/wp-json\/wp\/v2\/comments?post=5166"}],"version-history":[{"count":1,"href":"https:\/\/www.biavl.dk\/medlemmer\/wp-json\/wp\/v2\/pages\/5166\/revisions"}],"predecessor-version":[{"id":8745,"href":"https:\/\/www.biavl.dk\/medlemmer\/wp-json\/wp\/v2\/pages\/5166\/revisions\/8745"}],"up":[{"embeddable":true,"href":"https:\/\/www.biavl.dk\/medlemmer\/wp-json\/wp\/v2\/pages\/228"}],"wp:attachment":[{"href":"https:\/\/www.biavl.dk\/medlemmer\/wp-json\/wp\/v2\/media?parent=5166"}],"curies":[{"name":"wp","href":"https:\/\/api.w.org\/{rel}","templated":true}]}}