{"id":5200,"date":"2016-05-18T09:51:05","date_gmt":"2016-05-18T09:51:05","guid":{"rendered":"http:\/\/vonbulow.org\/medlemmer\/?page_id=5200"},"modified":"2020-07-15T11:56:22","modified_gmt":"2020-07-15T11:56:22","slug":"europaeisk-bipest","status":"publish","type":"page","link":"https:\/\/www.biavl.dk\/medlemmer\/videnbank\/biygdom\/sygdomme\/europaeisk-bipest\/","title":{"rendered":"EUROP\u00c6ISK BIPEST"},"content":{"rendered":"<p>Europ\u00e6isk bipest er en meget smitsom tarmsygdom hos honningbiernes yngel, som for\u00e5rsages af bakterien <em>Melissococcus pluton<\/em>. Den er generelt ikke s\u00e5 alvorlig som ondartet bipest, men kan dog v\u00e6re \u00e5rsag til store tab af yngel og bifamilier.<\/p>\n<p>Bakterien spredes af ammebierne via fodersaften til larverne (alle kaster kan angribes). Jo yngre larverne er, desto mindre bakteriem\u00e6ngde er n\u00f8dvendig for at fremkalde sygdommen. Larver \u00e6ldre end 48 timer skal have store m\u00e6ngder bakterier for at blive syge. Bakterien f\u00f8res ned i midttarmen, hvor en voldsom opformering finder sted. Sm\u00e5, d\u00f8de larver vil ligge i forvredne stillinger. Larverne vil til en vis grad v\u00e6re gennemsigtige men med synlige luftr\u00f8r.<\/p>\n<p>St\u00f8rre larver som d\u00f8r af sygdommen bliver slappe, fl\u00f8defarvede og lugter syrligt. Efterh\u00e5nden t\u00f8rrer de ind til skorper.<\/p>\n<p><img loading=\"lazy\" decoding=\"async\" width=\"300\" height=\"184\" class=\"alignnone size-medium wp-image-5201\" src=\"http:\/\/www.biavl.dk\/medlemmer\/wp-content\/uploads\/2016\/05\/SYGDOMME6-300x184.png\" alt=\"SYGDOMME6\" srcset=\"https:\/\/www.biavl.dk\/medlemmer\/wp-content\/uploads\/2016\/05\/SYGDOMME6-300x184.png 300w, https:\/\/www.biavl.dk\/medlemmer\/wp-content\/uploads\/2016\/05\/SYGDOMME6.png 627w\" sizes=\"auto, (max-width: 300px) 100vw, 300px\" \/><\/p>\n<p>En tredje type af d\u00f8d yngel som f\u00f8lge af europ\u00e6isk bipest kan ses i b\u00e5de u- og forseglede celler. Her finder man en slimet, sortbrun masse som stinker r\u00e5ddent. Massen er til en vis grad tr\u00e5dtr\u00e6kkende, men ikke n\u00e6r s\u00e5 meget som ved ondartet bipest.<\/p>\n<p><strong>FOREKOMST<br \/>\n<\/strong>Der har tidligere &#8211; specielt i 1960\u2019erne og 1970\u2019erne &#8211; v\u00e6ret problemer med sygdommen i flere omr\u00e5der af landet bl.a. i Hanherred, p\u00e5 L\u00e6s\u00f8 og i Sydvest-Sj\u00e6lland. I en periode fra 1993 og frem til 2002 blev der ikke konstateret tilf\u00e6lde af sygdommen. Hvorfor sygdommen igen viser sig i Danmark efter ikke at have v\u00e6ret set i en ti-\u00e5rig periode, er der ikke umiddelbart nogen forklaring p\u00e5. I 2004 var der 4 big\u00e5rde og i 2005 1 big\u00e5rd, hvorefter der ikke er fundet nogle udbrud. I Tyskland har man ogs\u00e5 oplevet en opblomstring af sygdommen, og man har foresl\u00e5et, at Varroa-miden i sammenh\u00e6ng med Akut Paralyse Virus (se APV) kan v\u00e6re en medvirkende \u00e5rsag. APV bevirker en adf\u00e6rds\u00e6ndring hos de voksne bier, som medf\u00f8rer, at ynglen bliver passet d\u00e5rligere end normalt. Bifamilier angrebet af APV menes derfor at v\u00e6re mere modtagelig over for andre yngelsygdomme.<\/p>\n<p>I Norge, Schweiz og England har sygdommen haft en opblomstring i perioden frem til 2010.<\/p>\n<p>Som n\u00e6vnt fandt man tilf\u00e6lde af sygdommen i 2002, hvor den blev konstateret i fem big\u00e5rde. \u00c5ret efter blev den kun fundet i \u00e9n big\u00e5rd, mens den i 2004 forekom i fire big\u00e5rde. Alle de n\u00e6vnte tilf\u00e6lde var begr\u00e6nset til det samme omr\u00e5de. Siden har der kun v\u00e6ret konstateret ingen eller ganske f\u00e5 tilf\u00e6lde i Danmark.<\/p>\n<p><strong>SYMPTOMER<br \/>\n<\/strong>Yngeltavler med tomme celler pga. biernes udrensning af syg og d\u00f8d yngel. De sm\u00e5 larver bliver delvist gennemsigtige. De store larver bliver slappe og synker sammen p\u00e5 cellens underside. De bliver fl\u00f8defarvede og lugter syrligt.<\/p>\n<p>D\u00f8d yngel kan findes i b\u00e5de \u00e5bne og forseglede celler. Bierne har delvist fjernet celleforseglingen over den d\u00f8de yngel. D\u00f8de larver bliver slappe og kan ligge i forvredne stillinger. Den d\u00f8de yngel i forseglede celler r\u00e5dner til en slimet stinkende masse. Yngelen t\u00f8rrer efterh\u00e5nden og danner skorper.<\/p>\n<p>Sygdommen er s\u00e6sonbetonet og optr\u00e6der hyppigst i forsommeren.<\/p>\n<p><strong>SPREDNING<br \/>\n<\/strong>I bifamilien spredes bakterien af stadebierne. Herudover sker spredning ved sv\u00e6rmning, fejlflyvning og r\u00f8veri.<br \/>\nBakterien kan overleve i l\u00e6ngere perioder p\u00e5 tavlerne, hvorfor udveksling af tavler mellem bifamilier og big\u00e5rde f\u00f8rer til en spredning af bakterien.<\/p>\n<p><strong>FORVEKSLINGSMULIGHEDER<\/strong><br \/>\nSymptomerne i de forseglede celler kan forveksles med ondartet bipest.<\/p>\n<p><strong>P\u00c5VISNING<br \/>\n<\/strong>Europ\u00e6isk bipest er omfattet af den offentlige bek\u00e6mpelse af bisygdomme (se Hvad g\u00f8r jeg). Dette medf\u00f8rer, at der skal indsendes en tavlepr\u00f8ve til Offentlig Bisygdomsbek\u00e6mpelse, hvis der er mistanke om europ\u00e6isk bipest i en bifamilie. Hvis diagnosen viser europ\u00e6isk bipest, r\u00e5dgiver bisygdomsinspekt\u00f8ren om forebyggelse og behandling.<\/p>\n<p><strong>FOREBYGGELSE<br \/>\n<\/strong>En meget vigtig forebyggende foranstaltning overfor europ\u00e6isk bipest, er, at have sygdomstolerante bier. Det vil sige bier, som udviser hygiejnisk adf\u00e6rd ved at de voksne bier er i stand til at opdage og fjerne inficeret og syg yngel. Skift derfor til dronninger fra tolerante bistammer (f\u00e5 informationer hos dronningavleren).<\/p>\n<p>Endvidere kan man forebygge udbrud af europ\u00e6isk bipest ved at anvende en almindelig sygdomsforebyggende biavlspraktik. Udskift tavlerne j\u00e6vnligt og udvid kun med kunsttavler. Udskiftede tavler omsmeltes. Reng\u00f8r biavlsmate-riellet.<\/p>\n<p>S\u00f8rg for gode big\u00e5rde placeret i omr\u00e5der med godt nektartr\u00e6k og god pollenforsyning. I tr\u00e6kl\u00f8se perioder fodres, dog m\u00e5 man ikke fodre med honning og pollen, da det kan v\u00e6re forurenet med bipestsporer.<\/p>\n<p><strong>BEK\u00c6MPELSE<br \/>\n<\/strong>Modsat tidligere bliver bifamilier med europ\u00e6isk bipest behandlet p\u00e5 niveau med ondartet bipest. Det vil sige at sygdommen anmeldes til biinspekt\u00f8ren, s\u00e5 forest\u00e5r aflivningen af bifamilierne.<\/p>\n<p><img loading=\"lazy\" decoding=\"async\" width=\"300\" height=\"291\" class=\"alignnone size-medium wp-image-5202\" src=\"http:\/\/www.biavl.dk\/medlemmer\/wp-content\/uploads\/2016\/05\/SYGDOMME7-300x291.png\" alt=\"SYGDOMME7\" srcset=\"https:\/\/www.biavl.dk\/medlemmer\/wp-content\/uploads\/2016\/05\/SYGDOMME7-300x291.png 300w, https:\/\/www.biavl.dk\/medlemmer\/wp-content\/uploads\/2016\/05\/SYGDOMME7.png 523w\" sizes=\"auto, (max-width: 300px) 100vw, 300px\" \/><\/p>\n<p>Hullet yngelleje som f\u00f8lge af udrensning af syg og d\u00f8d yngel.<br \/>\n<em>Foto Henrik Hansen<\/em><\/p>\n<p><img loading=\"lazy\" decoding=\"async\" width=\"300\" height=\"284\" class=\"alignnone size-medium wp-image-5203\" src=\"http:\/\/www.biavl.dk\/medlemmer\/wp-content\/uploads\/2016\/05\/SYGDOMME8t-300x284.png\" alt=\"SYGDOMME8t\" srcset=\"https:\/\/www.biavl.dk\/medlemmer\/wp-content\/uploads\/2016\/05\/SYGDOMME8t-300x284.png 300w, https:\/\/www.biavl.dk\/medlemmer\/wp-content\/uploads\/2016\/05\/SYGDOMME8t.png 523w\" sizes=\"auto, (max-width: 300px) 100vw, 300px\" \/><\/p>\n<p>Sm\u00e5 larver delvist gennemsigtige. Store larver bliver slappe og synker sammen p\u00e5 cellens underside. Fl\u00f8defarvede med syrlig lugt.<br \/>\n<em>Foto Henrik Hansen<\/em><\/p>\n<p><img loading=\"lazy\" decoding=\"async\" width=\"300\" height=\"289\" class=\"alignnone size-medium wp-image-5204\" src=\"http:\/\/www.biavl.dk\/medlemmer\/wp-content\/uploads\/2016\/05\/SYGDOMME9-300x289.png\" alt=\"SYGDOMME9\" srcset=\"https:\/\/www.biavl.dk\/medlemmer\/wp-content\/uploads\/2016\/05\/SYGDOMME9-300x289.png 300w, https:\/\/www.biavl.dk\/medlemmer\/wp-content\/uploads\/2016\/05\/SYGDOMME9.png 523w\" sizes=\"auto, (max-width: 300px) 100vw, 300px\" \/><\/p>\n<p>Ynglen d\u00f8r b\u00e5de i forseglede og uforseglede celler. Cellel\u00e5gene delvist fjernet. D\u00f8de larver kan ligge i forvredne stillinger.<br \/>\n<em>Foto Henrik Hansen<\/em><\/p>\n<p><img loading=\"lazy\" decoding=\"async\" width=\"300\" height=\"282\" class=\"alignnone size-medium wp-image-5205\" src=\"http:\/\/www.biavl.dk\/medlemmer\/wp-content\/uploads\/2016\/05\/SYGDOMME10-300x282.png\" alt=\"SYGDOMME10\" srcset=\"https:\/\/www.biavl.dk\/medlemmer\/wp-content\/uploads\/2016\/05\/SYGDOMME10-300x282.png 300w, https:\/\/www.biavl.dk\/medlemmer\/wp-content\/uploads\/2016\/05\/SYGDOMME10.png 523w\" sizes=\"auto, (max-width: 300px) 100vw, 300px\" \/><\/p>\n<p>Den d\u00f8de yngel r\u00e5dner til slimet, stinkende masse. Indt\u00f8rrer til skorper.<br \/>\n<em>Foto Henrik Hansen<\/em><\/p>\n","protected":false},"excerpt":{"rendered":"<p>Europ\u00e6isk bipest er en meget smitsom tarmsygdom hos honningbiernes yngel, som for\u00e5rsages af bakterien Melissococcus pluton. Den er generelt ikke s\u00e5 alvorlig som ondartet bipest, men kan dog v\u00e6re \u00e5rsag til store tab af yngel og bifamilier. Bakterien spredes af ammebierne via fodersaften til larverne (alle kaster kan angribes). Jo yngre larverne er, desto mindre [&hellip;]<\/p>\n","protected":false},"author":1,"featured_media":0,"parent":5189,"menu_order":6,"comment_status":"closed","ping_status":"closed","template":"","meta":{"_acf_changed":false,"footnotes":""},"class_list":["post-5200","page","type-page","status-publish","hentry"],"acf":[],"aioseo_notices":[],"_links":{"self":[{"href":"https:\/\/www.biavl.dk\/medlemmer\/wp-json\/wp\/v2\/pages\/5200","targetHints":{"allow":["GET"]}}],"collection":[{"href":"https:\/\/www.biavl.dk\/medlemmer\/wp-json\/wp\/v2\/pages"}],"about":[{"href":"https:\/\/www.biavl.dk\/medlemmer\/wp-json\/wp\/v2\/types\/page"}],"author":[{"embeddable":true,"href":"https:\/\/www.biavl.dk\/medlemmer\/wp-json\/wp\/v2\/users\/1"}],"replies":[{"embeddable":true,"href":"https:\/\/www.biavl.dk\/medlemmer\/wp-json\/wp\/v2\/comments?post=5200"}],"version-history":[{"count":1,"href":"https:\/\/www.biavl.dk\/medlemmer\/wp-json\/wp\/v2\/pages\/5200\/revisions"}],"predecessor-version":[{"id":8693,"href":"https:\/\/www.biavl.dk\/medlemmer\/wp-json\/wp\/v2\/pages\/5200\/revisions\/8693"}],"up":[{"embeddable":true,"href":"https:\/\/www.biavl.dk\/medlemmer\/wp-json\/wp\/v2\/pages\/5189"}],"wp:attachment":[{"href":"https:\/\/www.biavl.dk\/medlemmer\/wp-json\/wp\/v2\/media?parent=5200"}],"curies":[{"name":"wp","href":"https:\/\/api.w.org\/{rel}","templated":true}]}}