{"id":5223,"date":"2016-05-18T10:11:37","date_gmt":"2016-05-18T10:11:37","guid":{"rendered":"http:\/\/vonbulow.org\/medlemmer\/?page_id=5223"},"modified":"2024-08-16T07:22:56","modified_gmt":"2024-08-16T07:22:56","slug":"oversigtover-kyndige-biavlere","status":"publish","type":"page","link":"https:\/\/www.biavl.dk\/medlemmer\/videnbank\/biygdom\/sygdomme\/oversigtover-kyndige-biavlere\/","title":{"rendered":"OVERSIGT OVER KYNDIGE BIAVLERE"},"content":{"rendered":"<p>Kyndige biavlere, er biavlere der har taget et 3 dages kursus hos Offentlig Bisygdomsbek\u00e6mpelse. Kurset giver deltagerne kompetance indenfor bisygdomme og de danske biavlslove. Som en del af uddannelsen bemyndiges man til bl.a. at kunne udstede sundhedsattester, som skal udstedes n\u00e5r bifamilier flyttes, s\u00e6lges m.m.<\/p>\n<p><em>Denne liste er en interaktiv liste, hvor kyndige biavlere selv kan melde sig p\u00e5 og fra listen. Det er frivilligt at st\u00e5 p\u00e5 listen. Alle kyndige biavlere p\u00e5 nedenst\u00e5ende liste er medlemmer af Danmarks Biavlerforening. Det vil sige at der findes v\u00e6sentligt flere kyndige biavlere i Danmark.<br \/>\n<\/em>Er du kyndig biavler, men st\u00e5r ikke p\u00e5 listen, kan du g\u00e5 til MIN SIDE, logge dig ind og krydse dig af til Kyndig biavlerlisten, hvorefter du vil v\u00e6re p\u00e5 listen den f\u00f8rste efterf\u00f8lgende arbejdsdag.<\/p>\n<p>Skal man have synet bier, kan man henvende sig til nedenst\u00e5ende og mod betaling bede om at f\u00e5 lavet syn p\u00e5 egne bifamilier.\u00a0 Bem\u00e6rk at kyndige biavlere p\u00e5 listen ikke forpligtiget til at foretage et syn ved henvendelse.<\/p>\n<p><em>Bem\u00e6rk der findes ca. 900 kyndige biavlere i Danmark, hvorfor listen bestemt ikke er fyldestg\u00f8rende.<br \/>\n<\/em>Klik her for liste over kyndige biavlere.\u00a0<a href=\"https:\/\/www.varroa.dk\/adresser\/kyndig-biavler\/\">Kyndige biavlerliste<\/a><\/p>\n<p><em>\u00a0<\/em><\/p>\n","protected":false},"excerpt":{"rendered":"<p>Kyndige biavlere, er biavlere der har taget et 3 dages kursus hos Offentlig Bisygdomsbek\u00e6mpelse. Kurset giver deltagerne kompetance indenfor bisygdomme og de danske biavlslove. Som en del af uddannelsen bemyndiges man til bl.a. at kunne udstede sundhedsattester, som skal udstedes n\u00e5r bifamilier flyttes, s\u00e6lges m.m. Denne liste er en interaktiv liste, hvor kyndige biavlere selv [&hellip;]<\/p>\n","protected":false},"author":1,"featured_media":0,"parent":5189,"menu_order":25,"comment_status":"closed","ping_status":"closed","template":"","meta":{"_acf_changed":false,"footnotes":""},"class_list":["post-5223","page","type-page","status-publish","hentry"],"acf":[],"aioseo_notices":[],"_links":{"self":[{"href":"https:\/\/www.biavl.dk\/medlemmer\/wp-json\/wp\/v2\/pages\/5223","targetHints":{"allow":["GET"]}}],"collection":[{"href":"https:\/\/www.biavl.dk\/medlemmer\/wp-json\/wp\/v2\/pages"}],"about":[{"href":"https:\/\/www.biavl.dk\/medlemmer\/wp-json\/wp\/v2\/types\/page"}],"author":[{"embeddable":true,"href":"https:\/\/www.biavl.dk\/medlemmer\/wp-json\/wp\/v2\/users\/1"}],"replies":[{"embeddable":true,"href":"https:\/\/www.biavl.dk\/medlemmer\/wp-json\/wp\/v2\/comments?post=5223"}],"version-history":[{"count":2,"href":"https:\/\/www.biavl.dk\/medlemmer\/wp-json\/wp\/v2\/pages\/5223\/revisions"}],"predecessor-version":[{"id":276278,"href":"https:\/\/www.biavl.dk\/medlemmer\/wp-json\/wp\/v2\/pages\/5223\/revisions\/276278"}],"up":[{"embeddable":true,"href":"https:\/\/www.biavl.dk\/medlemmer\/wp-json\/wp\/v2\/pages\/5189"}],"wp:attachment":[{"href":"https:\/\/www.biavl.dk\/medlemmer\/wp-json\/wp\/v2\/media?parent=5223"}],"curies":[{"name":"wp","href":"https:\/\/api.w.org\/{rel}","templated":true}]}}