{"id":5238,"date":"2016-05-18T10:28:41","date_gmt":"2016-05-18T10:28:41","guid":{"rendered":"http:\/\/vonbulow.org\/medlemmer\/?page_id=5238"},"modified":"2020-07-15T11:56:22","modified_gmt":"2020-07-15T11:56:22","slug":"stenyngel","status":"publish","type":"page","link":"https:\/\/www.biavl.dk\/medlemmer\/videnbank\/biygdom\/sygdomme\/stenyngel\/","title":{"rendered":"STENYNGEL"},"content":{"rendered":"<p>Stenyngel for\u00e5rsages af skimmelsvampen Aspergillus flavus. B\u00e5de voksne bier og bi-larver kan smittes.<\/p>\n<p>Infektionen begynder ved, at sporer af svampen indtages gennem foder. N\u00e5r sporerne kommer ned i tarmen, begynder de at spire og der dannes mycelier. Disse mycelier gennemvokser og \u00f8del\u00e6gger v\u00e6v og organer i biens indre. Til sidst vokser myceliet ud gennem overfladen af bien, hvorefter s\u00e5kaldte konidieb\u00e6rere dannes. Konidieb\u00e6rerne danner og spreder nye sporer som s\u00e5 kan inficere nye bier eller larver.<\/p>\n<p>Den omvendte situation, alts\u00e5 at sporerne spirer udenp\u00e5 bien og herefter vokser ind i kroppen, er ogs\u00e5 mulig.<\/p>\n<p>Der er meldepligt p\u00e5 denne sygdom, hvilket betyder, at bisygdomsinspekt\u00f8ren skal tilkaldes. I samr\u00e5d med Offentlig Bisygdomsbek\u00e6mpelse iv\u00e6rks\u00e6ttes bek\u00e6mpelse (Klik her).<\/p>\n<p>\u00c5rsagen til, at der er meldepligt for stenyngel, er, at den sygdomsfremkaldende svamp producerer giftstoffer som er farlige for mennesker. Svampen er ogs\u00e5 i stand til at angribe menneskets slimhinder og kan fremkalde allergiske lidelser.<\/p>\n<p><strong>FOREKOMST<br \/>\n<\/strong>Stenyngel er heldigvis sj\u00e6ldent forekommende i Danmark. Sidst sygdommen blev konstateret var helt tilbage i 1970.<\/p>\n<p><img loading=\"lazy\" decoding=\"async\" width=\"300\" height=\"185\" class=\"alignnone size-medium wp-image-5239\" src=\"http:\/\/www.biavl.dk\/medlemmer\/wp-content\/uploads\/2016\/05\/SYGDOMME29-300x185.png\" alt=\"SYGDOMME29\" srcset=\"https:\/\/www.biavl.dk\/medlemmer\/wp-content\/uploads\/2016\/05\/SYGDOMME29-300x185.png 300w, https:\/\/www.biavl.dk\/medlemmer\/wp-content\/uploads\/2016\/05\/SYGDOMME29.png 523w\" sizes=\"auto, (max-width: 300px) 100vw, 300px\" \/><br \/>\nLarver d\u00f8de som f\u00f8lge af stenyngel bliver skimlede &#8211; f\u00f8rst hvide og derefter gullige til bl\u00e5gr\u00f8nne.<\/p>\n<p><strong>SYMPTOMER<br \/>\n<\/strong>Larver inficeret med svampen d\u00f8r som regel i de forseglede celler. Her skrumper de ind til en h\u00e5rd mumie, som oftest sidder godt fast i cellen. Mumien er fyldt med sporer p\u00e5 ydersiden, hvilket giver dem enten et hvidligt\/gr\u00e5ligt eller gulligt\/gr\u00f8nligt\/brunligt udseende.<br \/>\nP\u00e5 bunden af bistadet kan man finde b\u00e5de mumier og d\u00f8de bier bekl\u00e6dt med sporer. Voksne bier som er d\u00f8de som f\u00f8lge af stenyngel, bliver bryst og bagkrop stenh\u00e5rde. Oftest kan man se sporer p\u00e5 overgangen mellem bryst og bagkrop.<\/p>\n<p>Angrebne bifamilier har ofte hullet yngelleje. Med tiden aftager m\u00e6ngden af yngel som f\u00f8lge af at ammebierne d\u00f8r. Der er alts\u00e5 tale om en gradvis sv\u00e6kkelse af bifamilien, som til sidst ender med at bifamilien d\u00f8r.<\/p>\n<p><strong>FORVEKSLINGSMULIGHEDER<br \/>\n<\/strong><span style=\"line-height: 1.5;\">Stenyngel kan forveksles med kalkyngel og pollenskimmel.<\/span><strong><br \/>\n<\/strong><\/p>\n<p><strong>P\u00c5VISNING<br \/>\n<\/strong>Man vil oftest kunne finde de sporebef\u00e6ngte bier ligge p\u00e5 stadebunden. Mumierne kan ogs\u00e5 findes p\u00e5 stadebunden, men som regel sidder de s\u00e5 godt fast i cellerne, at bierne ikke er i stand til at rense dem ud.<br \/>\nDet forhold, at mumierne sidder s\u00e5 godt fast i cellerne kan bruges, n\u00e5r man skal vurdere, om bifamilien er angrebet af sten- eller kalkyngel. Kalkyngelmumier kan man hive ud af cellerne vha. en pincet \u2013 det kan man stort set ikke, hvis det er stenyngelmumier.<\/p>\n<p><strong>FOREBYGGELSE<\/strong><br \/>\nS\u00f8rg for at have kraftige bifamilier. Lav ikke afl\u00e6ggere for sm\u00e5 og foren aldrig en kraftig familie med en svag. S\u00f8rg for hyppig tavleskift og undg\u00e5 at bifamilierne sulter.<\/p>\n<p><strong>BEK\u00c6MPELSE<\/strong><br \/>\nDer er anmeldelsespligt ved forekomst af stenyngel. Bifamilierne sl\u00e5s ihjel og tavler fra s\u00e5danne bifamilier br\u00e6ndes. Andet materiel desinficeres som ved ondartet bipest.<\/p>\n","protected":false},"excerpt":{"rendered":"<p>Stenyngel for\u00e5rsages af skimmelsvampen Aspergillus flavus. B\u00e5de voksne bier og bi-larver kan smittes. Infektionen begynder ved, at sporer af svampen indtages gennem foder. N\u00e5r sporerne kommer ned i tarmen, begynder de at spire og der dannes mycelier. Disse mycelier gennemvokser og \u00f8del\u00e6gger v\u00e6v og organer i biens indre. Til sidst vokser myceliet ud gennem overfladen [&hellip;]<\/p>\n","protected":false},"author":1,"featured_media":0,"parent":5189,"menu_order":8,"comment_status":"closed","ping_status":"closed","template":"","meta":{"_acf_changed":false,"footnotes":""},"class_list":["post-5238","page","type-page","status-publish","hentry"],"acf":[],"aioseo_notices":[],"_links":{"self":[{"href":"https:\/\/www.biavl.dk\/medlemmer\/wp-json\/wp\/v2\/pages\/5238","targetHints":{"allow":["GET"]}}],"collection":[{"href":"https:\/\/www.biavl.dk\/medlemmer\/wp-json\/wp\/v2\/pages"}],"about":[{"href":"https:\/\/www.biavl.dk\/medlemmer\/wp-json\/wp\/v2\/types\/page"}],"author":[{"embeddable":true,"href":"https:\/\/www.biavl.dk\/medlemmer\/wp-json\/wp\/v2\/users\/1"}],"replies":[{"embeddable":true,"href":"https:\/\/www.biavl.dk\/medlemmer\/wp-json\/wp\/v2\/comments?post=5238"}],"version-history":[{"count":1,"href":"https:\/\/www.biavl.dk\/medlemmer\/wp-json\/wp\/v2\/pages\/5238\/revisions"}],"predecessor-version":[{"id":8707,"href":"https:\/\/www.biavl.dk\/medlemmer\/wp-json\/wp\/v2\/pages\/5238\/revisions\/8707"}],"up":[{"embeddable":true,"href":"https:\/\/www.biavl.dk\/medlemmer\/wp-json\/wp\/v2\/pages\/5189"}],"wp:attachment":[{"href":"https:\/\/www.biavl.dk\/medlemmer\/wp-json\/wp\/v2\/media?parent=5238"}],"curies":[{"name":"wp","href":"https:\/\/api.w.org\/{rel}","templated":true}]}}