{"id":5241,"date":"2016-05-18T11:07:53","date_gmt":"2016-05-18T11:07:53","guid":{"rendered":"http:\/\/vonbulow.org\/medlemmer\/?page_id=5241"},"modified":"2020-07-15T11:56:22","modified_gmt":"2020-07-15T11:56:22","slug":"varroa","status":"publish","type":"page","link":"https:\/\/www.biavl.dk\/medlemmer\/videnbank\/biygdom\/sygdomme\/varroa\/","title":{"rendered":"VARROA"},"content":{"rendered":"<p><img loading=\"lazy\" decoding=\"async\" width=\"300\" height=\"270\" class=\"alignnone size-medium wp-image-5242\" src=\"http:\/\/www.biavl.dk\/medlemmer\/wp-content\/uploads\/2016\/05\/VARROA1-300x270.png\" alt=\"VARROA1\" srcset=\"https:\/\/www.biavl.dk\/medlemmer\/wp-content\/uploads\/2016\/05\/VARROA1-300x270.png 300w, https:\/\/www.biavl.dk\/medlemmer\/wp-content\/uploads\/2016\/05\/VARROA1.png 523w\" sizes=\"auto, (max-width: 300px) 100vw, 300px\" \/><\/p>\n<p><img loading=\"lazy\" decoding=\"async\" width=\"300\" height=\"264\" class=\"alignnone size-medium wp-image-5243\" src=\"http:\/\/www.biavl.dk\/medlemmer\/wp-content\/uploads\/2016\/05\/VARROA2-300x264.png\" alt=\"VARROA2\" srcset=\"https:\/\/www.biavl.dk\/medlemmer\/wp-content\/uploads\/2016\/05\/VARROA2-300x264.png 300w, https:\/\/www.biavl.dk\/medlemmer\/wp-content\/uploads\/2016\/05\/VARROA2.png 523w\" sizes=\"auto, (max-width: 300px) 100vw, 300px\" \/><br \/>\n<em>\u00d8verst: Undersiden af en varroa-mide hun. Nederst: Snabel. Foto Jose Bresdani, KVL.<\/em><\/p>\n<p><strong>SKADEVOLDER<br \/>\n<\/strong>Varroa-miden er en parasit som lever p\u00e5 honningbier, hvor den ern\u00e6rer sig af blod fra b\u00e5de voksne bier og bi-yngel. Udover den skade og sv\u00e6kkelse denne parasittering medf\u00f8rer, er miden ogs\u00e5 b\u00e6rer af forskellige vira som kan angribe bierne.<\/p>\n<p>For godt 100 \u00e5r siden fandt og beskrev man varroa-miden for f\u00f8rste gang. Det f\u00f8rste fund man gjorde var hos den asiatiske bi (<em>Apis cerana<\/em>) p\u00e5 Java (det nuv\u00e6rende Indonesien). Den mide man fandt, blev tildelt navnet <em>Varroa jacobsoni.<\/em><\/p>\n<p><em>Varroa jacobsoni<\/em> og den asiatiske bi havde tilpasset sig hinanden, s\u00e5 de kunne leve i sameksistens uden at miden for\u00e5rsagede de skader, som vi ser hos de europ\u00e6iske bier (<em>Apis mellifera<\/em>). Blandt andet formerer miden sig ikke p\u00e5 arbejderyngel hos den asiatiske bi, og samtidig er forseglingsperioden af droneyngel kortere hos de asiatiske bier. Men dette er slet ikke forklaringen p\u00e5, hvorfor de europ\u00e6iske bier skades s\u00e5 meget mere end de asiatiske.<\/p>\n<p>\u00c5rsagen til, at varroa forvolder s\u00e5 stor skade p\u00e5 de europ\u00e6iske bier, er den, at der er tale om en helt anden art af varroa. Det var f\u00f8rst omkring \u00e5r 2000 man fandt ud af, at de varroa-mider vi har p\u00e5 vores europ\u00e6iske bier er af arten <em>Varroa destructor<\/em>. Man har sidenhen opdaget, at <em>Varroa destructor<\/em> (fremover blot ben\u00e6vnt varroa) findes i to typer afh\u00e6ngigt af oprindelsessted. Der findes en japansk\/thailandsk type som findes i Nord- og Sydamerika. Denne type synes ikke at for\u00e5rsage de store skader.<\/p>\n<p>Derimod er den anden type &#8211; russisk\/koreansk &#8211; skadelig for de europ\u00e6iske bier. Denne type findes i Europa, Mellem\u00f8sten, Sydafrika samt i Nord- og Sydamerika.<\/p>\n<p>Varroa-miden er en parasit som kun kan leve p\u00e5 levende bier, hvor den lever uden p\u00e5 sin v\u00e6rt. Den lever af, ved hj\u00e6lp af sine bidende og sugende munddele, at suge blod fra b\u00e5de yngel og voksne bier. Det er kun hun-mider som er i stand til at suge blod, idet han-midens munddele er omdannet til parringsorganer.<\/p>\n<p>Den voksne hun-mides kropsform er oval &#8211; ca. 1,5-1,7 mm bred og 1,1-1,2 mm lang &#8211; og kan ses med det blotte \u00f8je. Midens farve varierer fra lysbrun (unge mider) til m\u00f8rk brun (\u00e6ldre mider). Hannerne, som er mere runde i facon, er mindre og lysere end hunnerne.<\/p>\n<p>P\u00e5 oversiden er miden beskyttet af et h\u00e5rdt og vandskyende rygskjold. Da miden udvider sig meget n\u00e5r den optager f\u00f8de og n\u00e5r den er gravid, er undersiden best\u00e5ende af flere plader som holdes sammen ved hj\u00e6lp af en elastisk hud. P\u00e5 den m\u00e5de kan kroppen udvides og tr\u00e6kkes sammen igen.<\/p>\n<p>Den voksne mide har fire par ben, hvoraf det forreste er udstyret med adskillige sanseorganer. Yderst er hvert ben forsynet med en \u201esugekop&#8221; og en klo, hvilket g\u00f8r varroa i stand til b\u00e5de at kunne bev\u00e6ge sig hurtigt, men ogs\u00e5 at kunne holde godt fat.<\/p>\n<p>Varroa parasitterer b\u00e5de voksne bier og yngel, men kan kun formere sig p\u00e5 yngel i forseglede celler (b\u00e5de arbejder- og droneyngel). Udviklingen fra \u00e6g til voksent individ g\u00e5r over \u00e9t larvestadie samt to nymfestadier.<\/p>\n<p>Voksne hun-mider som sidder p\u00e5 bier (miden kan sidde p\u00e5 biens overflade, men den kan ogs\u00e5 gemme sig mellem leddene p\u00e5 bagkroppens underside) ops\u00f8ger yngelcellerne kort tid inden at disse forsegles. Miden n\u00e6rer en udbredt pr\u00e6ference for droneyngel pga. den l\u00e6ngere forseglingsperiode &#8211; faktisk vil de ti gange hellere formere sig p\u00e5 droneyngel end p\u00e5 arbejderyngel. Dette h\u00e6nger sammen med, at droneyngel er forseglet i l\u00e6ngere tid end arbejderyngel er, hvorved varroa kan producere mere afkom pr. moder.<\/p>\n<p>N\u00e5r miden er kravlet ind i en yngelcelle begynder den kort tid efter at optage n\u00e6ring. Efter cellens forsegling begynder miden at l\u00e6gge \u00e6g &#8211; det f\u00f8rste \u00e6g udvikles til en han. Efterf\u00f8lgende \u00e6g l\u00e6gges med ca. 30 timers mellemrum og udvikles alle til hunner. Efter at have gennemg\u00e5et larve- og to nymfestadier p\u00e5 ca. seks (hun) &#8211; syv (han) dage, er hannen klar til at parre sig med sin f\u00f8rste s\u00f8ster. Bem\u00e6rk, at der blandt mider ikke opst\u00e5r indavlsdepression!<\/p>\n<p>P\u00e5 de 12 dage arbejderyngelen er forseglet, kan der i gennemsnit produceres 1,6 parrede hunner pr. cyklus. Hos droneyngelen, som er forseglet i 14 dage, produceres op til 3 parrede hunner. Flere unders\u00f8gelser viser, at 75-80% af hun-miderne kun gennemf\u00f8rer \u00e9n reproduktionscyklus (\u00e6gl\u00e6gning), mens de resterende 20-25% gennemf\u00f8rer flere (helt op til syv gange i laboratorie-fors\u00f8g). Som gennemsnit anf\u00f8res normalt, at en hun-mide gennemf\u00f8rer 1,6 reproduktionscykler.<\/p>\n<p>N\u00e5r yngelcellens forsegling brydes af den f\u00e6rdigudviklede bi, forlader de f\u00e6rdigudviklede hun-mider cellen, idet de sidder p\u00e5 bien. Mideafkom som ikke er f\u00e6rdigudviklet samt hannen forlader ikke cellen, hvorfor de efterf\u00f8lgende d\u00f8r.<\/p>\n<p>De hun-mider som forlader cellen sammen med den unge bi, kan enten forblive p\u00e5 denne eller kravle over p\u00e5 andre bier. Efter fem-seks dage p\u00e5 voksne bier, ops\u00f8ger varroaen celler som snart skal forsegles, og herefter kan det hele gentage sig: ind i yngelcelle &#8211; \u00e6gl\u00e6gning &#8211; udvikling &#8211; parring.<\/p>\n<p>Som regel kan man g\u00e5 ud fra, at en bifamilie vil bukke under tre \u00e5r efter at en varroa-mide har indfundet sig i bifamilien, hvis man ikke foretager bek\u00e6mpelse af miden.<\/p>\n<p>Den hastighed hvormed varroapopulationen vokser illustreres bedst ved f\u00f8lgende:<\/p>\n<ul>\n<li>Hver m\u00e5ned i yngels\u00e6sonen for- dobles antallet af varroa-mider i bi- familien.<\/li>\n<li>Der sker en 100-dobling af varroa- mider p\u00e5 \u00e9n s\u00e6son.<\/li>\n<li>Der sker en 10-dobling fra \u00e5r til \u00e5r.<\/li>\n<li>Varroaens d\u00f8delighed er p\u00e5 mellem 50 og 90% om vinteren.<\/li>\n<\/ul>\n<p>F\u00f8r i tiden regnede man med, at en bifamilie ville bukke under, n\u00e5r der var et sted mellem 12.000-20.000 mider. I dag antages det, at en bifamilie vil bukke under ved under 5.000 mider. \u00c5rsagen hertil er, at der ogs\u00e5 optr\u00e6der f\u00f8lgesygdomme i forbindelse med et varroaangreb.<\/p>\n<p><strong>FOREKOMST<br \/>\n<\/strong>Varroa-miden kom til Danmark i 1984 og har siden effektivt spredt sig, s\u00e5ledes at den i dag findes over hele landet. (Dog ikke p\u00e5 Anholt, pr. 2011)<br \/>\nI takt med varroa-midens etablering og spredning i landet, er alle vilde bifamilier d\u00f8de som f\u00f8lge heraf.<\/p>\n<p><strong>SYMPTOMER<\/strong><br \/>\nSymptomerne p\u00e5 varroa-angreb kan v\u00e6re mange og ofte skyldes de ikke kun midens parasittering, men ogs\u00e5 sekund\u00e6re infektioner som f.eks. virussygdomme.<\/p>\n<p>Kraftige angreb p\u00e5 bi-yngelen medf\u00f8rer deformiteter (deforme vinger og bagkrop), og kan i v\u00e6rste fald tage livet af yngelen. Ligeledes har bierne kortere levetid.<\/p>\n<p>Yngellejet bliver uregelm\u00e6ssigt og cellel\u00e5gene vil v\u00e6re hullede. D\u00f8d yngel kan ligge i forvredne stillinger.<\/p>\n<p>Biernes adf\u00e6rd \u00e6ndres, og arbejdsopgaverne fors\u00f8mmes, f.eks. ringere yngelpleje. Opgaven som vagtbi fors\u00f8mmes ogs\u00e5, hvorved st\u00e6rkt angrebne bifamilier bliver lette ofre for r\u00f8veri. Desuden forringes biernes orienteringsevne, s\u00e5ledes at bierne ikke vender hjem til stadet n\u00e5r de har v\u00e6ret ude og samle nektar. Generelt forkortes biernes livsl\u00e6ngde.<\/p>\n<p>Bifamiliens styrke aftager, og bifamilierne vil g\u00e5 til grunde sidst p\u00e5 sommeren.<\/p>\n<p>Ved vinterfodringen kan man opleve, at bierne kun b\u00e6rer en lille del af foderet ned. I s\u00e5danne tilf\u00e6lde d\u00f8r bifamilien h\u00f8jst sandsynligt i l\u00f8bet af vinteren eller i det tidlige for\u00e5r.<\/p>\n<p><strong>SPREDNING<\/strong><br \/>\nSom n\u00e6vnt medf\u00f8rer varroa-angreb til forringelse af biernes orienteringsevne, hvilket g\u00f8r, at bierne flyver forkert og tigger sig ind i andre bifamilier.<br \/>\nR\u00f8veri af andre bifamilier kan sprede varroa-mider i stort antal. Vandrebiavl er ogs\u00e5 en effektiv spredningsvej.<br \/>\nHandel med bier og dronninger \u00f8ger spredningen.<\/p>\n<p><strong>FORVEKSLINGSMULIGHEDER<\/strong><br \/>\nDen voksne varroa-mide kan for det u\u00f8vede \u00f8je forveksles med bilus, men der er klare forskelle &#8211; bl.a. er varroa-miden mere oval i kropsformen.\u00a0Det hullede yngelleje med opbidte cellel\u00e5g og de d\u00f8de larver som ligger i forvredne stillinger, kan forveksles med europ\u00e6isk bipest.<br \/>\nBier med deformiteter kan forveksles &#8211; og skyldes sandsynligvis &#8211; virussygdomme.<\/p>\n<p><strong>P\u00c5VISNING<\/strong><br \/>\nDa d\u00f8de varroa-mider falder ned p\u00e5 bunden af bistadet, b\u00f8r man have et indskud i bistadet. Indskuddet opfanger de nedfaldne mider, hvorved man kan p\u00e5vise dens tilstedev\u00e6relse. Ud over at fort\u00e6lle om tilstedev\u00e6relsen af varroa-mider, s\u00e5 er indskuddet et vigtigt redskab til at bed\u00f8mme, hvor kraftigt bifamilien er angrebet. Som tommelfingerregel kan man gange det daglige antal af nedfaldne mider med 120, s\u00e5 f\u00e5r man et rimeligt godt indblik i, hvor mange mider der er i bifamilien.<\/p>\n<p>En anden m\u00e5de at p\u00e5vise midens tilstedev\u00e6relse p\u00e5, er ved at \u00e5bne forseglede yngelceller &#8211; og s\u00e6rligt droneyngelceller. Pupperne i cellerne vil have varroa-mider siddende p\u00e5 sig.<\/p>\n<p><strong>BEK\u00c6MPELSE<br \/>\n<\/strong>Man kan bek\u00e6mpe varroa-mider p\u00e5 flere m\u00e5der: Biotekniske metoder, vha. organiske syrer eller pesticider &#8211; brugen af pesticider kan ikke anbefales, da det kan medf\u00f8re restkoncentrationer i honning og voks, samt udvikling af resistens hos miderne.<\/p>\n<p>Hvis man f\u00f8lger \u201eDen sikre strategi&#8221; (se figur 26 nedenfor) er man godt hjulpet. \u201eDen sikre strategi&#8221; bygger p\u00e5 en kombination af bioteknisk bek\u00e6mpelse (dronetavle) og organiske syrer (myre-, m\u00e6lke- og oxalsyre). \u00d8nskes yderligere viden om varroa-bek\u00e6mpelse henvises til <a href=\"http:\/\/www.varroa.dk\">www.varroa.dk<\/a><\/p>\n<p>Ved at anvende \u201eDen sikre strategi&#8221; bek\u00e6mper man samtidig trak\u00e9mider, hvis disse skulle v\u00e6re til stede.<\/p>\n<p><img loading=\"lazy\" decoding=\"async\" width=\"300\" height=\"220\" class=\"alignnone size-medium wp-image-5244\" src=\"http:\/\/www.biavl.dk\/medlemmer\/wp-content\/uploads\/2016\/05\/SIKRE-STRATEGI-300x220.png\" alt=\"SIKRE-STRATEGI\" srcset=\"https:\/\/www.biavl.dk\/medlemmer\/wp-content\/uploads\/2016\/05\/SIKRE-STRATEGI-300x220.png 300w, https:\/\/www.biavl.dk\/medlemmer\/wp-content\/uploads\/2016\/05\/SIKRE-STRATEGI-768x562.png 768w, https:\/\/www.biavl.dk\/medlemmer\/wp-content\/uploads\/2016\/05\/SIKRE-STRATEGI.png 807w\" sizes=\"auto, (max-width: 300px) 100vw, 300px\" \/><br \/>\nDen sikre strategi bygger p\u00e5 biotekniske metoder kombineret med brugen af organiske syrer.<\/p>\n","protected":false},"excerpt":{"rendered":"<p>\u00d8verst: Undersiden af en varroa-mide hun. Nederst: Snabel. Foto Jose Bresdani, KVL. SKADEVOLDER Varroa-miden er en parasit som lever p\u00e5 honningbier, hvor den ern\u00e6rer sig af blod fra b\u00e5de voksne bier og bi-yngel. Udover den skade og sv\u00e6kkelse denne parasittering medf\u00f8rer, er miden ogs\u00e5 b\u00e6rer af forskellige vira som kan angribe bierne. For godt 100 [&hellip;]<\/p>\n","protected":false},"author":1,"featured_media":0,"parent":5189,"menu_order":10,"comment_status":"closed","ping_status":"closed","template":"","meta":{"_acf_changed":false,"footnotes":""},"class_list":["post-5241","page","type-page","status-publish","hentry"],"acf":[],"aioseo_notices":[],"_links":{"self":[{"href":"https:\/\/www.biavl.dk\/medlemmer\/wp-json\/wp\/v2\/pages\/5241","targetHints":{"allow":["GET"]}}],"collection":[{"href":"https:\/\/www.biavl.dk\/medlemmer\/wp-json\/wp\/v2\/pages"}],"about":[{"href":"https:\/\/www.biavl.dk\/medlemmer\/wp-json\/wp\/v2\/types\/page"}],"author":[{"embeddable":true,"href":"https:\/\/www.biavl.dk\/medlemmer\/wp-json\/wp\/v2\/users\/1"}],"replies":[{"embeddable":true,"href":"https:\/\/www.biavl.dk\/medlemmer\/wp-json\/wp\/v2\/comments?post=5241"}],"version-history":[{"count":1,"href":"https:\/\/www.biavl.dk\/medlemmer\/wp-json\/wp\/v2\/pages\/5241\/revisions"}],"predecessor-version":[{"id":8710,"href":"https:\/\/www.biavl.dk\/medlemmer\/wp-json\/wp\/v2\/pages\/5241\/revisions\/8710"}],"up":[{"embeddable":true,"href":"https:\/\/www.biavl.dk\/medlemmer\/wp-json\/wp\/v2\/pages\/5189"}],"wp:attachment":[{"href":"https:\/\/www.biavl.dk\/medlemmer\/wp-json\/wp\/v2\/media?parent=5241"}],"curies":[{"name":"wp","href":"https:\/\/api.w.org\/{rel}","templated":true}]}}