{"id":5256,"date":"2016-05-18T11:30:27","date_gmt":"2016-05-18T11:30:27","guid":{"rendered":"http:\/\/vonbulow.org\/medlemmer\/?page_id=5256"},"modified":"2020-07-15T11:56:22","modified_gmt":"2020-07-15T11:56:22","slug":"voksmoel","status":"publish","type":"page","link":"https:\/\/www.biavl.dk\/medlemmer\/videnbank\/biygdom\/sygdomme\/voksmoel\/","title":{"rendered":"VOKSM\u00d8L"},"content":{"rendered":"<p>Der findes to arter af voksm\u00f8l \u2013 det store og det lille \u2013 som kan findes i forbindelse med svage bifamilier og p\u00e5 lagertavler.<\/p>\n<p>Det store voksm\u00f8l (<em>Galleria mellonella<\/em>) bliver omkring 20 mm langt, mens det lille voksm\u00f8l (<em>Achroea grisella<\/em>) er 10 mm langt. Desuden kan de skelnes fra hinanden ved, at det lille voksm\u00f8l er skinnende gr\u00e5brunt, og p\u00e5 forsiden af hovedet har en brunlig-orange plet. Denne plet ses ikke hos det store voksm\u00f8l. Farven p\u00e5 det store voksm\u00f8l er gr\u00e5lig-brun, og den er heller ikke skinnende, men derimod sp\u00e6ttet.<\/p>\n<p>Da de voksne voksm\u00f8l har reducerede munddele, er de ikke i stand til at optage n\u00e6ring. Derfor vil skader som f\u00f8lge af voksm\u00f8l udelukkende kunne tilskrives larverne.<\/p>\n<p>Voksm\u00f8llet gennemg\u00e5r tre stadier: \u00e6g, larve og puppe. Udviklingen fra \u00e6g til voksen tager normalt omkring fire-seks uger, men er temperaturen for lav eller er der mangel p\u00e5 f\u00f8de, kan voksm\u00f8llet afbryde udviklingen for senere at forts\u00e6tte, n\u00e5r forholdene er bedre. Derfor kan den samlede udviklingstid str\u00e6kke sig op til et halvt \u00e5r. B\u00e5de \u00e6g, larver og pupper er i stand til at overvintre.<\/p>\n<p>\u00c6G: N\u00e5r det voksne hun-voksm\u00f8l er fire-ti dage gammel begynder hun at l\u00e6gge \u00e6g. Der l\u00e6gges normalt 300-600 \u00e6g.<\/p>\n<p>\u00c6ggene, som er meget sm\u00e5 og knapt synlige, l\u00e6gges i klumper \u00e1 50-150 i spr\u00e6kker og revner, hvor bierne ikke kan komme til at fjerne dem. Farven p\u00e5 \u00e6ggene varierer fra r\u00f8dlige-fl\u00f8defarvede-hvidlige. Efter tre til fem dage kl\u00e6kkes \u00e6ggene.<\/p>\n<p><img loading=\"lazy\" decoding=\"async\" width=\"300\" height=\"224\" class=\"alignnone size-medium wp-image-5257\" src=\"http:\/\/www.biavl.dk\/medlemmer\/wp-content\/uploads\/2016\/05\/VOKSMOEL-300x224.png\" alt=\"VOKSMOEL\" srcset=\"https:\/\/www.biavl.dk\/medlemmer\/wp-content\/uploads\/2016\/05\/VOKSMOEL-300x224.png 300w, https:\/\/www.biavl.dk\/medlemmer\/wp-content\/uploads\/2016\/05\/VOKSMOEL.png 523w\" sizes=\"auto, (max-width: 300px) 100vw, 300px\" \/><br \/>\nVoksm\u00f8llets larver.<\/p>\n<p>LARVE: Den kl\u00e6kkede larve er fl\u00f8defarvet-hvid og bliver med alderen m\u00f8rk p\u00e5 oversiden. Larven er omkring 1 mm lang n\u00e5r den kommer ud af \u00e6gget. Herefter gennemg\u00e5r den otte-ti hudskifter inden den er udvokset. En udvokset larve er normalt omkring 20 mm lang og har en diameter p\u00e5 5-7 mm.<\/p>\n<p>Som n\u00e6vnt er det larvestadiet som er \u00f8del\u00e6ggende for vokstavlerne, hvor de \u00e6der sig gennem vokscellerne og efterlader gange med spind.<\/p>\n<p>Kosten best\u00e5r af stort set alle produkter i en bifamilie, men s\u00e6rligt glade er de for urenheder i yngeltavlerne \u2013 bl.a. bilarvernes kokoner og aff\u00f8ring \u2013 og derfor er voksm\u00f8llet rigtig glad for gamle, m\u00f8rke tavler. Men de \u00e6der ogs\u00e5 honning og pollen. Dog \u00e6der de ikke kunst- og jomfrutavler. Er f\u00f8den knap, kan larverne finde p\u00e5 at \u00e6de biyngel og s\u00e5gar ogs\u00e5 sine artsf\u00e6ller.<\/p>\n<p>Efter normalt fire uger spinder larven en kokon. Kokonen, som er hvid og utrolig st\u00e6rk, placeres p\u00e5 siderne af bistadet, p\u00e5 tavlerne eller p\u00e5 rammelisterne. Oftest ligger kokonerne side om side med hinanden.<\/p>\n<p>PUPPE: Pupppestadiet foreg\u00e5r inde i kokonen og varer en-ni uger. I den tid optages ikke n\u00e6ring. N\u00e5r puppestadiet er gennemf\u00f8rt kravler et f\u00e6rdigudviklet voksm\u00f8l ud, og hele processen kan starte forfra.<\/p>\n<p><img loading=\"lazy\" decoding=\"async\" width=\"300\" height=\"224\" class=\"alignnone size-medium wp-image-5258\" src=\"http:\/\/www.biavl.dk\/medlemmer\/wp-content\/uploads\/2016\/05\/VOKSMOEL2-300x224.png\" alt=\"VOKSMOEL2\" srcset=\"https:\/\/www.biavl.dk\/medlemmer\/wp-content\/uploads\/2016\/05\/VOKSMOEL2-300x224.png 300w, https:\/\/www.biavl.dk\/medlemmer\/wp-content\/uploads\/2016\/05\/VOKSMOEL2.png 523w\" sizes=\"auto, (max-width: 300px) 100vw, 300px\" \/><br \/>\nKokoner i tavle.<\/p>\n<p><strong>FOREKOMST<\/strong><br \/>\nVoksm\u00f8llet forekommer over hele landet, men udg\u00f8r, i takt med forbedret biavlspraksis med hyppig tavleudskiftning, ikke noget st\u00f8rre problem.<\/p>\n<p><strong>SYMPTOMER<\/strong><br \/>\nMan vil sj\u00e6ldent v\u00e6re i tvivl om, at der er voksm\u00f8l tilstede i en bifamilie eller p\u00e5 tavlelageret. Da voksm\u00f8l foretr\u00e6kker m\u00f8rke, vil man kunne se voksm\u00f8llene blafre af sted for at finde et m\u00f8rkt sted at s\u00f8ge tilflugt.<\/p>\n<p>I tavlerne kan man se gange af spind gennem cellerne (for\u00e5rsaget af det lille voksm\u00f8l), og store m\u00e6ngder aff\u00f8ring (ligner &#8220;mini-muselorte&#8221;). De indvendige sider i bistadet vil v\u00e6re forsynet med kokoner \u2013 liges\u00e5 rammelisterne.<\/p>\n<p>I trugstader kan man ofte finde alle stadier af voksm\u00f8l i det isolerende materiale over truget.<\/p>\n<p>Er der tale om et kraftigt angreb af det store voksm\u00f8l vil rammerne v\u00e6re ribbet for voks og samtidig v\u00e6re s\u00e5 godt spundet sammen af et gr\u00e5ligt spind, at de er sv\u00e6re at f\u00e5 fra hinanden.<\/p>\n<p><strong>SPREDNING<\/strong><br \/>\nVoksm\u00f8llet er i stand til selv at flyve, og kan derfor selv invadere bifamilier. Ved at flytte rundt med tavler med p\u00e5siddende \u00e6g, larver og\/eller pupper mellem bifamilier og big\u00e5rde, kan biavleren medvirke til at sprede voksm\u00f8llet.<\/p>\n<p><strong>FORVEKSLINGSMULIGHEDER<\/strong><br \/>\nLarverne kan forveksles med stadebillens larver, dog er sidstn\u00e6vnte udstyret med torne langs kroppen og har tre par ben t\u00e6t siddende ved hovedet.<br \/>\nVoksm\u00f8llarvens gange i tavlerne kan forveksles med gange fra larver af stadebiller og bilus. Dog er gange gnavet af voksm\u00f8llets larver forsynet med et spind.<\/p>\n<p><strong>P\u00c5VISNING<\/strong><br \/>\nSom regel er voksm\u00f8llet, dens larver og kokoner ret nemme at f\u00e5 \u00f8je p\u00e5. Man kan med sin stadekniv banke p\u00e5 tavlerne, hvorved larverne fors\u00f8ger at flygte fra tavlen.\u00a0Voksm\u00f8llet skyer lys, hvorfor man kan se dem flygte mod m\u00f8rke omr\u00e5der i stadet.<\/p>\n<p><img loading=\"lazy\" decoding=\"async\" width=\"300\" height=\"224\" class=\"alignnone size-medium wp-image-5259\" src=\"http:\/\/www.biavl.dk\/medlemmer\/wp-content\/uploads\/2016\/05\/VOKSMOEL3-300x224.png\" alt=\"VOKSMOEL3\" srcset=\"https:\/\/www.biavl.dk\/medlemmer\/wp-content\/uploads\/2016\/05\/VOKSMOEL3-300x224.png 300w, https:\/\/www.biavl.dk\/medlemmer\/wp-content\/uploads\/2016\/05\/VOKSMOEL3.png 523w\" sizes=\"auto, (max-width: 300px) 100vw, 300px\" \/><br \/>\nVoksm\u00f8llene efterlader ikke meget.<\/p>\n<p><strong>FOREBYGGELSE<\/strong><br \/>\nFor at forhindre at bifamilier angribes af voksm\u00f8l, er det alfa og omega at have st\u00e6rke og sunde bifamilier, da disse hurtigt vil f\u00e5 sl\u00e5et indtr\u00e6ngende voksm\u00f8l ihjel.<\/p>\n<p>P\u00e5 tavlelageret g\u00e6lder nogle f\u00e5 simple forholdsregler: S\u00f8rg for at sortere tavlerne omhyggeligt og opbevar kun kunst- og jomfrutavler. Har der v\u00e6ret ynglet blot \u00e9n gang i tavlen er det guf for voksm\u00f8llet. Ligeledes skal tavler indeholdende pollen fjernes fra lageret. Frasorterede tavler omsmeltes.<br \/>\n<span style=\"line-height: 1.5;\">N\u00e5r den grundige sortering er overst\u00e5et, skal tavlerne opbevares, og her g\u00e6lder det om at skabe forhold som voksm\u00f8llet ikke bryder sig om, det vil sige: Lyst, k\u00f8ligt og med god luftcirkulation. Opbevar tavlerne i magasiner som stables ovenp\u00e5 hinanden. Husk at lav god plads mellem tavlerne \u2013 put for eksempel kun syv tavler i et magasin beregnet til ti. Magasinerne stables s\u00e5ledes at der er luft under det nederste magasin. Det g\u00f8res ved at stille dem p\u00e5 klodser s\u00e5 de h\u00e6ves fra gulvet \u2013 men husk at d\u00e6k bunden og toppen af magasinstablen med tr\u00e5dnet, s\u00e5 mus ikke kan kravle op i magasinerne.<\/span><\/p>\n<p><strong>BEHANDLING<\/strong><br \/>\nLagertavlerne behandles med eddikesyre &#8211; husk p\u00e5 at der er tale om en \u00e6tsende syre, hvorfor syrefaste handsker skal bruges ved arbejdet. Eddikesyre er \u00f8del\u00e6ggende for cement, hvorfor magasinerne som behandles ikke b\u00f8r st\u00e5 direkte p\u00e5 cementgulv \u2013 l\u00e6g en plade af vandfast krydsfiner med aviser under. V\u00e6r ogs\u00e5 opm\u00e6rksom p\u00e5, at eddikesyre \u00e6tser metal.<\/p>\n<p>S\u00e6t magasinerne oven p\u00e5 et stykke plastik. \u00d8verst placeres et tomt magasin hvori en syrefast beholder med 80% eddikesyre stilles. Der bruges 3\/4 dl eddikesyre pr. 10 rammers magasin. S\u00e6t en v\u00e6ge (f.eks. et stykke k\u00f8kkenrullepapir) i beholderen og afd\u00e6k herefter \u00f8verste magasin med plastik. Lad s\u00e5 al syren fordampe.<br \/>\nInden tavlerne tages i brug, skal man s\u00f8rge for &#8211; nogle dage forinden &#8211; luftes godt igennem.<\/p>\n","protected":false},"excerpt":{"rendered":"<p>Der findes to arter af voksm\u00f8l \u2013 det store og det lille \u2013 som kan findes i forbindelse med svage bifamilier og p\u00e5 lagertavler. Det store voksm\u00f8l (Galleria mellonella) bliver omkring 20 mm langt, mens det lille voksm\u00f8l (Achroea grisella) er 10 mm langt. Desuden kan de skelnes fra hinanden ved, at det lille voksm\u00f8l [&hellip;]<\/p>\n","protected":false},"author":1,"featured_media":0,"parent":5189,"menu_order":13,"comment_status":"closed","ping_status":"closed","template":"","meta":{"_acf_changed":false,"footnotes":""},"class_list":["post-5256","page","type-page","status-publish","hentry"],"acf":[],"aioseo_notices":[],"_links":{"self":[{"href":"https:\/\/www.biavl.dk\/medlemmer\/wp-json\/wp\/v2\/pages\/5256","targetHints":{"allow":["GET"]}}],"collection":[{"href":"https:\/\/www.biavl.dk\/medlemmer\/wp-json\/wp\/v2\/pages"}],"about":[{"href":"https:\/\/www.biavl.dk\/medlemmer\/wp-json\/wp\/v2\/types\/page"}],"author":[{"embeddable":true,"href":"https:\/\/www.biavl.dk\/medlemmer\/wp-json\/wp\/v2\/users\/1"}],"replies":[{"embeddable":true,"href":"https:\/\/www.biavl.dk\/medlemmer\/wp-json\/wp\/v2\/comments?post=5256"}],"version-history":[{"count":1,"href":"https:\/\/www.biavl.dk\/medlemmer\/wp-json\/wp\/v2\/pages\/5256\/revisions"}],"predecessor-version":[{"id":8711,"href":"https:\/\/www.biavl.dk\/medlemmer\/wp-json\/wp\/v2\/pages\/5256\/revisions\/8711"}],"up":[{"embeddable":true,"href":"https:\/\/www.biavl.dk\/medlemmer\/wp-json\/wp\/v2\/pages\/5189"}],"wp:attachment":[{"href":"https:\/\/www.biavl.dk\/medlemmer\/wp-json\/wp\/v2\/media?parent=5256"}],"curies":[{"name":"wp","href":"https:\/\/api.w.org\/{rel}","templated":true}]}}