{"id":5261,"date":"2016-05-18T11:32:37","date_gmt":"2016-05-18T11:32:37","guid":{"rendered":"http:\/\/vonbulow.org\/medlemmer\/?page_id=5261"},"modified":"2020-07-15T11:56:22","modified_gmt":"2020-07-15T11:56:22","slug":"andre-sygdomme","status":"publish","type":"page","link":"https:\/\/www.biavl.dk\/medlemmer\/videnbank\/biygdom\/sygdomme\/andre-sygdomme\/","title":{"rendered":"ANDRE SYGDOMME"},"content":{"rendered":"<p><strong>AM\u00d8BESYGE<br \/>\n<\/strong>Sygdommen for\u00e5rsages af en am\u00f8be ved navn Malpighamoeba mellificae. Am\u00f8ben danner cyster (hvilestadier) som optages af bierne n\u00e5r de f.eks. fjerner inficerede ekskrementklatter, med foderet eller n\u00e5r de henter vand, hvori bier har skidt. Cysterne optages med munden og f\u00f8res ned i tarmen hvor de spirer. Den &#8220;udkl\u00e6kkede&#8221; am\u00f8be vandrer over i de malphigiske r\u00f8r, hvorefter den formerer sig ved celledelinger og til sidst bliver til cyster, som bien skider ud. I Tyskland er der et stigende antal tilf\u00e6lde af am\u00f8besyge.<\/p>\n<p>SYMPTOMER: Symptomerne, som hyppigst optr\u00e6der i april-maj, er: bistaderne er indvendigt overskidte (ekskrementklatterne er vandige og gullige); ved flyvespalten ses kravlende bier med opsvulmede bagkroppe; bifamilien udvikler sig d\u00e5rligt. St\u00e6rkt angrebne bifamilier bukker under.<\/p>\n<p>Am\u00f8ben findes i n\u00e6sten alle bifamilier, men bliver f\u00f8rst et problem hos vinterbierne. \u00c5rsagen hertil er, at vinterbierne lever l\u00e6ngere, hvorfor am\u00f8ben her har tid til at udvikle sig til et niveau, hvor den skader bierne. Dette forhold er ogs\u00e5 forklaringen p\u00e5, at sygdommen klinger af hen p\u00e5 s\u00e6sonen, n\u00e5r vinterbierne er d\u00f8de.<\/p>\n<p>FOREBYGGELSE: Man kan ikke behandle en bifamilie for am\u00f8besyge, men hvis man s\u00f8rger for en godt indrettet big\u00e5rd (undg\u00e5 fugtige omr\u00e5der; undg\u00e5 at bierne skider i vandingsanl\u00e6gget; undg\u00e5 faktorer som virker stressende p\u00e5 bifamilien, f.eks. grene som skraber mod bistadet) og fodrer i tr\u00e6kl\u00f8se perioder, s\u00e5 har man reduceret de faktorer som virker udl\u00f8sende p\u00e5 am\u00f8besyge.<\/p>\n<p><strong>BUGL\u00d8B<br \/>\n<\/strong>Bugl\u00f8b er en betegnelse for, at bierne overskider bistadet indvendig. \u00c5rsagerne kan v\u00e6re mange, bl.a. nosema og am\u00f8besyge, men ogs\u00e5 foder med stort indhold af urenheder (f.eks. m\u00e5 man ikke bruge melasse til vinterfodringen, da der er mange urenheder heri). Et sent lusetr\u00e6k kan ligeledes give foder med mange urenheder i.<\/p>\n<p>SYMPTOMER: Sidst p\u00e5 vinteren bliver bistaderne overskidte indvendigt og p\u00e5 flyvebr\u00e6ttet. Der ses kravlende bier med opsvulmede bagkroppe.<\/p>\n<p>FOREBYGGELSE: S\u00f8rg for at bruge ordentligt vinterfoder, dvs. foderdej, invertsukker og st\u00f8dt melis opl\u00f8st i vand. Se under am\u00f8besyge.<\/p>\n<p><strong>PUKKELYNGEL<\/strong><br \/>\nPukkelyngel er ikke en egentlig sygdom, men betegner det forhold, at der udvikles droneyngel i arbejderceller.<\/p>\n<p>Der kan v\u00e6re forskellige \u00e5rsager til pukkelyngel: 1) Dronningen kan v\u00e6re l\u00f8bet t\u00f8r for s\u00e6d og l\u00e6gger derfor ubefrugtede \u00e6g i arbejdercellerne (der l\u00e6gges kun \u00e9t \u00e6g i hver celle). 2) Dronningens forplantningsorganer kan v\u00e6re beskadiget. 3) Bifamilien kan v\u00e6re dronningl\u00f8s, og en arbejderbi er begyndt at l\u00e6gge \u00e6g (mange \u00e6g i hver celle og oftest p\u00e5 siderne af cellen).<\/p>\n<p>SYMPTOMER: Tavler med pukkelyngel har st\u00e6rkt hv\u00e6lvede cellel\u00e5g, hvilket skyldes at arbejdercellerne er for sm\u00e5 til droneynglen, hvorfor bierne bygger cellen opad.<\/p>\n<p>BEHANDLING: Er der tale om en kraftig bifamilie, men med en dronning som kun l\u00e6gger ubefrugtede \u00e6g (dronemoder), skal hun aflives og erstattes af en ny, befrugtet dronning.<\/p>\n<p>Er der tale om en dronningl\u00f8s bifamilie kan man flytte bistadet, og herefter ryste alle bierne af tavlerne. Bierne vil s\u00e5 tigge sig ind hos de \u00f8vrige bifamilier i big\u00e5rden.<\/p>\n<p>Eventuelt kan man fors\u00f8ge sig med at indf\u00f8re en dronning i den dronningl\u00f8se bifamilie. Det er sj\u00e6ldent, at bifamilien vil godtage den tilsatte dronning n\u00e5r der f\u00f8rst er pukkelyngel.<\/p>\n<p><strong>FORK\u00d8LET YNGEL<\/strong><br \/>\nFork\u00f8let yngel optr\u00e6der, n\u00e5r temperaturen i yngellejet er for lav. Ses ved kuldeperioder i for\u00e5ret; kulden f\u00e5r bierne (specielt i sm\u00e5 bifamilier) til at klumpe sammen inde i stadet, hvorved de yderste omr\u00e5der af yngellejet forlades og dermed underk\u00f8les.<\/p>\n<p>SYMPTOMER: I yngellejets yderkanter ses d\u00f8de larver i hovedsageligt uforseglede celler. De d\u00f8de larver t\u00f8rrer hurtigt ind og bliver gullige og brunlige, for herefter at blive gr\u00e5lige-sorte. Til sidst t\u00f8rrer larven ind til en sort skorpe som let fjernes af bierne. Forseglet yngel kan ogs\u00e5 dr\u00e6bes af underafk\u00f8ling. Cellel\u00e5gene kan blive hullede og indfaldne.<\/p>\n<p>FOREBYGGELSE: Undg\u00e5 at bifamilien har for meget plads i det tidlige for\u00e5r.<\/p>\n","protected":false},"excerpt":{"rendered":"<p>AM\u00d8BESYGE Sygdommen for\u00e5rsages af en am\u00f8be ved navn Malpighamoeba mellificae. Am\u00f8ben danner cyster (hvilestadier) som optages af bierne n\u00e5r de f.eks. fjerner inficerede ekskrementklatter, med foderet eller n\u00e5r de henter vand, hvori bier har skidt. Cysterne optages med munden og f\u00f8res ned i tarmen hvor de spirer. Den &#8220;udkl\u00e6kkede&#8221; am\u00f8be vandrer over i de malphigiske [&hellip;]<\/p>\n","protected":false},"author":1,"featured_media":0,"parent":5189,"menu_order":14,"comment_status":"closed","ping_status":"closed","template":"","meta":{"_acf_changed":false,"footnotes":""},"class_list":["post-5261","page","type-page","status-publish","hentry"],"acf":[],"aioseo_notices":[],"_links":{"self":[{"href":"https:\/\/www.biavl.dk\/medlemmer\/wp-json\/wp\/v2\/pages\/5261","targetHints":{"allow":["GET"]}}],"collection":[{"href":"https:\/\/www.biavl.dk\/medlemmer\/wp-json\/wp\/v2\/pages"}],"about":[{"href":"https:\/\/www.biavl.dk\/medlemmer\/wp-json\/wp\/v2\/types\/page"}],"author":[{"embeddable":true,"href":"https:\/\/www.biavl.dk\/medlemmer\/wp-json\/wp\/v2\/users\/1"}],"replies":[{"embeddable":true,"href":"https:\/\/www.biavl.dk\/medlemmer\/wp-json\/wp\/v2\/comments?post=5261"}],"version-history":[{"count":1,"href":"https:\/\/www.biavl.dk\/medlemmer\/wp-json\/wp\/v2\/pages\/5261\/revisions"}],"predecessor-version":[{"id":8682,"href":"https:\/\/www.biavl.dk\/medlemmer\/wp-json\/wp\/v2\/pages\/5261\/revisions\/8682"}],"up":[{"embeddable":true,"href":"https:\/\/www.biavl.dk\/medlemmer\/wp-json\/wp\/v2\/pages\/5189"}],"wp:attachment":[{"href":"https:\/\/www.biavl.dk\/medlemmer\/wp-json\/wp\/v2\/media?parent=5261"}],"curies":[{"name":"wp","href":"https:\/\/api.w.org\/{rel}","templated":true}]}}