{"id":5263,"date":"2016-05-18T11:39:13","date_gmt":"2016-05-18T11:39:13","guid":{"rendered":"http:\/\/vonbulow.org\/medlemmer\/?page_id=5263"},"modified":"2020-07-15T11:56:22","modified_gmt":"2020-07-15T11:56:22","slug":"tropilaelaps","status":"publish","type":"page","link":"https:\/\/www.biavl.dk\/medlemmer\/videnbank\/biygdom\/sygdomme\/tropilaelaps\/","title":{"rendered":"TROPILAELAPS"},"content":{"rendered":"<p><em>Tropilaelaps clareae<\/em> er en lille mide (knap halv s\u00e5 stor som varroa), som skader biernes yngel. V\u00e6rten for <em>Tropilaelaps clareae<\/em> er den asiatiske k\u00e6mpebi <em>Apis dorsata<\/em>, men er ogs\u00e5 fundet p\u00e5 andre biracer, s\u00e5som den europ\u00e6isk bi, Apis mellifera.<\/p>\n<p>Miden er, modsat varroa-mider, aflang (1 mm lang og 0,6 mm bred) med et afrundet rygskjold. Farven er r\u00f8dbrun. Miden bev\u00e6ger sig frit og hurtigt hen over yngeltavlerne.<\/p>\n<p>Hunnen ops\u00f8ger en yngelcelle lige inden den forsegles og placerer her 3-4 \u00e6g i l\u00f8bet af forseglingsperioden. Modsat varroa, kan man se, at miderne ind i mellem g\u00e5r ned p\u00e5 \u00e5ben yngel for at fouragere p\u00e5 larverne, som tager skade. Midens udviklingstid er ca. en uge. Da midens munddele ikke er s\u00e5 veludviklede, kan den ikke fouragere p\u00e5 voksne bier, hvorfor det ikke forventes at miden kan overleve i ynglefrie bifamilier. Da tropilaelaps-miden opholder sig kort tid p\u00e5 de voksne bier (1-2 dage) vil dens udvikling v\u00e6re hurtigere end for varroas vedkommende. Man har set op til 14 voksne mider med deres afkom i en yngelcelle.<\/p>\n<p><img loading=\"lazy\" decoding=\"async\" width=\"300\" height=\"274\" class=\"alignnone size-medium wp-image-5264\" src=\"http:\/\/www.biavl.dk\/medlemmer\/wp-content\/uploads\/2016\/05\/TROPILAELAPS1-300x274.png\" alt=\"TROPILAELAPS1\" srcset=\"https:\/\/www.biavl.dk\/medlemmer\/wp-content\/uploads\/2016\/05\/TROPILAELAPS1-300x274.png 300w, https:\/\/www.biavl.dk\/medlemmer\/wp-content\/uploads\/2016\/05\/TROPILAELAPS1.png 523w\" sizes=\"auto, (max-width: 300px) 100vw, 300px\" \/><\/p>\n<p><img loading=\"lazy\" decoding=\"async\" width=\"300\" height=\"274\" class=\"alignnone size-medium wp-image-5265\" src=\"http:\/\/www.biavl.dk\/medlemmer\/wp-content\/uploads\/2016\/05\/TROPILAELAPS2-300x274.png\" alt=\"TROPILAELAPS2\" srcset=\"https:\/\/www.biavl.dk\/medlemmer\/wp-content\/uploads\/2016\/05\/TROPILAELAPS2-300x274.png 300w, https:\/\/www.biavl.dk\/medlemmer\/wp-content\/uploads\/2016\/05\/TROPILAELAPS2.png 523w\" sizes=\"auto, (max-width: 300px) 100vw, 300px\" \/><br \/>\nRyg- og bugsiden af tropilaelaps-miden<\/p>\n<p><strong>FOREKOMST<\/strong><br \/>\nMiden har sit udbredelsesomr\u00e5de fra Iran i nordvest til Papua Ny Guinea i syd\u00f8st. En besl\u00e6gtet, men lidt mindre mide, T<em>ropilaelaps koenigerum<\/em>, er rapporteret fra Sri Lanka og Nepal. Midernes pr\u00e6cise udbredelse i Asien er ikke helt kendt.<\/p>\n<p>Miden er ikke fundet indenfor EU\u2019s gr\u00e6nser. I Danmark er miden omfattet af anmeldelsespligt til Offentlig bisygdomsbek\u00e6mpelse (se\u00a0<a href=\"http:\/\/www.biavl.dk\/medlemmer\/videnbank\/artikler\/sygdomme\/hvad-goer-jeg\/\">Hvad g\u00f8r jeg?<\/a>).<br \/>\nSom f\u00f8lge af midens levevis, vil vi sandsynligvis ikke f\u00e5 problemer med denne mide i Nordeuropa.<\/p>\n<p><strong>SYMPTOMER<br \/>\n<\/strong>Da miden kun angriber biyngel, vil dette resultere i d\u00f8d eller skadet yngel, samt et meget uregelm\u00e6ssigt yngelleje med opbidte cellel\u00e5g. Voksne bier vil v\u00e6re deforme med skadede vinger og bagkrop. Skadede bier vil kunne ses p\u00e5 flyvebr\u00e6ttet. Is\u00e6r vil man kunne se sm\u00e5 r\u00f8dbrune mider styrte rundt p\u00e5 yngeltavlerne, n\u00e5r man \u00e5bner forseglingen p\u00e5 yngelceller. Bifamilien vil bryde sammen eller sv\u00e6rme.<\/p>\n<p><strong>SPREDNING<br \/>\n<\/strong>Midens spredning m\u00e5 antages at v\u00e6re den samme som varroa, dvs. vandrebiavl, fejlflyvning og r\u00f8veri, forening af raske og angrebne bifamilier samt import af bier.<\/p>\n<p><strong>FORVEKSLINGSMULIGHEDER<\/strong><br \/>\nSkader som f\u00f8lge af varroa og virus kan forveksles med symptomerne fra tropilaelaps. Ligeledes kan det hullede yngelleje med opbidte cellel\u00e5g forveksles med andre yngelsygdomme som f.eks. ondartet bipest.<\/p>\n<p><strong>P\u00c5VISNING<\/strong><br \/>\nVed mistanke kan man ryste yngeltavler over et stykke hvidt papir. Her vil man let kunne se de r\u00f8dbrune mider. Man kan ogs\u00e5 \u00e5bne droneceller og kigge efter de r\u00f8dbrune, aflange mider. Har man indskud i bifamilien, kan man p\u00e5 indskuddet se miderne med det blotte \u00f8je \u2013 ellers brug en lup med 10 ganges forst\u00f8rrelse.<\/p>\n<p><strong>FOREBYGGELSE<\/strong><br \/>\nUndg\u00e5 de forhold som er n\u00e6vnt under punktet spredning. Da tropilaelaps dr\u00e6bes ved varroa-bek\u00e6mpelse, er det vigtigt at have en effektiv varroa-bek\u00e6mpelse.<\/p>\n<p><strong>BEK\u00c6MPELSE<\/strong><br \/>\nDe g\u00e6ngse varroa-bek\u00e6mpelsesmidler virker ogs\u00e5 p\u00e5 tropilaelaps. Myresyre er effektiv. En uge i yngelfri tilstand (vha. biavlerens indgreb) bruges blandt biavlere i Asien til bek\u00e6mpelse af miden.<\/p>\n","protected":false},"excerpt":{"rendered":"<p>Tropilaelaps clareae er en lille mide (knap halv s\u00e5 stor som varroa), som skader biernes yngel. V\u00e6rten for Tropilaelaps clareae er den asiatiske k\u00e6mpebi Apis dorsata, men er ogs\u00e5 fundet p\u00e5 andre biracer, s\u00e5som den europ\u00e6isk bi, Apis mellifera. Miden er, modsat varroa-mider, aflang (1 mm lang og 0,6 mm bred) med et afrundet rygskjold. [&hellip;]<\/p>\n","protected":false},"author":1,"featured_media":0,"parent":5189,"menu_order":15,"comment_status":"closed","ping_status":"closed","template":"","meta":{"_acf_changed":false,"footnotes":""},"class_list":["post-5263","page","type-page","status-publish","hentry"],"acf":[],"aioseo_notices":[],"_links":{"self":[{"href":"https:\/\/www.biavl.dk\/medlemmer\/wp-json\/wp\/v2\/pages\/5263","targetHints":{"allow":["GET"]}}],"collection":[{"href":"https:\/\/www.biavl.dk\/medlemmer\/wp-json\/wp\/v2\/pages"}],"about":[{"href":"https:\/\/www.biavl.dk\/medlemmer\/wp-json\/wp\/v2\/types\/page"}],"author":[{"embeddable":true,"href":"https:\/\/www.biavl.dk\/medlemmer\/wp-json\/wp\/v2\/users\/1"}],"replies":[{"embeddable":true,"href":"https:\/\/www.biavl.dk\/medlemmer\/wp-json\/wp\/v2\/comments?post=5263"}],"version-history":[{"count":1,"href":"https:\/\/www.biavl.dk\/medlemmer\/wp-json\/wp\/v2\/pages\/5263\/revisions"}],"predecessor-version":[{"id":8629,"href":"https:\/\/www.biavl.dk\/medlemmer\/wp-json\/wp\/v2\/pages\/5263\/revisions\/8629"}],"up":[{"embeddable":true,"href":"https:\/\/www.biavl.dk\/medlemmer\/wp-json\/wp\/v2\/pages\/5189"}],"wp:attachment":[{"href":"https:\/\/www.biavl.dk\/medlemmer\/wp-json\/wp\/v2\/media?parent=5263"}],"curies":[{"name":"wp","href":"https:\/\/api.w.org\/{rel}","templated":true}]}}