{"id":5267,"date":"2016-05-18T11:45:16","date_gmt":"2016-05-18T11:45:16","guid":{"rendered":"http:\/\/vonbulow.org\/medlemmer\/?page_id=5267"},"modified":"2020-07-15T11:56:22","modified_gmt":"2020-07-15T11:56:22","slug":"lille-stadebille","status":"publish","type":"page","link":"https:\/\/www.biavl.dk\/medlemmer\/videnbank\/biygdom\/sygdomme\/lille-stadebille\/","title":{"rendered":"LILLE STADEBILLE"},"content":{"rendered":"<p><img loading=\"lazy\" decoding=\"async\" width=\"297\" height=\"300\" class=\"alignnone size-medium wp-image-5269\" src=\"http:\/\/www.biavl.dk\/medlemmer\/wp-content\/uploads\/2016\/05\/STADEBILLE-297x300.png\" alt=\"STADEBILLE\" srcset=\"https:\/\/www.biavl.dk\/medlemmer\/wp-content\/uploads\/2016\/05\/STADEBILLE-297x300.png 297w, https:\/\/www.biavl.dk\/medlemmer\/wp-content\/uploads\/2016\/05\/STADEBILLE.png 314w\" sizes=\"auto, (max-width: 297px) 100vw, 297px\" \/><\/p>\n<p>Den lille stadebille (<em>Aethina tumida<\/em>) stammer oprindelig fra Afrika. Bier og biller er her tilpasset hinanden, s\u00e5ledes at der ikke forekommer skader i sunde bifamilier. Nu er billen spredt til andre omr\u00e5der, hvor den har for\u00e5rsaget store skader.<\/p>\n<p>Voksne stadebiller er omkring 0,5 cm lange, og deres krop er oval. P\u00e5 hovedet har den et par k\u00f8lleformede f\u00f8lehorn. Nyudkl\u00e6kkede biller er lysgule-brune, og bliver med tiden brune, m\u00f8rkebrune og til sidst sorte.<\/p>\n<p>Den voksne hun l\u00e6gger sine \u00e6g i uregelm\u00e6ssige klumper i spr\u00e6kker og revner i stadet, samt i cellerne. \u00c6ggene, som kan minde om biernes, er hvidlige og omkring 1,4 mm lange og 0,26 mm brede. Ofte l\u00e6gger hunnen \u00e6ggene n\u00e6r celler med pollen, idet larvens f\u00f8de blandt andet best\u00e5r af pollen. \u00c6g l\u00e6gges ogs\u00e5 i yngelceller.<\/p>\n<p>Normalt kl\u00e6kkes \u00e6ggene efter to-tre dage. Larverne, som er cremet-hvide, er udstyret med tre par ben som sidder t\u00e6t ved hovedet. Hele vejen langs kroppen har larven tornede udv\u00e6kster. N\u00e5r larverne er fire dage gamle, og fuldt udvoksede, har de en l\u00e6ngde p\u00e5 op til 1,2 cm og en diameter p\u00e5 0,15 cm.<\/p>\n<p>Larverne \u00e6der biyngel (b\u00e5de fra forseglede og uforseglede celler), pollen og honning. Larvestadiet varer i gennemsnit 16 d\u00f8gn, hvoraf de sidste tre d\u00f8gn tilbringes i jorden udenfor stadet. Kort forinden larverne forlader stadet, klumper de sig sammen i hj\u00f8rnerne af tavlerne og p\u00e5 stadebunden.<\/p>\n<p>N\u00e5r larverne flytter udenfor stadet er de meget f\u00f8lsomme overfor sollys og h\u00f8je temperaturer. De graver sig derfor ned i jorden, hvor de gennemg\u00e5r et tre dage langt pr\u00e6-puppe stadie. Herefter bliver den til en rigtig puppe. Den hvid-brune puppe ligger nu forpuppet i jorden i 3-4 uger. En temperatur p\u00e5 mindst 10oC kr\u00e6ves for at billen kan gennemf\u00f8re sin livscyklus.<\/p>\n<p>N\u00e5r pupperne kl\u00e6kkes er de unge biller meget aktive og flyver allerede efter en-to dage. Kort efter at billerne er kr\u00f8bet frem af jorden parrer de sig. Efter parringen s\u00f8ger billerne ind i bistaderne.<\/p>\n<p>De voksne biller tiltr\u00e6kkes af lugten fra bistader og bier, og man mener, at de p\u00e5 lang afstand kan lugte bifamilier som er under stress (f. eks. p\u00e5 grund af sygdom).<\/p>\n<p>Voksne biller lever normalt i fire m\u00e5neder; de er i stand til at kunne overleve og formere sig p\u00e5 blandt andet frugt.<\/p>\n<p>I USA overvintrer billen som voksent individ. Billerne bliver inaktive ved temperaturer under 20oC, og da der inde i et bistade er steder, hvor temperaturen ikke kommer under 20oC (f. eks. inde i vinterklyngen) er billen i stand til at kunne overleve i kolde egne.<\/p>\n<p><img loading=\"lazy\" decoding=\"async\" width=\"300\" height=\"242\" class=\"alignnone size-medium wp-image-5268\" src=\"http:\/\/www.biavl.dk\/medlemmer\/wp-content\/uploads\/2016\/05\/STADEBILLE2-300x242.png\" alt=\"STADEBILLE2\" srcset=\"https:\/\/www.biavl.dk\/medlemmer\/wp-content\/uploads\/2016\/05\/STADEBILLE2-300x242.png 300w, https:\/\/www.biavl.dk\/medlemmer\/wp-content\/uploads\/2016\/05\/STADEBILLE2.png 523w\" sizes=\"auto, (max-width: 300px) 100vw, 300px\" \/><br \/>\n\u00c6g i klumper.<\/p>\n<p><strong>FOREKOMST<\/strong><br \/>\nDen lille stadebille er naturligt hjemmeh\u00f8rende i Afrika, men er inden for de seneste \u00e5r ogs\u00e5 fundet i USA (1998), Canada, \u00c6gypten (2000) og Australien (slutningen af 2002). Endnu upublicerede fund af stadebillen er gjort p\u00e5 Jamaica. I 2004 importeredes dronninger fra USA til Portugal; der var frygt for, at der var stadebiller med i forsendelsen. Myndighederne oplyser, at man har dr\u00e6bt de ramte bifamilier og yderligere fund er ikke gjort.<br \/>\nBillen har vist sig at v\u00e6re i stand til at leve under k\u00f8lige forhold, s\u00e5som i Nordamerika og Canada. Den lille stadebille er ikke fundet i Danmark.<\/p>\n<p><img loading=\"lazy\" decoding=\"async\" width=\"300\" height=\"138\" class=\"alignnone size-medium wp-image-5270\" src=\"http:\/\/www.biavl.dk\/medlemmer\/wp-content\/uploads\/2016\/05\/STADEBILLE3-300x138.png\" alt=\"STADEBILLE3\" srcset=\"https:\/\/www.biavl.dk\/medlemmer\/wp-content\/uploads\/2016\/05\/STADEBILLE3-300x138.png 300w, https:\/\/www.biavl.dk\/medlemmer\/wp-content\/uploads\/2016\/05\/STADEBILLE3.png 523w\" sizes=\"auto, (max-width: 300px) 100vw, 300px\" \/><br \/>\nStadebillens larve.<\/p>\n<p><strong>SYMPTOMER<\/strong><br \/>\nDen europ\u00e6iske bi mangler nogle af de forsvarsmekanismer som de afrikanske bier er udstyret med. Angribes en bifamilie, som i forvejen er stresset og sv\u00e6kket, vil den bukke under indenfor to uger. Et billeangreb kan ogs\u00e5 f\u00e5 bifamilierne til at r\u00f8mme stadet.<\/p>\n<p>B\u00e5de larverne og de voksne biller foretr\u00e6kker at \u00e6de biernes \u00e6g og yngel frem for pollen og honning. St\u00f8rst skade for\u00e5rsages af larverne.<\/p>\n<p>Larverne \u00e6der ogs\u00e5 honning fra tavlerne, og dens ekskrementer forurener honningen og f\u00e5r den til at g\u00e6re. S\u00e5danne tavler kan virke slimede, og de lugter af r\u00e5dne appelsiner. Denne lugt er s\u00e5 skrap, at den virker frast\u00f8dende for bierne, og man risikerer at bierne r\u00f8mmer stadet. Billerne skader ogs\u00e5 lagertavler.<\/p>\n<p>I alvorlige tilf\u00e6lde vil man finde bistadet fyldt med voksne biller og larver.<br \/>\nTavler vil v\u00e6re fyldte med gange gennem cellerne og de kan have en slimet overflade.<\/p>\n<p><img loading=\"lazy\" decoding=\"async\" width=\"300\" height=\"156\" class=\"alignnone size-medium wp-image-5271\" src=\"http:\/\/www.biavl.dk\/medlemmer\/wp-content\/uploads\/2016\/05\/STADEBILLE4-300x156.png\" alt=\"STADEBILLE4\" srcset=\"https:\/\/www.biavl.dk\/medlemmer\/wp-content\/uploads\/2016\/05\/STADEBILLE4-300x156.png 300w, https:\/\/www.biavl.dk\/medlemmer\/wp-content\/uploads\/2016\/05\/STADEBILLE4.png 523w\" sizes=\"auto, (max-width: 300px) 100vw, 300px\" \/><br \/>\nPuppestadie &#8211; foreg\u00e5r i jorden.<\/p>\n<p><strong>SPREDNING<\/strong><br \/>\n\u00c5rsagen til billens hurtige spredning er, at den har flere muligheder hvorp\u00e5 den kan spredes. Lokal spredning kan ske ved sv\u00e6rmning, vandrebiavl, transport af biavlsmateriel og ved egen hj\u00e6lp (den kan flyve op til 10 km).<\/p>\n<p>Spredning over store afstande skyldes prim\u00e6rt transport af pakkebier og dronninger. I USA fandt man billens \u00e6g p\u00e5 ryggen af importerede bier. Et andet forhold som g\u00f8r sig g\u00e6ldende er, at billen ikke udelukkende beh\u00f8ver bier for at kunne spredes &#8211; den kan ogs\u00e5 leve p\u00e5 humlebier. Frugt (f.eks. avocado og grapefrugt), gr\u00f8nsager og jord (fra f.eks. planter) er fortrinlige medier for billen.<\/p>\n<p>Der er, som det fremg\u00e5r, mange mulige spredningsveje for billen, hvilket g\u00f8r det sv\u00e6rt at kontrollere dens spredning.<\/p>\n<p><img loading=\"lazy\" decoding=\"async\" width=\"300\" height=\"205\" class=\"alignnone size-medium wp-image-5272\" src=\"http:\/\/www.biavl.dk\/medlemmer\/wp-content\/uploads\/2016\/05\/STADEBILLE5-300x205.png\" alt=\"STADEBILLE5\" srcset=\"https:\/\/www.biavl.dk\/medlemmer\/wp-content\/uploads\/2016\/05\/STADEBILLE5-300x205.png 300w, https:\/\/www.biavl.dk\/medlemmer\/wp-content\/uploads\/2016\/05\/STADEBILLE5.png 523w\" sizes=\"auto, (max-width: 300px) 100vw, 300px\" \/><br \/>\nDen voksne stadebille.<\/p>\n<p><strong>FORVEKSLINGSMULIGHEDER<\/strong><br \/>\nStadebillens larver kan forveksles med voksm\u00f8llets larver, dog kan de forholdsvis nemt skelnes fra hinanden. Stadebillens larve er nemlig, modsat voksm\u00f8llets, forsynet med torne langs kroppen. Desuden er de udstyret med tre par ben som sidder t\u00e6t ved hovedet.<br \/>\nI bistadet kan man ofte st\u00f8de p\u00e5 forskellige biller, men de adskiller sig oftest fra stadebillen.<\/p>\n<p><strong>P\u00c5VISNING<\/strong><br \/>\nDer er anmeldelsespligt p\u00e5 den lille stadebille. Det betyder, at har man mistanke om billens tilstedv\u00e6relse, skal man straks kontakte Offentlig Bisygdomsbek\u00e6mpelse (se\u00a0Hvad g\u00f8r jeg?).<br \/>\nVed at s\u00e6tte et ud\u00e6kket magasin fra bifamilien p\u00e5 et stykke pap i et par minutter, vil stadebillerne s\u00f8ge ned p\u00e5 pappet, idet de flygter fra lyset.<br \/>\nForskellige f\u00e6lder, som placeres udenfor bistadet, er &#8211; med st\u00f8rre eller mindre succes &#8211;\u00a0udviklet.<\/p>\n<p><strong>FOREBYGGELSE<\/strong><br \/>\nFor at hindre billen i at spredes yderligere, er det vigtigt med meget restriktive importregler. Desuden er det vigtigt at have store, st\u00e6rke og sunde bifamilier, som bedre kan klare et angreb.<\/p>\n<p>Da billen foretr\u00e6kker at l\u00e6gge sine \u00e6g i revner og spr\u00e6kker i bistadet, kan det anbefales, at bruge kunststofstader som har f\u00e6rre revner og spr\u00e6kker i forhold til trugstader.<\/p>\n<p><strong>BEK\u00c6MPELSE<\/strong><br \/>\nHer i landet vil billens krav til temperatur kunne opfyldes, s\u00e5ledes at billen vil v\u00e6re i stand til at overleve og formere sig. Den vil nok ikke kunne producere helt s\u00e5 mange generationer, men dog nogle.<\/p>\n<p>Til bek\u00e6mpelse af stadebillen har man fors\u00f8gt flere forskellige midler og metoder, bl.a. oxal- og myresyre, disse har hidtil desv\u00e6rre vist sig at v\u00e6re uden effekt. I USA og Australien anvendes med nogen succes pesticider, men billens fortsatte spredning kunne tyde p\u00e5, at behandlingen ikke er tilstr\u00e6kkelig. I \u00f8vrigt er nogle af de pesticider som anvendes farlige for bier, og bifamilier er blevet sl\u00e5et ihjel som f\u00f8lge af &#8220;behandlingerne&#8221;.<\/p>\n","protected":false},"excerpt":{"rendered":"<p>Den lille stadebille (Aethina tumida) stammer oprindelig fra Afrika. Bier og biller er her tilpasset hinanden, s\u00e5ledes at der ikke forekommer skader i sunde bifamilier. Nu er billen spredt til andre omr\u00e5der, hvor den har for\u00e5rsaget store skader. Voksne stadebiller er omkring 0,5 cm lange, og deres krop er oval. P\u00e5 hovedet har den et [&hellip;]<\/p>\n","protected":false},"author":1,"featured_media":0,"parent":5189,"menu_order":16,"comment_status":"closed","ping_status":"closed","template":"","meta":{"_acf_changed":false,"footnotes":""},"class_list":["post-5267","page","type-page","status-publish","hentry"],"acf":[],"aioseo_notices":[],"_links":{"self":[{"href":"https:\/\/www.biavl.dk\/medlemmer\/wp-json\/wp\/v2\/pages\/5267","targetHints":{"allow":["GET"]}}],"collection":[{"href":"https:\/\/www.biavl.dk\/medlemmer\/wp-json\/wp\/v2\/pages"}],"about":[{"href":"https:\/\/www.biavl.dk\/medlemmer\/wp-json\/wp\/v2\/types\/page"}],"author":[{"embeddable":true,"href":"https:\/\/www.biavl.dk\/medlemmer\/wp-json\/wp\/v2\/users\/1"}],"replies":[{"embeddable":true,"href":"https:\/\/www.biavl.dk\/medlemmer\/wp-json\/wp\/v2\/comments?post=5267"}],"version-history":[{"count":1,"href":"https:\/\/www.biavl.dk\/medlemmer\/wp-json\/wp\/v2\/pages\/5267\/revisions"}],"predecessor-version":[{"id":8697,"href":"https:\/\/www.biavl.dk\/medlemmer\/wp-json\/wp\/v2\/pages\/5267\/revisions\/8697"}],"up":[{"embeddable":true,"href":"https:\/\/www.biavl.dk\/medlemmer\/wp-json\/wp\/v2\/pages\/5189"}],"wp:attachment":[{"href":"https:\/\/www.biavl.dk\/medlemmer\/wp-json\/wp\/v2\/media?parent=5267"}],"curies":[{"name":"wp","href":"https:\/\/api.w.org\/{rel}","templated":true}]}}