{"id":5280,"date":"2016-05-18T11:57:34","date_gmt":"2016-05-18T11:57:34","guid":{"rendered":"http:\/\/vonbulow.org\/medlemmer\/?page_id=5280"},"modified":"2020-11-02T08:51:01","modified_gmt":"2020-11-02T08:51:01","slug":"hvad-goer-jeg","status":"publish","type":"page","link":"https:\/\/www.biavl.dk\/medlemmer\/videnbank\/biygdom\/sygdomme\/hvad-goer-jeg\/","title":{"rendered":"HVAD G\u00d8R JEG?"},"content":{"rendered":"<p>Flere sygdomme som giver symptomer som kan v\u00e6re sv\u00e6re at skelne fra hinanden. Er man i tvivl om, om ens bier er syge, er det en god id\u00e9 at alliere sig med en rutineret biavler, en kyndig biavler eller binspekt\u00f8ren.<\/p>\n<p><strong>MELDEPLIGT<\/strong><br \/>\nI Danmark er visse sygdomme meldepligtige, dvs. at man ved mistanke om disse sygdommes tilstedev\u00e6relse skal straks anmelde det til den lokale biinspekt\u00f8r eller til Offentlig Bisygdomsbek\u00e6mpelse. Herefter udtages pr\u00f8ver som indsendes til Offentlig Bisygdomsbek\u00e6mpelse. Tavlepr\u00f8verne skal v\u00e6re 10&#215;10 cm og udtages fra omr\u00e5de p\u00e5 tavlen, hvor der er mistanke om sygdom. Bem\u00e6rk, at der er karant\u00e6ne i big\u00e5rden, hvis der er mistanke om udbrud af ondartet bipest eller stenyngel. Det betyder, at der ikke m\u00e5 flyttes bier, honning og brugt biavlsmateriel fra big\u00e5rden. Tavler og blokvoks m\u00e5 gerne sendes til vokssmelteri. Karant\u00e6nen oph\u00e6ves, hvis unders\u00f8gelsen viser, at der ikke er udbrud af de to sygdomme, eller n\u00e5r behandlingen af sygdommene er afsluttet.<\/p>\n<p>Viser resultaterne af unders\u00f8gelsen sig at v\u00e6re positive, skal biinspekt\u00f8ren iv\u00e6rks\u00e6tte og forest\u00e5 behandlingen. I forbindelse med behandlingen skal biavleren ogs\u00e5 informeres om, hvordan man forebygger sygdommen. I tilf\u00e6lde af ondartet bipest, skal alle bifamilier i en 2 km-zone fra den angrebne big\u00e5rd, unders\u00f8ges.<\/p>\n<p>Der er meldepligt for f\u00f8lgende sygdomme og skadevoldere:<\/p>\n<ul>\n<li>Ondartet bipest<\/li>\n<li>Europ\u00e6isk bipest<\/li>\n<li>Stenyngel<\/li>\n<li>Den lille stadebille<\/li>\n<li>Tropilaelaps miden<\/li>\n<li>Trak\u00e9 miden<\/li>\n<li>Varroa (g\u00e6lder kun for Anholt!)<\/li>\n<\/ul>\n<p>En opdateret liste over\u00a0biinspekt\u00f8rer vil man altid kunne finde\u00a0p\u00e5 Det Centrale Big\u00e5rdsRegisters hjemmeside <a href=\"https:\/\/cbr.pdir.dk\/bier.aspx\">https:\/\/cbr.pdir.dk\/bier.aspx<\/a><\/p>\n<p>Tavlepr\u00f8ver indsendes til:<\/p>\n<p>Offentlig Bisygdomsbek\u00e6mpelse<br \/>\nAarhus Universitet<br \/>\nAtt. Per Kryger<br \/>\nFors\u00f8gsvej 1<br \/>\n4200 Slagelse<\/p>\n<p><strong>VED FLYTNING AF BIFAMILIER<\/strong><br \/>\nSkal man, af den ene eller anden grund, flytte bifamilier (f.eks. ved k\u00f8b\/salg eller til best\u00f8vningsopgaver) eller ubeboede bihuse &#8220;til anden mands ejendom eller ud over 1 km fra den hidtidige stadeplads&#8221;, skal der udstedes sundhedsattest. Attesten udstedes af en kyndig biavler, efter et grundigt eftersyn har vist, at der ikke er synlige tegn p\u00e5 de meldepligtige sygdomme og skadevoldere.<\/p>\n<p>Parringskassetter til parringsstation samt forsendelse af dronninger kr\u00e6ver ingen sundhedsattest.<\/p>\n<p>Husk, at big\u00e5rde opstillet uden for ejerens ejendom skal v\u00e6re m\u00e6rket synligt med ejerens navn og adresse!<\/p>\n<p><strong>DET ER FORBUDT!<\/strong><br \/>\nFor at mindske risikoen for spredning af bisygdomme, er det forbudt:<\/p>\n<ul>\n<li>at fodre bierne i det fri,<\/li>\n<li>at anbringe honning, tavler og andet materiel, hvorfra smitte kan ske, s\u00e5ledes, at bier kan f\u00e5 adgang hertil,<\/li>\n<li>at lade bihuse med d\u00f8de bifamilier eller udbyggede tavler st\u00e5 s\u00e5ledes, at bier kan f\u00e5 adgang hertil,<\/li>\n<li>at forsende brugte tavler, uafsmeltet voks, foder eller honning s\u00e5ledes, at bier kan f\u00e5 adgang hertil,<\/li>\n<li>at anvende foder, der indeholder honning, ved forsendelse af dronninger.<\/li>\n<\/ul>\n","protected":false},"excerpt":{"rendered":"<p>Flere sygdomme som giver symptomer som kan v\u00e6re sv\u00e6re at skelne fra hinanden. Er man i tvivl om, om ens bier er syge, er det en god id\u00e9 at alliere sig med en rutineret biavler, en kyndig biavler eller binspekt\u00f8ren. MELDEPLIGT I Danmark er visse sygdomme meldepligtige, dvs. at man ved mistanke om disse sygdommes [&hellip;]<\/p>\n","protected":false},"author":1,"featured_media":0,"parent":5189,"menu_order":19,"comment_status":"closed","ping_status":"closed","template":"","meta":{"_acf_changed":false,"footnotes":""},"class_list":["post-5280","page","type-page","status-publish","hentry"],"acf":[],"aioseo_notices":[],"_links":{"self":[{"href":"https:\/\/www.biavl.dk\/medlemmer\/wp-json\/wp\/v2\/pages\/5280","targetHints":{"allow":["GET"]}}],"collection":[{"href":"https:\/\/www.biavl.dk\/medlemmer\/wp-json\/wp\/v2\/pages"}],"about":[{"href":"https:\/\/www.biavl.dk\/medlemmer\/wp-json\/wp\/v2\/types\/page"}],"author":[{"embeddable":true,"href":"https:\/\/www.biavl.dk\/medlemmer\/wp-json\/wp\/v2\/users\/1"}],"replies":[{"embeddable":true,"href":"https:\/\/www.biavl.dk\/medlemmer\/wp-json\/wp\/v2\/comments?post=5280"}],"version-history":[{"count":4,"href":"https:\/\/www.biavl.dk\/medlemmer\/wp-json\/wp\/v2\/pages\/5280\/revisions"}],"predecessor-version":[{"id":149205,"href":"https:\/\/www.biavl.dk\/medlemmer\/wp-json\/wp\/v2\/pages\/5280\/revisions\/149205"}],"up":[{"embeddable":true,"href":"https:\/\/www.biavl.dk\/medlemmer\/wp-json\/wp\/v2\/pages\/5189"}],"wp:attachment":[{"href":"https:\/\/www.biavl.dk\/medlemmer\/wp-json\/wp\/v2\/media?parent=5280"}],"curies":[{"name":"wp","href":"https:\/\/api.w.org\/{rel}","templated":true}]}}