{"id":5282,"date":"2016-05-18T12:00:28","date_gmt":"2016-05-18T12:00:28","guid":{"rendered":"http:\/\/vonbulow.org\/medlemmer\/?page_id=5282"},"modified":"2020-07-15T11:56:22","modified_gmt":"2020-07-15T11:56:22","slug":"rengoering-og-hygiejne","status":"publish","type":"page","link":"https:\/\/www.biavl.dk\/medlemmer\/videnbank\/biygdom\/sygdomme\/rengoering-og-hygiejne\/","title":{"rendered":"RENG\u00d8RING OG HYGIEJNE"},"content":{"rendered":"<p>At drive moderne biavl er ligesom med al anden f\u00f8devareproduktion: Der skal holdes en h\u00f8j hygiejne i alle arbejdsprocesser. S\u00e5ledes er det vigtigt at arbejde med rent bimateriel &#8211; det v\u00e6re sig lige fra bidragt over r\u00f8gpuster til bikasser og vokstavler.<\/p>\n<p><strong>HOLD SMITTEKIM NEDE<\/strong><br \/>\nI en kalkyngelpuppe kan der v\u00e6re op til 90 millioner sporer. Bipestsporer har vist sig spiringsdygtige i helt op til 35 \u00e5r og sandsynligvis i l\u00e6ngere tid. Derfor vil der altid i biernes omgivende milj\u00f8 v\u00e6re en potentiel smittefare. Denne smittefare kan holdes nede p\u00e5 et minimalt niveau ved at indarbejde rutinem\u00e6ssig reng\u00f8ring af alt bimateriel efter anvendelse.<\/p>\n<p><strong>RENG\u00d8RING ER IKKE 100%<\/strong><br \/>\nBimateriel er vanskeligt at reng\u00f8re. Materialeoverfladerne er yderst forskellige. Vi har tr\u00e6kasser med ru overflade, hvor sygdomskim kan gemme sig i spr\u00e6kkerne, til kunststofkasser med ru eller helt glat overflade. Det er indlysende at en kunst-stofkasse ikke kan flamberes.<\/p>\n<p>H. Hansen og C. Br\u00f8dsgaard lavede tilbage i 1997 et fint fors\u00f8g, hvor man rengjorde tr\u00e6kasser p\u00e5 forskellige m\u00e5der. Ens for de praktisk anvende-lige reng\u00f8ringsmetoder var, at det ikke var muligt fuldst\u00e6ndig at udrydde alle sygdomskim i tr\u00e6-kasserne. I fors\u00f8get viste det sig, at f.eks. flam-bering med en gasbr\u00e6nder kun kunne dr\u00e6be omkring 80% af de tilstedev\u00e6rende bipestsporer. F\u00e6lles var dog, at det tilbagev\u00e6rende smittetryk i de rengjorte bikasser var s\u00e5 lavt, at det senere hen ikke var muligt at overf\u00f8re smitten til andre bifamilier i en s\u00e5dan grad, at man fik kliniske symptomer p\u00e5 ondartet bipest. Derfor er konklusionen: Man kan ikke fuldst\u00e6ndig fjerne alle smittekim, men man kan f\u00e5 antallet ned p\u00e5 et acceptabelt niveau, som ikke umiddelbart vil overf\u00f8rer smitte.<\/p>\n<p><strong>HVORDAN RENG\u00d8RES?<\/strong><br \/>\nNedenst\u00e5ende anbefaling kan ses i Danmarks JordbrugsForsknings \u201eForskrift for unders\u00f8gelse og behandling af honningbier for sygdomme&#8221;.<br \/>\nBimateriellet skrabes f\u00f8rst rent for voks. Herefter reng\u00f8res det med \u00e9n af f\u00f8lgende metoder:<\/p>\n<ul>\n<li>Flambering med gasbr\u00e6nder.<\/li>\n<li>Skrubning med grydesvamp og varmt s\u00e6bevand (1\u00bd dl klorholdigt maskin-opvaskepulver opl\u00f8st i 10 l vand) efterfulgt af afskylning med rent vand.<\/li>\n<li>H\u00f8jtryksspuling med koldt vand.<\/li>\n<li>P\u00e5spr\u00f8jtning med en 1%-opl\u00f8sning af VirkonS, som er et milj\u00f8venligt desinfek-tionsmiddel. P\u00e5spr\u00f8jtning sker med en vandforst\u00f8ver, og der p\u00e5spr\u00f8jtes s\u00e5 meget v\u00e6ske, at materiellet gennemv\u00e6des.<\/li>\n<\/ul>\n<p><strong>HEDVANDSRENSER<\/strong><br \/>\nHedvandsrenser er ikke n\u00e6vnt i vejledningen, men der er ingen tvivl om, at denne er yderst effektiv til at rense bimateriel. Til geng\u00e6ld er en hedvandsrenser meget dyr at anskaffe.<\/p>\n<p><strong>KAUSTISK SODA<\/strong><br \/>\nReng\u00f8ring med kaustisk soda er ogs\u00e5 yderst effektivt, men det er ogs\u00e5 sikkerhedsm\u00e6ssigt problematisk. Bimateriellet kan dyppes i en 75 grader varm opl\u00f8sning af kaustisk soda (Natriumhy-droxyd, NaOH) og brun s\u00e6be. V\u00e6sken renser og desinficerer. Men man skal v\u00e6re yderst forsigtig med denne v\u00e6ske, da den er st\u00e6rkt \u00e6tsende. B\u00e5de hud og \u00f8jne tager straks skade ved st\u00e6nk. Derfor skal der anvendes gummist\u00f8vler, gummiforkl\u00e6de, gummihandsker og beskyttelsesbriller. Kommer man kaustisk soda i vand, opvarmes vandet straks af opl\u00f8sningen. Derfor skal den kaustisk soda altid blandes i koldt vand. Er vandet varmt i forvejen vil opl\u00f8sningen koge og strinte. Derfor: S\u00e6be og soda i koldt vand og s\u00e5 opvarmes til 75 grader. Opl\u00f8sningen m\u00e5 af hensyn til sikkerheden ikke koge.<\/p>\n<p>Normalt anvender man 8-10 gram kaustisk soda og 2-3 gram brun s\u00e6be pr. ramme.<\/p>\n<p><strong>VOKSSMELTNING OG VASK AF RAMMER<\/strong><br \/>\nAf ovenst\u00e5ende grund anbefaler vi at man i det mindste lader sine rammer reng\u00f8re hos professionelle vokssmeltere, som har det professionelle udstyr til r\u00e5dighed.<\/p>\n<p><strong>OMSMELTNING AF VOKS<\/strong><br \/>\nDa sygdomskim indlejres i kokonrester og dermed er en mulig smittekilde ved genanvendelse, anbefaler vi, at man som minimum omsmelter alle vokstavler hvori der har v\u00e6ret yngel og pollen. Gem kun ubrugte og rene jomfrutavler. Den st\u00f8rste grad af hygiejne opn\u00e5s ved at omsmelte alle rammer.<\/p>\n","protected":false},"excerpt":{"rendered":"<p>At drive moderne biavl er ligesom med al anden f\u00f8devareproduktion: Der skal holdes en h\u00f8j hygiejne i alle arbejdsprocesser. S\u00e5ledes er det vigtigt at arbejde med rent bimateriel &#8211; det v\u00e6re sig lige fra bidragt over r\u00f8gpuster til bikasser og vokstavler. HOLD SMITTEKIM NEDE I en kalkyngelpuppe kan der v\u00e6re op til 90 millioner sporer. [&hellip;]<\/p>\n","protected":false},"author":1,"featured_media":0,"parent":5189,"menu_order":20,"comment_status":"closed","ping_status":"closed","template":"","meta":{"_acf_changed":false,"footnotes":""},"class_list":["post-5282","page","type-page","status-publish","hentry"],"acf":[],"aioseo_notices":[],"_links":{"self":[{"href":"https:\/\/www.biavl.dk\/medlemmer\/wp-json\/wp\/v2\/pages\/5282","targetHints":{"allow":["GET"]}}],"collection":[{"href":"https:\/\/www.biavl.dk\/medlemmer\/wp-json\/wp\/v2\/pages"}],"about":[{"href":"https:\/\/www.biavl.dk\/medlemmer\/wp-json\/wp\/v2\/types\/page"}],"author":[{"embeddable":true,"href":"https:\/\/www.biavl.dk\/medlemmer\/wp-json\/wp\/v2\/users\/1"}],"replies":[{"embeddable":true,"href":"https:\/\/www.biavl.dk\/medlemmer\/wp-json\/wp\/v2\/comments?post=5282"}],"version-history":[{"count":1,"href":"https:\/\/www.biavl.dk\/medlemmer\/wp-json\/wp\/v2\/pages\/5282\/revisions"}],"predecessor-version":[{"id":8706,"href":"https:\/\/www.biavl.dk\/medlemmer\/wp-json\/wp\/v2\/pages\/5282\/revisions\/8706"}],"up":[{"embeddable":true,"href":"https:\/\/www.biavl.dk\/medlemmer\/wp-json\/wp\/v2\/pages\/5189"}],"wp:attachment":[{"href":"https:\/\/www.biavl.dk\/medlemmer\/wp-json\/wp\/v2\/media?parent=5282"}],"curies":[{"name":"wp","href":"https:\/\/api.w.org\/{rel}","templated":true}]}}