{"id":5284,"date":"2016-05-18T12:04:59","date_gmt":"2016-05-18T10:04:59","guid":{"rendered":"http:\/\/vonbulow.org\/medlemmer\/?page_id=5284"},"modified":"2020-07-15T11:56:22","modified_gmt":"2020-07-15T11:56:22","slug":"avl-og-sygdomstolerance","status":"publish","type":"page","link":"https:\/\/www.biavl.dk\/medlemmer\/videnbank\/biygdom\/sygdomme\/avl-og-sygdomstolerance\/","title":{"rendered":"AVL OG SYGDOMSTOLERANCE"},"content":{"rendered":"<p>At have sygdomstolerante dronninger er en v\u00e6sentligt faktor for en sygdomsfri biavl. Derfor b\u00f8r man i tilf\u00e6lde af sygdom skifte bifamiliens dronnning.<\/p>\n<p><strong>SYGDOMSTOLERANTE DRONNINGER<\/strong><br \/>\nBifamilier har forskellig modstandskraft overfor bisygdomme. Derfor anbefaler vi, at man ved langt de fleste bisygdomme skifter dronningen ud med en ny dronning der er mere tolerant overfor bisygdommene.<\/p>\n<p><strong>ARVELIGHED<\/strong><br \/>\nDet, der kendetegner en sund bifamilie er dens evne til hurtigt at reagere p\u00e5 sygdomskim i bifamilien. Et godt eksempel er ondartet bipest. Unge larver reagere forbavsende hurtigt p\u00e5 en infektion med bipestsporer. De bliver syge. Ammebierne erkender hurtigt disse larver som v\u00e6rende unormale, hvorfor de straks renses ud. Der er forskel i larvemodtageligheden.<\/p>\n<p><img loading=\"lazy\" decoding=\"async\" width=\"300\" height=\"224\" class=\"alignnone size-medium wp-image-5285\" src=\"http:\/\/www.biavl.dk\/medlemmer\/wp-content\/uploads\/2016\/05\/TOLERANCE-300x224.png\" alt=\"TOLERANCE\" srcset=\"https:\/\/www.biavl.dk\/medlemmer\/wp-content\/uploads\/2016\/05\/TOLERANCE-300x224.png 300w, https:\/\/www.biavl.dk\/medlemmer\/wp-content\/uploads\/2016\/05\/TOLERANCE.png 523w\" sizes=\"auto, (max-width: 300px) 100vw, 300px\" \/><br \/>\nDer findes to typer udrensningstest: Frysetesten, hvor yngelen sk\u00e6re ud og fryses i 24 timer. Herefter s\u00e6ttes yngelen tilbage og kontrolleres efter 48 timer. N\u00e5lestikstesten virker ved, at yngel dr\u00e6bes ved n\u00e5lestik. 12 timer efter n\u00e5lestikket kontrolleres udrensningsevnen.<\/p>\n<p><strong>EN TOLERANCEMEKANISME OVER FOR BIPEST<\/strong><br \/>\nTidligere fandt Rothenbuhler og hans medarbejdere frem til, at bifamilier der var tolerante overfor ondartet bipest havde evnen til hurtigt at opdage syg yngel bag ved celleforseglingen, \u00e5bne celleforseglingen og rense den syge yngel ud og dermed ogs\u00e5 fjerne smittekimene ud af bifamilien. Dermed kan bifamilien hindre, at sygdommen spredes i bifamilien. Henrik Hansen og Camilla Br\u00f8dsgaard har med deres fors\u00f8g med opdr\u00e6t af bilarver i fingerb\u00f8l kunnet vise, at larverne blev syge ved fodring med ganske f\u00e5 bipestsporer, hvorfor bifamilier med evnen til at opdage bisygdommen s\u00e5 tidligt som i larvestadiet, vil have st\u00f8rre modstandskraft end bifamilier, der f\u00f8rst skal opdage den syge puppe bag celleforseglingen.<\/p>\n<p>Rothenbuhler avlede p\u00e5 disse egenskaber og fik praktisk talt bipesttolerante bier ud af sit avlsarbejde. Det samme kan vi ogs\u00e5 se hos danske bifamilier, hvor der seri\u00f8st bliver arbejde omkring sygdomstolerance.<br \/>\nBifamilier som ikke besidder ovenst\u00e5ende evne har en st\u00f8rre risiko for at blive udsat for sygdom.<\/p>\n<p><strong>UDRENSNINGSEVNE<\/strong><br \/>\nUdrensningsevne er arvelig. Derfor har man i praktisk dronningavl udviklet den s\u00e5kaldte udrensningstest, hvor man dr\u00e6ber yngel bag forseglede celler, hvorefter man tester bifamiliens evne til at rense denne \u201esyge&#8221; yngel ud.<\/p>\n<p>Adskillige unders\u00f8gelser har vist, at evnen til at rense d\u00f8d yngel ud er koblet op p\u00e5 god sygdomstolerance. Koblingen er ikke st\u00e6rk, men det er det bedste redskab vi har i moderne avlsarbejde i forhold til sygdomstolerance.<\/p>\n<p>Derfor anbefaler vi ogs\u00e5, at man indk\u00f8ber sine dronninger hos anerkendte dronningavlere, som deltager i \u201eSygdomstoleranceprojektet&#8221;, som er et samarbejde mellem Danmarks Biavlerforening og de danske dronningeavlere. Til dette projekt er ogs\u00e5 koblet \u201etest af brugsdronninger&#8221;, som er en forbrugertest af de dronninger der s\u00e6lges p\u00e5 det danske marked. Se n\u00e6rmere omtale heraf i Danmarks Biavlerforenings fors\u00f8gsrapport, som offentligg\u00f8res i Tidsskrift for Biavl i for\u00e5ret.<\/p>\n<p><img loading=\"lazy\" decoding=\"async\" width=\"300\" height=\"224\" class=\"alignnone size-medium wp-image-5286\" src=\"http:\/\/www.biavl.dk\/medlemmer\/wp-content\/uploads\/2016\/05\/TOLERANCE2-300x224.png\" alt=\"TOLERANCE2\" srcset=\"https:\/\/www.biavl.dk\/medlemmer\/wp-content\/uploads\/2016\/05\/TOLERANCE2-300x224.png 300w, https:\/\/www.biavl.dk\/medlemmer\/wp-content\/uploads\/2016\/05\/TOLERANCE2.png 523w\" sizes=\"auto, (max-width: 300px) 100vw, 300px\" \/><br \/>\nN\u00e5ledr\u00e6bt yngel efter 12 timer. \u00d8verst ses de fuldst\u00e6ndigt udrensede celler. Denne bifamilie betragtes som havende god udrensningsevne.<\/p>\n<p><strong>Vejledning om udrensningstest<\/strong><br \/>\nBiers sygdomstolerance er k\u00e6det sammen med biernes evne til at rense d\u00f8d yngel ud af forseglede yngelceller. Der er to m\u00e5der til at teste udrensningsevnen p\u00e5:<\/p>\n<ul>\n<li>Udrensning af frysedr\u00e6bt yngel\u00a0<a href=\"http:\/\/www.biavl.dk\/medlemmer\/wp-content\/uploads\/2016\/05\/frysetestmetoden-1.pdf\" rel=\"\">frysetestmetoden<\/a><\/li>\n<li>N\u00e5lestiksmetoden\u00a0<a href=\"http:\/\/www.biavl.dk\/medlemmer\/wp-content\/uploads\/2016\/05\/n\u00dclestiksmetoden-1.pdf\" rel=\"\">n\u00e5lestiksmetoden<\/a><\/li>\n<\/ul>\n","protected":false},"excerpt":{"rendered":"<p>At have sygdomstolerante dronninger er en v\u00e6sentligt faktor for en sygdomsfri biavl. Derfor b\u00f8r man i tilf\u00e6lde af sygdom skifte bifamiliens dronnning. SYGDOMSTOLERANTE DRONNINGER Bifamilier har forskellig modstandskraft overfor bisygdomme. Derfor anbefaler vi, at man ved langt de fleste bisygdomme skifter dronningen ud med en ny dronning der er mere tolerant overfor bisygdommene. ARVELIGHED Det, [&hellip;]<\/p>\n","protected":false},"author":1,"featured_media":0,"parent":5189,"menu_order":21,"comment_status":"closed","ping_status":"closed","template":"","meta":{"_acf_changed":false,"footnotes":""},"class_list":["post-5284","page","type-page","status-publish","hentry"],"acf":[],"aioseo_notices":[],"_links":{"self":[{"href":"https:\/\/www.biavl.dk\/medlemmer\/wp-json\/wp\/v2\/pages\/5284","targetHints":{"allow":["GET"]}}],"collection":[{"href":"https:\/\/www.biavl.dk\/medlemmer\/wp-json\/wp\/v2\/pages"}],"about":[{"href":"https:\/\/www.biavl.dk\/medlemmer\/wp-json\/wp\/v2\/types\/page"}],"author":[{"embeddable":true,"href":"https:\/\/www.biavl.dk\/medlemmer\/wp-json\/wp\/v2\/users\/1"}],"replies":[{"embeddable":true,"href":"https:\/\/www.biavl.dk\/medlemmer\/wp-json\/wp\/v2\/comments?post=5284"}],"version-history":[{"count":2,"href":"https:\/\/www.biavl.dk\/medlemmer\/wp-json\/wp\/v2\/pages\/5284\/revisions"}],"predecessor-version":[{"id":113753,"href":"https:\/\/www.biavl.dk\/medlemmer\/wp-json\/wp\/v2\/pages\/5284\/revisions\/113753"}],"up":[{"embeddable":true,"href":"https:\/\/www.biavl.dk\/medlemmer\/wp-json\/wp\/v2\/pages\/5189"}],"wp:attachment":[{"href":"https:\/\/www.biavl.dk\/medlemmer\/wp-json\/wp\/v2\/media?parent=5284"}],"curies":[{"name":"wp","href":"https:\/\/api.w.org\/{rel}","templated":true}]}}