{"id":5290,"date":"2016-05-18T12:07:40","date_gmt":"2016-05-18T12:07:40","guid":{"rendered":"http:\/\/vonbulow.org\/medlemmer\/?page_id=5290"},"modified":"2020-07-15T11:56:22","modified_gmt":"2020-07-15T11:56:22","slug":"produktion-af-smaafamilier","status":"publish","type":"page","link":"https:\/\/www.biavl.dk\/medlemmer\/videnbank\/biygdom\/sygdomme\/produktion-af-smaafamilier\/","title":{"rendered":"PRODUKTION AF SM\u00c5FAMILIER"},"content":{"rendered":"<p>At have et overskud af dronninger og bifamilier er en god forsikring i forhold til \u00e5r med store vintertab eller \u00e5r med d\u00e5rlige parringer af dronninger. Produktionen af sm\u00e5familier giver en positiv sidegevinst i forhold til varroa. Blot det, at man tager bier og yngel fra en produktionsfamilie g\u00f8r, at man kan reducere antallet af varroa med op til en tredjedel. Sm\u00e5familier kan nemt og behageligt varroabehandles i s\u00e6sonen, da disse ikke vil give noget honningafkast i den indev\u00e6rende s\u00e6son. Dette giver gode muligheder for at have sunde og st\u00e6rke bifamilier til indvintring.<\/p>\n<p><strong>PRODUKTION AF SM\u00c5FAMILIER<\/strong><br \/>\nI s\u00e6sonen n\u00e5r tr\u00e6kket er ved at toppe, vil der v\u00e6re et stort overskud af yngeltavler i de fleste bifamilier (juli m\u00e5ned). De bier som f\u00f8des i denne periode, er for tidligt f\u00f8dte til at v\u00e6re gode vinterbier og for sent f\u00f8dte til at kunne deltage i et evt. tr\u00e6k. Det eneste de g\u00f8r, er at \u00e6de af bifamiliens forr\u00e5d. Derfor kan man fint i denne periode fjerne yngeltavler fra produktionsfamilierne og lave sm\u00e5familier helt uden omkostninger for bifamilierne.<\/p>\n<p>Tidspunktet for produktion af sm\u00e5familierne kan v\u00e6re lige fra starten af juni hvor man har de f\u00f8rste ubefrugtede dronninger til helt hen i august m\u00e5ned. En ny bifamilie skal have tilf\u00f8rt unge bier, pollen og foder s\u00e5 den kan klare sig den f\u00f8rste tid uden at v\u00e6re afh\u00e6ngig af at skulle samle noget ind i naturen. Sm\u00e5familierne har s\u00e5 at sige ingen tr\u00e6kbier. Omkring den 1. juli vil en opskrift for en fem rammers sm\u00e5familie v\u00e6re:<\/p>\n<p>A. En god pollentavle med p\u00e5siddende bier.<\/p>\n<p>B. En god yngeltavle med forseglet yngel, der skal til at krybe.<\/p>\n<p>C. En kunsttavle + evt. en jomfrutavle.<\/p>\n<p>D. En god fodertavle, gerne med uforseglet honning og pollen. Tavlerne skal v\u00e6re med p\u00e5siddende bier!<\/p>\n<p>E. Ca. 1 1\/2 liter unge bier (=bier fra 2-3 yngeltavler).<\/p>\n<p>Lad evt. bifamilien st\u00e5 i 5 dage og fjern herefter alle dronningeceller. Herefter kan der tils\u00e6ttes en ny dronning.<\/p>\n<p>Tils\u00e6ttes en parret dronning, er det vigtigt, at det er en jomfrutavle der tils\u00e6ttes, s\u00e5ledes at hun straks kan g\u00e5 i gang med at l\u00e6gge \u00e6g. Tils\u00e6ttes en jomfrudronning, tils\u00e6ttes en kunstavle. Flyvespr\u00e6kken indsn\u00e6vres til 5 cm.<\/p>\n<p><img loading=\"lazy\" decoding=\"async\" width=\"300\" height=\"214\" class=\"alignnone size-medium wp-image-9207\" src=\"http:\/\/www.biavl.dk\/medlemmer\/wp-content\/uploads\/2016\/07\/SMA\u030aFAMILIER-300x214.jpg\" alt=\"SMAAAFAMILIER\" srcset=\"https:\/\/www.biavl.dk\/medlemmer\/wp-content\/uploads\/2016\/07\/SMA\u030aFAMILIER-300x214.jpg 300w, https:\/\/www.biavl.dk\/medlemmer\/wp-content\/uploads\/2016\/07\/SMA\u030aFAMILIER-768x547.jpg 768w, https:\/\/www.biavl.dk\/medlemmer\/wp-content\/uploads\/2016\/07\/SMA\u030aFAMILIER.jpg 886w\" sizes=\"auto, (max-width: 300px) 100vw, 300px\" \/><\/p>\n<p>&nbsp;<\/p>\n","protected":false},"excerpt":{"rendered":"<p>At have et overskud af dronninger og bifamilier er en god forsikring i forhold til \u00e5r med store vintertab eller \u00e5r med d\u00e5rlige parringer af dronninger. Produktionen af sm\u00e5familier giver en positiv sidegevinst i forhold til varroa. Blot det, at man tager bier og yngel fra en produktionsfamilie g\u00f8r, at man kan reducere antallet af [&hellip;]<\/p>\n","protected":false},"author":1,"featured_media":0,"parent":5189,"menu_order":22,"comment_status":"closed","ping_status":"closed","template":"","meta":{"_acf_changed":false,"footnotes":""},"class_list":["post-5290","page","type-page","status-publish","hentry"],"acf":[],"aioseo_notices":[],"_links":{"self":[{"href":"https:\/\/www.biavl.dk\/medlemmer\/wp-json\/wp\/v2\/pages\/5290","targetHints":{"allow":["GET"]}}],"collection":[{"href":"https:\/\/www.biavl.dk\/medlemmer\/wp-json\/wp\/v2\/pages"}],"about":[{"href":"https:\/\/www.biavl.dk\/medlemmer\/wp-json\/wp\/v2\/types\/page"}],"author":[{"embeddable":true,"href":"https:\/\/www.biavl.dk\/medlemmer\/wp-json\/wp\/v2\/users\/1"}],"replies":[{"embeddable":true,"href":"https:\/\/www.biavl.dk\/medlemmer\/wp-json\/wp\/v2\/comments?post=5290"}],"version-history":[{"count":5,"href":"https:\/\/www.biavl.dk\/medlemmer\/wp-json\/wp\/v2\/pages\/5290\/revisions"}],"predecessor-version":[{"id":9209,"href":"https:\/\/www.biavl.dk\/medlemmer\/wp-json\/wp\/v2\/pages\/5290\/revisions\/9209"}],"up":[{"embeddable":true,"href":"https:\/\/www.biavl.dk\/medlemmer\/wp-json\/wp\/v2\/pages\/5189"}],"wp:attachment":[{"href":"https:\/\/www.biavl.dk\/medlemmer\/wp-json\/wp\/v2\/media?parent=5290"}],"curies":[{"name":"wp","href":"https:\/\/api.w.org\/{rel}","templated":true}]}}