{"id":5293,"date":"2016-05-18T12:09:55","date_gmt":"2016-05-18T12:09:55","guid":{"rendered":"http:\/\/vonbulow.org\/medlemmer\/?page_id=5293"},"modified":"2020-07-15T11:56:22","modified_gmt":"2020-07-15T11:56:22","slug":"undgaa-indslaebning","status":"publish","type":"page","link":"https:\/\/www.biavl.dk\/medlemmer\/videnbank\/biygdom\/sygdomme\/undgaa-indslaebning\/","title":{"rendered":"UNDG\u00c5 INDSL\u00c6BNING"},"content":{"rendered":"<p>Der er stadig mange sygdomme og skadeg\u00f8rere, som vi endnu ikke har i Danmark, og som vi heller ikke \u00f8nsker at f\u00e5 til landet! Ude i den store verden er der talrige eksempler p\u00e5 at det er g\u00e5et helt galt p\u00e5 grund af, at de importerede bier har haft sygdomme, skadeg\u00f8rere eller egenskaber, som man ikke kendte. Der er endvidere kendte sygdomme, skadeg\u00f8rere og egenskaber, som vi ikke \u00f8nsker at f\u00e5 til Danmark. Der er derfor god grund til at advare mod ukritisk import (indsl\u00e6bning).<\/p>\n<p>Selv om der er importregler, s\u00e5 d\u00e6kker de kun kendte risici, men der er ingen regler, som beskytter mod de ukendte risici.<\/p>\n<p><strong>DER ER NOK PROBLEMER<\/strong><br \/>\nVarroamider. Dem har vi nok af, men vi klarer os med vores forskellige metoder til at bek\u00e6mpe miderne. Den st\u00f8rste umiddelbare risiko ved import af nye mider, er risikoen for at f\u00e5 indf\u00f8rt mider, som er resistente overfor pesticider s\u00e5som fluvalinat eller flumethrin &#8211; de findes udbredt i Europa.<\/p>\n<p>Der er stor forskel p\u00e5 varroamider forskellige steder. Vi har den ret aggressive Varroa destructor i Danmark, men der kan m\u00e5ske v\u00e6re mider derude, som er langt mere aggressive. At det kan v\u00e6re tilf\u00e6ldet har man set med Trak\u00e9mider i USA. Der har man haft trak\u00e9mider i mange \u00e5r, uden at det har givet v\u00e6sentlige problemer. Men af en eller anden \u00e5rsag, fik man gennem nogle \u00e5r meget store problemer med tab af bifamilier som f\u00f8lge af trak\u00e9mider. \u00c5rsagen kender man ikke helt.<\/p>\n<p>Nogle danske biavlere importerede i 1992 bier fra USA med trak\u00e9mider. Miderne har forvoldt tab hos en biavler i Nordjylland og hos flere biavlere p\u00e5 L\u00e6s\u00f8. Heldigvis er trak\u00e9mider f\u00f8lsomme over for myresyre. Det kan v\u00e6re \u00e5rsagen til at vi ikke oplever de helt store problemer i resten af landet. Med indsl\u00e6bning af varroamider til L\u00e6s\u00f8, s\u00e5 er biavlerne der ogs\u00e5 n\u00f8dt til at bek\u00e6mpe med myresyre, s\u00e5 de vil ogs\u00e5 f\u00e5 ram p\u00e5 trak\u00e9miderne. Men livet som biavler er ikke blevet lettere.<\/p>\n<p>En tredje mide er Tropilaelaps miden, som heldigvis ikke kan klare sig i bifamilier uden yngel. Den sk\u00f8nnes s\u00e5ledes ikke at blive noget problem i Danmark. Men skulle den blive indf\u00f8rt, kan den m\u00e5ske klare sig en periode, og eventuelt overf\u00f8re nye virussygdomme.<\/p>\n<p>Den lille stadebille har v\u00e6ret kendt i Afrika i mange \u00e5r og den er udbredt i afrikanske bifamilier. Dog volder den kun sj\u00e6ldent problemer &#8211; de afrikanske bier kan leve med den.<\/p>\n<p>Efter at den lille stadebille er kommet til USA har den forvoldt voldsomme tab af bifamilier. I Australien er billen ogs\u00e5 fundet. De seneste oplysninger tyder p\u00e5, at tabene af bifamilier som f\u00f8lge af stadebillen er stigende.<\/p>\n<p>Ondartet bipest er udbredt over hele verden, men nye tyske og svenske unders\u00f8gelser viser, at der er stor forskel p\u00e5 bipestlinierne. Der er linier, som er meget virulente og linier som er mindre virulente. Vi ved endnu ikke hvilke linier vi har i Danmark, men der er ingen grund til at risikere indsl\u00e6bning af nye linier, som m\u00e5ske er v\u00e6rre end dem vi har.<\/p>\n<p>Heldigvis bruger vi ikke antibiotika til forebyggelse og bek\u00e6mpelse. Gjorde vi det, skulle vi ogs\u00e5 v\u00e6re p\u00e5passelige med at indsl\u00e6be linier, som er resistente overfor antibiotika.<\/p>\n<p>Virussygdomme. Bierne kan som h\u00e6ftet viser angribes af mange forskellige virussygdomme. Vi kender nok ikke dem alle endnu. Et eksempel p\u00e5 en &#8220;ny virus&#8221; er Kashmir Bi Virus. Den er tilsyneladende ogs\u00e5 spredt inden for de seneste \u00e5r, og findes nu udbredt i Tyskland. Dette virus er meget virulent, og den bedste m\u00e5de at inficere bierne p\u00e5, er via varroamidens parasittering. L\u00f8sningen er, som ved mange andre virussygdomme, at man skal bek\u00e6mpe varroamiderne.<\/p>\n<p>Det skulle undre os om ikke vi har s\u00e5vel Nosema ceranae som Kashmir Bi virus i Danmark. Skulle vi v\u00e6re s\u00e5 heldige, at disse ikke findes i landet, s\u00e5 er der ingen grund til at importere dem.<\/p>\n<p>U\u00f8nskede biracer. Dr\u00e6berbier i Sydamerika, Kap\u2013bier der er spredt til omr\u00e5der uden for Kap-provinsen i Sydafrika, er eksempler p\u00e5 hvor galt det kan g\u00e5, n\u00e5r man indf\u00f8rer &#8220;fremmede biracer&#8221; til et nyt omr\u00e5de. Selv om man mener, at indf\u00f8rslen er sikker, s\u00e5 har det i begge tilf\u00e6ldene vist sig at have noget n\u00e6r katastrofale f\u00f8lger.<\/p>\n<p>Vi har ogs\u00e5 i Norden biavlere, som importerer bier fra Afrika og Sibirien. Nogle endog uden blot element\u00e6re sikkerhedsforanstaltninger. Det er heldigvis g\u00e5et godt indtil videre. Men lad v\u00e6re med at pr\u00f8ve &#8211; det er risikabelt!<\/p>\n","protected":false},"excerpt":{"rendered":"<p>Der er stadig mange sygdomme og skadeg\u00f8rere, som vi endnu ikke har i Danmark, og som vi heller ikke \u00f8nsker at f\u00e5 til landet! Ude i den store verden er der talrige eksempler p\u00e5 at det er g\u00e5et helt galt p\u00e5 grund af, at de importerede bier har haft sygdomme, skadeg\u00f8rere eller egenskaber, som man [&hellip;]<\/p>\n","protected":false},"author":1,"featured_media":0,"parent":5189,"menu_order":23,"comment_status":"closed","ping_status":"closed","template":"","meta":{"_acf_changed":false,"footnotes":""},"class_list":["post-5293","page","type-page","status-publish","hentry"],"acf":[],"aioseo_notices":[],"_links":{"self":[{"href":"https:\/\/www.biavl.dk\/medlemmer\/wp-json\/wp\/v2\/pages\/5293","targetHints":{"allow":["GET"]}}],"collection":[{"href":"https:\/\/www.biavl.dk\/medlemmer\/wp-json\/wp\/v2\/pages"}],"about":[{"href":"https:\/\/www.biavl.dk\/medlemmer\/wp-json\/wp\/v2\/types\/page"}],"author":[{"embeddable":true,"href":"https:\/\/www.biavl.dk\/medlemmer\/wp-json\/wp\/v2\/users\/1"}],"replies":[{"embeddable":true,"href":"https:\/\/www.biavl.dk\/medlemmer\/wp-json\/wp\/v2\/comments?post=5293"}],"version-history":[{"count":1,"href":"https:\/\/www.biavl.dk\/medlemmer\/wp-json\/wp\/v2\/pages\/5293\/revisions"}],"predecessor-version":[{"id":8709,"href":"https:\/\/www.biavl.dk\/medlemmer\/wp-json\/wp\/v2\/pages\/5293\/revisions\/8709"}],"up":[{"embeddable":true,"href":"https:\/\/www.biavl.dk\/medlemmer\/wp-json\/wp\/v2\/pages\/5189"}],"wp:attachment":[{"href":"https:\/\/www.biavl.dk\/medlemmer\/wp-json\/wp\/v2\/media?parent=5293"}],"curies":[{"name":"wp","href":"https:\/\/api.w.org\/{rel}","templated":true}]}}