{"id":5301,"date":"2016-05-18T12:27:49","date_gmt":"2016-05-18T12:27:49","guid":{"rendered":"http:\/\/vonbulow.org\/medlemmer\/?page_id=5301"},"modified":"2020-07-15T11:56:22","modified_gmt":"2020-07-15T11:56:22","slug":"liste-over-voldgiftsmaend","status":"publish","type":"page","link":"https:\/\/www.biavl.dk\/medlemmer\/videnbank\/biygdom\/sygdomme\/liste-over-voldgiftsmaend\/","title":{"rendered":"LISTE OVER VOLDGIFTSM\u00c6ND"},"content":{"rendered":"<p>P\u00e5 <a href=\"http:\/\/naturerhverv.dk\/landbrug\/genetiske-ressourcer\/biavl\/vilkaar-og-regler-for-biavl\">NaturErhvervstyrelsens hjemmeside<\/a>\u00a0finder du en liste over medlemmer af voldgiftsn\u00e6vnet for forgiftning af honningbier. Medlemmerne er udpeget for en 5-\u00e5rig periode, og den igangv\u00e6rende periode udl\u00f8ber den 31. december 2018. Voldgiftsystem b\u00f8r bruges i det tilf\u00e6lde hvor biavler opdager en forgiftning af sine bier. Herefter skal der tilkaldes den biavlskyndige og planteavlskyndige, som sammen skal forest\u00e5 en unders\u00f8gelse og sikre de forn\u00f8dne beviser i mod en evt. skadevolder.<\/p>\n<p>Systemet har igennem mange \u00e5r v\u00e6ret yderst n\u00f8dlidende, s\u00e5som manglende opdatering af adresseliste, manglede telefon nr. m.m. Desuden har der manglet en uddannelse af voldgiftm\u00e6ndene, s\u00e5ledes at de ikke har vidst hvordan sager skal gribes an. Det har over \u00e5rene resulteret i et meget lille antal anmeldelser og is\u00e6r erstatningssager. Et af hovedproblemerne har ogs\u00e5 v\u00e6ret, og er sandsynligvis stadig, at s\u00e5fremt der ikke kan fremskaffes forn\u00f8dent bevismateriale, har biavleren risikeret at st\u00e5 tilbage med sagsbehandlingsomkostningerne.<\/p>\n","protected":false},"excerpt":{"rendered":"<p>P\u00e5 NaturErhvervstyrelsens hjemmeside\u00a0finder du en liste over medlemmer af voldgiftsn\u00e6vnet for forgiftning af honningbier. Medlemmerne er udpeget for en 5-\u00e5rig periode, og den igangv\u00e6rende periode udl\u00f8ber den 31. december 2018. Voldgiftsystem b\u00f8r bruges i det tilf\u00e6lde hvor biavler opdager en forgiftning af sine bier. Herefter skal der tilkaldes den biavlskyndige og planteavlskyndige, som sammen skal [&hellip;]<\/p>\n","protected":false},"author":1,"featured_media":0,"parent":5189,"menu_order":24,"comment_status":"closed","ping_status":"closed","template":"","meta":{"_acf_changed":false,"footnotes":""},"class_list":["post-5301","page","type-page","status-publish","hentry"],"acf":[],"aioseo_notices":[],"_links":{"self":[{"href":"https:\/\/www.biavl.dk\/medlemmer\/wp-json\/wp\/v2\/pages\/5301","targetHints":{"allow":["GET"]}}],"collection":[{"href":"https:\/\/www.biavl.dk\/medlemmer\/wp-json\/wp\/v2\/pages"}],"about":[{"href":"https:\/\/www.biavl.dk\/medlemmer\/wp-json\/wp\/v2\/types\/page"}],"author":[{"embeddable":true,"href":"https:\/\/www.biavl.dk\/medlemmer\/wp-json\/wp\/v2\/users\/1"}],"replies":[{"embeddable":true,"href":"https:\/\/www.biavl.dk\/medlemmer\/wp-json\/wp\/v2\/comments?post=5301"}],"version-history":[{"count":1,"href":"https:\/\/www.biavl.dk\/medlemmer\/wp-json\/wp\/v2\/pages\/5301\/revisions"}],"predecessor-version":[{"id":8698,"href":"https:\/\/www.biavl.dk\/medlemmer\/wp-json\/wp\/v2\/pages\/5301\/revisions\/8698"}],"up":[{"embeddable":true,"href":"https:\/\/www.biavl.dk\/medlemmer\/wp-json\/wp\/v2\/pages\/5189"}],"wp:attachment":[{"href":"https:\/\/www.biavl.dk\/medlemmer\/wp-json\/wp\/v2\/media?parent=5301"}],"curies":[{"name":"wp","href":"https:\/\/api.w.org\/{rel}","templated":true}]}}