{"id":5601,"date":"2016-05-19T14:22:56","date_gmt":"2016-05-19T14:22:56","guid":{"rendered":"http:\/\/vonbulow.org\/medlemmer\/?page_id=5601"},"modified":"2016-06-24T12:26:37","modified_gmt":"2016-06-24T12:26:37","slug":"protection-of-the-black-bee","status":"publish","type":"page","link":"https:\/\/www.biavl.dk\/medlemmer\/videnbank\/beekeeping-in-denmark-2\/protection-of-the-black-bee\/","title":{"rendered":"PROTECTION OF THE BLACK BEE"},"content":{"rendered":"<p><strong>THE SITUATION FOR THE PROTECTION OF THE BLACK BEE (<em>Apis mellifera mellifera<\/em>) ON L\u00c6S\u00d8<\/strong><\/p>\n<p><strong>THE BACKGROUND<br \/>\n<\/strong>On the isolated Island of L\u00e6s\u00f8, Denmark has a population of black bees Apis mellifera mellifera.<\/p>\n<p>The black bees on the Island have been kept there by beekeepers for many years. They are gentle, productive with a high tolerance to adverse climatic condi-tions. The majority of beekeepers on L\u00e6s\u00f8, with the support of the Danish Beekeepers Association have for many years worked for establishing L\u00e6s\u00f8 as a conservation area for the black bee.<\/p>\n<p>We succeeded in 1993 when L\u00e6s\u00f8 was declared a conservation area of the black bee, Apis mellifera mellifera. Only black bees should be allowed on L\u00e6s\u00f8, and no imports were permitted.<\/p>\n<p>This was a huge step forward in the conservation of the biodiversity of bees in Europe, and one of the few situations where Denmark fulfilled its obligations to the Rio Convention.<\/p>\n<p><strong>THE PROBLEMS<\/strong><br \/>\nA few beekeepers questioned the legal background of the regulation and obstructed the conservation. Legal battles took place through several years until the European Court and local courts finally i 2001 declared the conservation area legal.<\/p>\n<p>Change of government in 2002 in Denmark gave new momentum to the battle against the conservation area. The liberal government does not support the conservation area. The new minister of Agriculture, Fisheries and Food Mrs. Mariann Fischer Boel was basically against the conservation. She asked the Ministry to prepare a new report on the rationale behind the conservation area.<\/p>\n<p>The conclusion was: The conservation of the black bee is justified and an important issue in fulfilling Denmarks obligations to the Rio Convention.<\/p>\n<p>But for political reasons the report gave several solutions to solve the problems.<\/p>\n<p>The ministry decided to make a protected mating station for the black bee in the very eastern part of L\u00e6s\u00f8 and allow other bee races on other parts of L\u00e6s\u00f8. With the further limitation that the area should only be protected until 20th of July each year.<\/p>\n<p>Mrs. Mariann Fischer Boel became in 2004 the European commissioner of Agriculture, her predecessor as Minister Mr. Hans Chr. Schmidt continues the work to allow other bee races on L\u00e6s\u00f8.<\/p>\n<p><strong>THE POSITIONS<\/strong><br \/>\nThe ministry and government owned Danish Bee Research Laboratory stated that this solution is viable and gives sufficient isolation to make a high degree of pure matings. Independent scientists and the Danish Beekeepers Association are convinced that this is not the case. Winds from the West are predominantly on L\u00e6s\u00f8. The distance from the western borderline to the mating station is less than 3 km. There will be an influx of drones from all L\u00e6s\u00f8 to the mating station.<\/p>\n<p><strong>STRONG SUPPORT OF THE CONSERVATION<\/strong><br \/>\nDue to strong support from independent scientists and organisations we succeeded to get some improvements into the new regulation.<\/p>\n<p>The mating area on the easternmost end of L\u00e6s\u00f8 is protected all year, and a large portion of the government owned plantations on L\u00e6s\u00f8 are reserved for black bees. The government gave a very small grant to the L\u00e6s\u00f8 Beekeepers Association to help them run the mating station.<\/p>\n<p><strong>THE SITUATION JUST NOW<br \/>\n<\/strong>The ministry took on the task to get all \u201enon-black bees&#8221; removed from the \u201eprotected&#8221; mating area. This has not happened yet.<\/p>\n<p>The Ministry promised to make DNA analyses of all bee colonies on L\u00e6s\u00f8 to facilitate the selection of black bees. The bees have been collected but no results of the analyses yet, so no help for the selection this year. The Ministry promised to register all bee-colonies on the Island in order to facilitate the removal of \u201enon-black bees&#8221; from the \u201eprotected areas&#8221;. It ended up with a regulation that is asking for an annual registration of black bees, while the other beekeepers only need to register once, with no further follow up. The Ministry has moved a few colonies of black bees to another Island where they can be maintained with very large expenses.<\/p>\n<p>The Danish Beekeepers Association have accepted to investigate the possibilities to have other bee races on the Island. But unless the Ministry fulfils it own regulations promptly this is definitely not possible.<\/p>\n<p>The Beekeepers Association of L\u00e6s\u00f8 does a huge effort to produce a high number of black bee colonies. But to make pure matings is very difficult due to the permission to have other bees on most of the Island.<\/p>\n<p><em>Presented at the Apimondia congress in Dublin, Ireland 2005<br \/>\n<\/em><em> Flemming Vejsn\u00e6s, Rolf Theuerkauf and Asger S\u00f8gaard J\u00f8rgensen<\/em><br \/>\n<em>The Danish Beekeepers Association, Fulbyvej 15, DK 4180 Sor\u00f8, Denmark<\/em><br \/>\n<em> Tlf: + 45 57 86 54 70, dansk@biavl.dk<\/em><\/p>\n<p><strong>THE ISLAND OF L\u00c6S\u00d8<br \/>\n<\/strong>114 km2 (= 11.400 ha), nature covers 71% of the island<br \/>\nLength 22 km, width 2 &#8211; 12 km<br \/>\nPopulation: 2.300<br \/>\nBeekeepers with black bees: 30 with totally 250 colonies<br \/>\nBeekeepers with other bees: 7 with less than 200 colonies (many black or crosses).<\/p>\n<p><strong>CHARACTERISTICS OF THE L\u00c6S\u00d8 BEE<\/strong><\/p>\n<ul>\n<li>Small colonies during winter, low consumption<\/li>\n<li>Fast development during flows<\/li>\n<li>Swarming<\/li>\n<li>Tolerance to adverse climatic conditions<\/li>\n<li>Not aggressive<\/li>\n<\/ul>\n<p><strong>PROTECTION OF THE BLACK BEE &#8211; WHY?<\/strong><\/p>\n<ul>\n<li>The black bee is unique<\/li>\n<li>Preserve the diversity of the honeybee<\/li>\n<li>Preserve a gene-pool<\/li>\n<li>Enviromental conference in Rio de Janeiro 1992<\/li>\n<li>Preserving endangered animals of the world<\/li>\n<li>The majority of beekeepers support the conservation<\/li>\n<\/ul>\n<p><strong>THE SITUATION IS ALARMING<br \/>\n<\/strong>Annette Bruun Jensen and Bo Vest Pedersen Biological Institute, University of Copenhagen,\u00a0investigated the degree of introgression of genes from non-native bees:<\/p>\n<ul>\n<li>The nuclear and mitochondrial gave comparable results, showing that introgression of A. m. ligustica derived mitochondrial haplotypes and nuclear alleles have occurred in varying degree into the examined populations.<\/li>\n<li>Generally the examinations showed limited introgression with A. m. ligusica.<\/li>\n<li>The most introgressed population was found on the Danish Island, L\u00e6s\u00f8, it contained almost 10% A. m. ligustica derived mitochondrial haplotypes and nuclear alleles.<\/li>\n<\/ul>\n<p><strong>THE BLACK BEE ON L\u00c6S\u00d8 IS SERIOSLY THREATHEND<br \/>\n<\/strong>The conservation of the black bee on L\u00e6s\u00f8 is seriously threatened. The Ministry claims that they work for the conservation. Reality is that they do not listen to independent scientific advice.<\/p>\n<p>An increased introgression of genes from other bee races are evident.<\/p>\n<p>The black bee of L\u00e6s\u00f8 does not survive unless beekeepers care for it.<\/p>\n<p>&nbsp;<\/p>\n<p>Download poster in pdf-format:\u00a0<a href=\"http:\/\/www.biavl.dk\/medlemmer\/wp-content\/uploads\/2016\/05\/apimondia2005_laeso.pdf\">apimondia2005_laeso<\/a><\/p>\n","protected":false},"excerpt":{"rendered":"<p>THE SITUATION FOR THE PROTECTION OF THE BLACK BEE (Apis mellifera mellifera) ON L\u00c6S\u00d8 THE BACKGROUND On the isolated Island of L\u00e6s\u00f8, Denmark has a population of black bees Apis mellifera mellifera. The black bees on the Island have been kept there by beekeepers for many years. They are gentle, productive with a high tolerance [&hellip;]<\/p>\n","protected":false},"author":1,"featured_media":0,"parent":5632,"menu_order":10,"comment_status":"closed","ping_status":"closed","template":"","meta":{"_acf_changed":false,"footnotes":""},"class_list":["post-5601","page","type-page","status-publish","hentry"],"acf":[],"aioseo_notices":[],"_links":{"self":[{"href":"https:\/\/www.biavl.dk\/medlemmer\/wp-json\/wp\/v2\/pages\/5601","targetHints":{"allow":["GET"]}}],"collection":[{"href":"https:\/\/www.biavl.dk\/medlemmer\/wp-json\/wp\/v2\/pages"}],"about":[{"href":"https:\/\/www.biavl.dk\/medlemmer\/wp-json\/wp\/v2\/types\/page"}],"author":[{"embeddable":true,"href":"https:\/\/www.biavl.dk\/medlemmer\/wp-json\/wp\/v2\/users\/1"}],"replies":[{"embeddable":true,"href":"https:\/\/www.biavl.dk\/medlemmer\/wp-json\/wp\/v2\/comments?post=5601"}],"version-history":[{"count":1,"href":"https:\/\/www.biavl.dk\/medlemmer\/wp-json\/wp\/v2\/pages\/5601\/revisions"}],"predecessor-version":[{"id":8953,"href":"https:\/\/www.biavl.dk\/medlemmer\/wp-json\/wp\/v2\/pages\/5601\/revisions\/8953"}],"up":[{"embeddable":true,"href":"https:\/\/www.biavl.dk\/medlemmer\/wp-json\/wp\/v2\/pages\/5632"}],"wp:attachment":[{"href":"https:\/\/www.biavl.dk\/medlemmer\/wp-json\/wp\/v2\/media?parent=5601"}],"curies":[{"name":"wp","href":"https:\/\/api.w.org\/{rel}","templated":true}]}}