{"id":57742,"date":"2018-03-22T12:09:34","date_gmt":"2018-03-22T12:09:34","guid":{"rendered":"http:\/\/www.biavl.dk\/medlemmer\/?page_id=57742"},"modified":"2024-03-26T06:29:08","modified_gmt":"2024-03-26T06:29:08","slug":"slagelse-2018","status":"publish","type":"page","link":"https:\/\/www.biavl.dk\/medlemmer\/medlemmer\/generalforsamling\/slagelse-2018\/","title":{"rendered":"SLAGELSE 2018"},"content":{"rendered":"<p><img loading=\"lazy\" decoding=\"async\" width=\"300\" height=\"179\" class=\"alignnone size-medium wp-image-7620\" src=\"http:\/\/www.biavl.dk\/medlemmer\/wp-content\/uploads\/2016\/06\/Generalforsamling_2-300x179.jpg\" alt=\"Generalforsamling-2016\" srcset=\"https:\/\/www.biavl.dk\/medlemmer\/wp-content\/uploads\/2016\/06\/Generalforsamling_2-300x179.jpg 300w, https:\/\/www.biavl.dk\/medlemmer\/wp-content\/uploads\/2016\/06\/Generalforsamling_2.jpg 448w\" sizes=\"auto, (max-width: 300px) 100vw, 300px\" \/><\/p>\n<p>Du kan her downloade materialet, som bliver behandlet p\u00e5 m\u00f8det:<\/p>\n<p><a href=\"http:\/\/www.biavl.dk\/medlemmer\/wp-content\/uploads\/2018\/03\/Dagsorden.pdf\" target=\"_blank\" rel=\"noopener noreferrer\">Dagsorden<\/a><br \/>\n<a href=\"http:\/\/www.biavl.dk\/medlemmer\/wp-content\/uploads\/2018\/03\/Beretning2018.pdf\" target=\"_blank\" rel=\"noopener noreferrer\">Bestyrelsens skriftlige beretning<\/a><br \/>\n<a href=\"http:\/\/www.biavl.dk\/medlemmer\/wp-content\/uploads\/2018\/03\/\u00c5rsrapport2017.pdf\" target=\"_blank\" rel=\"noopener noreferrer\">\u00c5rsrapport 2017<\/a><br \/>\n<a href=\"http:\/\/www.biavl.dk\/medlemmer\/wp-content\/uploads\/2018\/03\/ForslagFraForeningerne.pdf\" target=\"_blank\" rel=\"noopener noreferrer\">Forslag fra foreninger<\/a><br \/>\n<a href=\"http:\/\/www.biavl.dk\/medlemmer\/wp-content\/uploads\/2018\/03\/ForslagBudget2019.pdf\" target=\"_blank\" rel=\"noopener noreferrer\">Forslag til Budget 2019<\/a><br \/>\n<a href=\"http:\/\/www.biavl.dk\/medlemmer\/wp-content\/uploads\/2018\/03\/ForslagKontingent2019.pdf\" target=\"_blank\" rel=\"noopener noreferrer\">Forslag til kontingent 2019<\/a><\/p>\n<p>For yderligere information om generalforsamlingen henvises til <a href=\"http:\/\/www.biavl.dk\/om-bdf\/vedtaegter\/\">Danmarks Biavlerforenings vedt\u00e6gter \u00a7 5<\/a>.<\/p>\n<p>Hvis du vil overv\u00e6re generalforsamlingen kan du tilmelde dig p\u00e5 <a href=\"http:\/\/bishoppen.dk\/varedetaljer.asp?shopid=7077&amp;funique=288&amp;kat=-1&amp;hkat=-1\">Bishoppen<\/a>.<\/p>\n","protected":false},"excerpt":{"rendered":"<p>Du kan her downloade materialet, som bliver behandlet p\u00e5 m\u00f8det: Dagsorden Bestyrelsens skriftlige beretning \u00c5rsrapport 2017 Forslag fra foreninger Forslag til Budget 2019 Forslag til kontingent 2019 For yderligere information om generalforsamlingen henvises til Danmarks Biavlerforenings vedt\u00e6gter \u00a7 5. Hvis du vil overv\u00e6re generalforsamlingen kan du tilmelde dig p\u00e5 Bishoppen.<\/p>\n","protected":false},"author":4,"featured_media":0,"parent":2787,"menu_order":8,"comment_status":"closed","ping_status":"closed","template":"","meta":{"_acf_changed":false,"footnotes":""},"class_list":["post-57742","page","type-page","status-publish","hentry"],"acf":[],"aioseo_notices":[],"_links":{"self":[{"href":"https:\/\/www.biavl.dk\/medlemmer\/wp-json\/wp\/v2\/pages\/57742","targetHints":{"allow":["GET"]}}],"collection":[{"href":"https:\/\/www.biavl.dk\/medlemmer\/wp-json\/wp\/v2\/pages"}],"about":[{"href":"https:\/\/www.biavl.dk\/medlemmer\/wp-json\/wp\/v2\/types\/page"}],"author":[{"embeddable":true,"href":"https:\/\/www.biavl.dk\/medlemmer\/wp-json\/wp\/v2\/users\/4"}],"replies":[{"embeddable":true,"href":"https:\/\/www.biavl.dk\/medlemmer\/wp-json\/wp\/v2\/comments?post=57742"}],"version-history":[{"count":4,"href":"https:\/\/www.biavl.dk\/medlemmer\/wp-json\/wp\/v2\/pages\/57742\/revisions"}],"predecessor-version":[{"id":143055,"href":"https:\/\/www.biavl.dk\/medlemmer\/wp-json\/wp\/v2\/pages\/57742\/revisions\/143055"}],"up":[{"embeddable":true,"href":"https:\/\/www.biavl.dk\/medlemmer\/wp-json\/wp\/v2\/pages\/2787"}],"wp:attachment":[{"href":"https:\/\/www.biavl.dk\/medlemmer\/wp-json\/wp\/v2\/media?parent=57742"}],"curies":[{"name":"wp","href":"https:\/\/api.w.org\/{rel}","templated":true}]}}