{"id":58716,"date":"2018-04-03T12:42:37","date_gmt":"2018-04-03T12:42:37","guid":{"rendered":"http:\/\/www.biavl.dk\/medlemmer\/?page_id=58716"},"modified":"2018-04-03T12:48:01","modified_gmt":"2018-04-03T12:48:01","slug":"muligheder-for-oekologisk-biavl","status":"publish","type":"page","link":"https:\/\/www.biavl.dk\/medlemmer\/medlemmer\/nyhedsarkiv\/nyheder-2018\/muligheder-for-oekologisk-biavl\/","title":{"rendered":"Muligheder for \u00f8kologisk biavl p\u00e5 \u00f8kologisk landbrug"},"content":{"rendered":"<p>Landbrugsstyrelsen har offentliggjort et kort som viser \u00f8kologiske landbrug, hvor der er mulighed for at drive \u00f8kologisk biavl. 265 \u00f8kologiske bedrifter har tilsammen 3.200 marker, der er godkendt til \u00f8kologisk biavl. P\u00e5 kortet er det muligt at unders\u00f8ge om der i ens omr\u00e5de er \u00f8kologiske landm\u00e6nd, du kan kontakte og h\u00f8re om de vil have \u00f8kologisk bier st\u00e5ende.<\/p>\n<p>Derudover er der mulighed for at se omr\u00e5der, der kunne v\u00e6re godkendt til \u00f8kologisk biavl i alle tre \u00e5r 2015-2017, med de regler der g\u00e6lder i dag. Det nye kort med omr\u00e5der der kan godkendes i 2018 offentligg\u00f8res dog f\u00f8rst i begyndelsen af maj.<\/p>\n<p>Landbrugsstyrelsen har ogs\u00e5 v\u00e6ret inde i den centrale big\u00e5rdsregister og finde alle de registrerede big\u00e5rde, som allerede st\u00e5r p\u00e5 omr\u00e5der der er godkendt til \u00f8kologisk biavl. Big\u00e5rdene er oplistet ved deres big\u00e5rds ID-nummer.<\/p>\n<p>L\u00e6s hele <a href=\"http:\/\/lbst.dk\/nyheder-og-presse\/nyheder\/nyhed\/nyhed\/mange-oekologer-og-biavlere-har-allerede-mulighed-for-oekologisk-biavl\/?utm_medium=email&amp;utm_source=naer_nyhedsmail&amp;utm_campaign=mange-kologer-og-biavlere-har-allerede-mulighed-for-kologisk-biavl&amp;cHash=1a148d550f567e7b8d9536d3bd46f2a8\">Landbrugsstyrelsens nyhed her<\/a>.<\/p>\n<p>L\u00e6s mere om \u00f8kologisk biavl p\u00e5 <a href=\"https:\/\/www.okobiavl.dk\/artikler\/\">www.\u00f8kobiavl.dk<\/a><\/p>\n","protected":false},"excerpt":{"rendered":"<p>Landbrugsstyrelsen har offentliggjort et kort som viser \u00f8kologiske landbrug, hvor der er mulighed for at drive \u00f8kologisk biavl. 265 \u00f8kologiske bedrifter har tilsammen 3.200 marker, der er godkendt til \u00f8kologisk biavl. P\u00e5 kortet er det muligt at unders\u00f8ge om der i ens omr\u00e5de er \u00f8kologiske landm\u00e6nd, du kan kontakte og h\u00f8re om de vil have [&hellip;]<\/p>\n","protected":false},"author":5,"featured_media":0,"parent":51489,"menu_order":14,"comment_status":"closed","ping_status":"closed","template":"","meta":{"_acf_changed":false,"footnotes":""},"class_list":["post-58716","page","type-page","status-publish","hentry"],"acf":[],"aioseo_notices":[],"_links":{"self":[{"href":"https:\/\/www.biavl.dk\/medlemmer\/wp-json\/wp\/v2\/pages\/58716","targetHints":{"allow":["GET"]}}],"collection":[{"href":"https:\/\/www.biavl.dk\/medlemmer\/wp-json\/wp\/v2\/pages"}],"about":[{"href":"https:\/\/www.biavl.dk\/medlemmer\/wp-json\/wp\/v2\/types\/page"}],"author":[{"embeddable":true,"href":"https:\/\/www.biavl.dk\/medlemmer\/wp-json\/wp\/v2\/users\/5"}],"replies":[{"embeddable":true,"href":"https:\/\/www.biavl.dk\/medlemmer\/wp-json\/wp\/v2\/comments?post=58716"}],"version-history":[{"count":6,"href":"https:\/\/www.biavl.dk\/medlemmer\/wp-json\/wp\/v2\/pages\/58716\/revisions"}],"predecessor-version":[{"id":58724,"href":"https:\/\/www.biavl.dk\/medlemmer\/wp-json\/wp\/v2\/pages\/58716\/revisions\/58724"}],"up":[{"embeddable":true,"href":"https:\/\/www.biavl.dk\/medlemmer\/wp-json\/wp\/v2\/pages\/51489"}],"wp:attachment":[{"href":"https:\/\/www.biavl.dk\/medlemmer\/wp-json\/wp\/v2\/media?parent=58716"}],"curies":[{"name":"wp","href":"https:\/\/api.w.org\/{rel}","templated":true}]}}