{"id":6982,"date":"2016-05-30T12:12:39","date_gmt":"2016-05-30T10:12:39","guid":{"rendered":"http:\/\/vonbulow.org\/medlemmer\/?page_id=6982"},"modified":"2016-05-30T12:12:39","modified_gmt":"2016-05-30T10:12:39","slug":"parrekassetter-oe-parring","status":"publish","type":"page","link":"https:\/\/www.biavl.dk\/medlemmer\/videnbank\/bimaterieltegninger\/parrekassetter-oe-parring\/","title":{"rendered":"PARREKASSETTER \u00d8-PARRING"},"content":{"rendered":"<p>Tegning over godkendte parrekasetter til \u00f8-parring p\u00e5 Dronningeavlerforeningen af 1921&#8217;s \u00f8-parringstationer.<\/p>\n","protected":false},"excerpt":{"rendered":"<p>Tegning over godkendte parrekasetter til \u00f8-parring p\u00e5 Dronningeavlerforeningen af 1921&#8217;s \u00f8-parringstationer.<\/p>\n","protected":false},"author":1,"featured_media":0,"parent":6668,"menu_order":3,"comment_status":"closed","ping_status":"closed","template":"","meta":{"_acf_changed":false,"footnotes":""},"class_list":["post-6982","page","type-page","status-publish","hentry"],"acf":[],"aioseo_notices":[],"_links":{"self":[{"href":"https:\/\/www.biavl.dk\/medlemmer\/wp-json\/wp\/v2\/pages\/6982","targetHints":{"allow":["GET"]}}],"collection":[{"href":"https:\/\/www.biavl.dk\/medlemmer\/wp-json\/wp\/v2\/pages"}],"about":[{"href":"https:\/\/www.biavl.dk\/medlemmer\/wp-json\/wp\/v2\/types\/page"}],"author":[{"embeddable":true,"href":"https:\/\/www.biavl.dk\/medlemmer\/wp-json\/wp\/v2\/users\/1"}],"replies":[{"embeddable":true,"href":"https:\/\/www.biavl.dk\/medlemmer\/wp-json\/wp\/v2\/comments?post=6982"}],"version-history":[{"count":0,"href":"https:\/\/www.biavl.dk\/medlemmer\/wp-json\/wp\/v2\/pages\/6982\/revisions"}],"up":[{"embeddable":true,"href":"https:\/\/www.biavl.dk\/medlemmer\/wp-json\/wp\/v2\/pages\/6668"}],"wp:attachment":[{"href":"https:\/\/www.biavl.dk\/medlemmer\/wp-json\/wp\/v2\/media?parent=6982"}],"curies":[{"name":"wp","href":"https:\/\/api.w.org\/{rel}","templated":true}]}}