{"id":6983,"date":"2016-05-30T12:13:28","date_gmt":"2016-05-30T10:13:28","guid":{"rendered":"http:\/\/vonbulow.org\/medlemmer\/?page_id=6983"},"modified":"2016-05-30T12:13:28","modified_gmt":"2016-05-30T10:13:28","slug":"rugemaskine","status":"publish","type":"page","link":"https:\/\/www.biavl.dk\/medlemmer\/videnbank\/bimaterieltegninger\/rugemaskine\/","title":{"rendered":"RUGEMASKINE"},"content":{"rendered":"<p>Rugemaskine fra Tidsskrift for Biavl nr. 4\/1993 side 103 af Klaus Langschwager.<\/p>\n<p>Klaus Langschwager fort\u00e6ller: &#8220;Rugemaskinen har en lille luftomr\u00f8rer monteret i maskinen. Jeg synes det giver en meget bedre varmefordeling. Luftomr\u00f8reren kan v\u00e6re en bl\u00e6semotor fra en t\u00f8rrehjelm eller en rigtig elektronikk\u00f8lebl\u00e6ser. Selve rugemaskinen er fremstillet af 28 mm polyuretanplader p\u00e5 de 4 sider. Bagsiden er en 10 mm krydsfinerplade der er limet \u2013 skruet fast p\u00e5 polyuretankassen. Til slut er der limet 4 mm krydsfiner p\u00e5 alle siderne af hensyn til styrke og udseende. De forreste polyuretankanter er p\u00e5limet vinkellister, s\u00e5 jeg har noget tr\u00e6 til montering af h\u00e6ngsler og l\u00e5ge. Selve vinduet er lavet af 3 mm plast. Det er meget lettere end glas.<\/p>\n<p>Varmelegemet er en 60 watt p\u00e6re der bliver styret af en termostat, der kan k\u00f8bes hos en bimaterielforhandler, eller en der handler med h\u00f8nsemateriel. Derudover har jeg monteret en lavenergip\u00e6re, for at have en lyskilde uden for stor varmeudvikling&#8221;.<\/p>\n","protected":false},"excerpt":{"rendered":"<p>Rugemaskine fra Tidsskrift for Biavl nr. 4\/1993 side 103 af Klaus Langschwager. Klaus Langschwager fort\u00e6ller: &#8220;Rugemaskinen har en lille luftomr\u00f8rer monteret i maskinen. Jeg synes det giver en meget bedre varmefordeling. Luftomr\u00f8reren kan v\u00e6re en bl\u00e6semotor fra en t\u00f8rrehjelm eller en rigtig elektronikk\u00f8lebl\u00e6ser. Selve rugemaskinen er fremstillet af 28 mm polyuretanplader p\u00e5 de 4 sider. [&hellip;]<\/p>\n","protected":false},"author":1,"featured_media":0,"parent":6668,"menu_order":3,"comment_status":"closed","ping_status":"closed","template":"","meta":{"_acf_changed":false,"footnotes":""},"class_list":["post-6983","page","type-page","status-publish","hentry"],"acf":[],"aioseo_notices":[],"_links":{"self":[{"href":"https:\/\/www.biavl.dk\/medlemmer\/wp-json\/wp\/v2\/pages\/6983","targetHints":{"allow":["GET"]}}],"collection":[{"href":"https:\/\/www.biavl.dk\/medlemmer\/wp-json\/wp\/v2\/pages"}],"about":[{"href":"https:\/\/www.biavl.dk\/medlemmer\/wp-json\/wp\/v2\/types\/page"}],"author":[{"embeddable":true,"href":"https:\/\/www.biavl.dk\/medlemmer\/wp-json\/wp\/v2\/users\/1"}],"replies":[{"embeddable":true,"href":"https:\/\/www.biavl.dk\/medlemmer\/wp-json\/wp\/v2\/comments?post=6983"}],"version-history":[{"count":0,"href":"https:\/\/www.biavl.dk\/medlemmer\/wp-json\/wp\/v2\/pages\/6983\/revisions"}],"up":[{"embeddable":true,"href":"https:\/\/www.biavl.dk\/medlemmer\/wp-json\/wp\/v2\/pages\/6668"}],"wp:attachment":[{"href":"https:\/\/www.biavl.dk\/medlemmer\/wp-json\/wp\/v2\/media?parent=6983"}],"curies":[{"name":"wp","href":"https:\/\/api.w.org\/{rel}","templated":true}]}}