{"id":7058,"date":"2016-05-30T13:23:41","date_gmt":"2016-05-30T11:23:41","guid":{"rendered":"http:\/\/vonbulow.org\/medlemmer\/?page_id=7058"},"modified":"2016-06-27T07:17:59","modified_gmt":"2016-06-27T07:17:59","slug":"frysetestmetoden","status":"publish","type":"page","link":"https:\/\/www.biavl.dk\/medlemmer\/videnbank\/downloads\/dronningeavl\/frysetestmetoden\/","title":{"rendered":"FRYSETESTMETODEN"},"content":{"rendered":"<p>Bem\u00e6rk: \u00c6ndret vejledning !!! Biers sygdomstolerance er k\u00e6det sammen med biernes evne til<br \/>\nat rense d\u00f8d yngel ud af forseglede yngelceller. To m\u00e5der til at teste udrensningsevnen er \u201eudrensning<br \/>\naf frysedr\u00e6bt yngel\u201c og \u201en\u00e5lestiksmetoden\u201c. Denne vejledning beskriver frysetesten.<\/p>\n","protected":false},"excerpt":{"rendered":"<p>Bem\u00e6rk: \u00c6ndret vejledning !!! Biers sygdomstolerance er k\u00e6det sammen med biernes evne til at rense d\u00f8d yngel ud af forseglede yngelceller. To m\u00e5der til at teste udrensningsevnen er \u201eudrensning af frysedr\u00e6bt yngel\u201c og \u201en\u00e5lestiksmetoden\u201c. Denne vejledning beskriver frysetesten.<\/p>\n","protected":false},"author":1,"featured_media":0,"parent":6835,"menu_order":6,"comment_status":"closed","ping_status":"closed","template":"","meta":{"_acf_changed":false,"footnotes":""},"class_list":["post-7058","page","type-page","status-publish","hentry"],"acf":[],"aioseo_notices":[],"_links":{"self":[{"href":"https:\/\/www.biavl.dk\/medlemmer\/wp-json\/wp\/v2\/pages\/7058","targetHints":{"allow":["GET"]}}],"collection":[{"href":"https:\/\/www.biavl.dk\/medlemmer\/wp-json\/wp\/v2\/pages"}],"about":[{"href":"https:\/\/www.biavl.dk\/medlemmer\/wp-json\/wp\/v2\/types\/page"}],"author":[{"embeddable":true,"href":"https:\/\/www.biavl.dk\/medlemmer\/wp-json\/wp\/v2\/users\/1"}],"replies":[{"embeddable":true,"href":"https:\/\/www.biavl.dk\/medlemmer\/wp-json\/wp\/v2\/comments?post=7058"}],"version-history":[{"count":1,"href":"https:\/\/www.biavl.dk\/medlemmer\/wp-json\/wp\/v2\/pages\/7058\/revisions"}],"predecessor-version":[{"id":8982,"href":"https:\/\/www.biavl.dk\/medlemmer\/wp-json\/wp\/v2\/pages\/7058\/revisions\/8982"}],"up":[{"embeddable":true,"href":"https:\/\/www.biavl.dk\/medlemmer\/wp-json\/wp\/v2\/pages\/6835"}],"wp:attachment":[{"href":"https:\/\/www.biavl.dk\/medlemmer\/wp-json\/wp\/v2\/media?parent=7058"}],"curies":[{"name":"wp","href":"https:\/\/api.w.org\/{rel}","templated":true}]}}