{"id":7059,"date":"2016-05-30T13:24:26","date_gmt":"2016-05-30T11:24:26","guid":{"rendered":"http:\/\/vonbulow.org\/medlemmer\/?page_id=7059"},"modified":"2016-06-27T07:20:49","modified_gmt":"2016-06-27T07:20:49","slug":"nosematest","status":"publish","type":"page","link":"https:\/\/www.biavl.dk\/medlemmer\/videnbank\/downloads\/dronningeavl\/nosematest\/","title":{"rendered":"NOSEMATEST"},"content":{"rendered":"<p>Nosema er is\u00e6r i for\u00e5ret en skadevolde, som kan s\u00e6tte bifamilien tilbage. Udtag en nosemapr\u00f8ve og f\u00e5 den unders\u00f8gt hos nosemaan v\/Georg Kinch, Midtbjergvej 14<\/p>\n<p>6720 Fan\u00f8, Tlf. 20725709. Denne vejledning beskriver hvordan pr\u00f8ven udtages.<\/p>\n","protected":false},"excerpt":{"rendered":"<p>Nosema er is\u00e6r i for\u00e5ret en skadevolde, som kan s\u00e6tte bifamilien tilbage. Udtag en nosemapr\u00f8ve og f\u00e5 den unders\u00f8gt hos nosemaan v\/Georg Kinch, Midtbjergvej 14 6720 Fan\u00f8, Tlf. 20725709. Denne vejledning beskriver hvordan pr\u00f8ven udtages.<\/p>\n","protected":false},"author":1,"featured_media":0,"parent":6835,"menu_order":6,"comment_status":"closed","ping_status":"closed","template":"","meta":{"_acf_changed":false,"footnotes":""},"class_list":["post-7059","page","type-page","status-publish","hentry"],"acf":[],"aioseo_notices":[],"_links":{"self":[{"href":"https:\/\/www.biavl.dk\/medlemmer\/wp-json\/wp\/v2\/pages\/7059","targetHints":{"allow":["GET"]}}],"collection":[{"href":"https:\/\/www.biavl.dk\/medlemmer\/wp-json\/wp\/v2\/pages"}],"about":[{"href":"https:\/\/www.biavl.dk\/medlemmer\/wp-json\/wp\/v2\/types\/page"}],"author":[{"embeddable":true,"href":"https:\/\/www.biavl.dk\/medlemmer\/wp-json\/wp\/v2\/users\/1"}],"replies":[{"embeddable":true,"href":"https:\/\/www.biavl.dk\/medlemmer\/wp-json\/wp\/v2\/comments?post=7059"}],"version-history":[{"count":1,"href":"https:\/\/www.biavl.dk\/medlemmer\/wp-json\/wp\/v2\/pages\/7059\/revisions"}],"predecessor-version":[{"id":8983,"href":"https:\/\/www.biavl.dk\/medlemmer\/wp-json\/wp\/v2\/pages\/7059\/revisions\/8983"}],"up":[{"embeddable":true,"href":"https:\/\/www.biavl.dk\/medlemmer\/wp-json\/wp\/v2\/pages\/6835"}],"wp:attachment":[{"href":"https:\/\/www.biavl.dk\/medlemmer\/wp-json\/wp\/v2\/media?parent=7059"}],"curies":[{"name":"wp","href":"https:\/\/api.w.org\/{rel}","templated":true}]}}