{"id":7060,"date":"2016-05-30T13:25:53","date_gmt":"2016-05-30T11:25:53","guid":{"rendered":"http:\/\/vonbulow.org\/medlemmer\/?page_id=7060"},"modified":"2016-06-27T07:22:43","modified_gmt":"2016-06-27T07:22:43","slug":"stadekort","status":"publish","type":"page","link":"https:\/\/www.biavl.dk\/medlemmer\/videnbank\/downloads\/dronningeavl\/stadekort\/","title":{"rendered":"STADEKORT"},"content":{"rendered":"<p>Hold styr p\u00e5 din biavl. Lav notatf\u00f8ring p\u00e5 Danmarks Biavlerforenings stadekort. Stadekortet kan ogs\u00e5 k\u00f8bes hos Danmarks Biavlerforening i katon. A5 format.<\/p>\n","protected":false},"excerpt":{"rendered":"<p>Hold styr p\u00e5 din biavl. Lav notatf\u00f8ring p\u00e5 Danmarks Biavlerforenings stadekort. Stadekortet kan ogs\u00e5 k\u00f8bes hos Danmarks Biavlerforening i katon. A5 format.<\/p>\n","protected":false},"author":1,"featured_media":0,"parent":6835,"menu_order":6,"comment_status":"closed","ping_status":"closed","template":"","meta":{"_acf_changed":false,"footnotes":""},"class_list":["post-7060","page","type-page","status-publish","hentry"],"acf":[],"aioseo_notices":[],"_links":{"self":[{"href":"https:\/\/www.biavl.dk\/medlemmer\/wp-json\/wp\/v2\/pages\/7060","targetHints":{"allow":["GET"]}}],"collection":[{"href":"https:\/\/www.biavl.dk\/medlemmer\/wp-json\/wp\/v2\/pages"}],"about":[{"href":"https:\/\/www.biavl.dk\/medlemmer\/wp-json\/wp\/v2\/types\/page"}],"author":[{"embeddable":true,"href":"https:\/\/www.biavl.dk\/medlemmer\/wp-json\/wp\/v2\/users\/1"}],"replies":[{"embeddable":true,"href":"https:\/\/www.biavl.dk\/medlemmer\/wp-json\/wp\/v2\/comments?post=7060"}],"version-history":[{"count":1,"href":"https:\/\/www.biavl.dk\/medlemmer\/wp-json\/wp\/v2\/pages\/7060\/revisions"}],"predecessor-version":[{"id":8984,"href":"https:\/\/www.biavl.dk\/medlemmer\/wp-json\/wp\/v2\/pages\/7060\/revisions\/8984"}],"up":[{"embeddable":true,"href":"https:\/\/www.biavl.dk\/medlemmer\/wp-json\/wp\/v2\/pages\/6835"}],"wp:attachment":[{"href":"https:\/\/www.biavl.dk\/medlemmer\/wp-json\/wp\/v2\/media?parent=7060"}],"curies":[{"name":"wp","href":"https:\/\/api.w.org\/{rel}","templated":true}]}}