{"id":7063,"date":"2016-05-30T13:31:39","date_gmt":"2016-05-30T11:31:39","guid":{"rendered":"http:\/\/vonbulow.org\/medlemmer\/?page_id=7063"},"modified":"2016-06-27T07:33:23","modified_gmt":"2016-06-27T07:33:23","slug":"udrensingstest-naalestikstest","status":"publish","type":"page","link":"https:\/\/www.biavl.dk\/medlemmer\/videnbank\/downloads\/dronningeavl\/udrensingstest-naalestikstest\/","title":{"rendered":"UDRENSINGSTEST &#8211; N\u00c5LESTIKSTEST"},"content":{"rendered":"<p>Biers evne til at udrrense d\u00f8d yngel &#8211; kan v\u00e6re et tegn p\u00e5 biernes sygdomstolerence. Testen kan udf\u00f8res p\u00e5 to m\u00e5der &#8211; med n\u00e5lestikstesten eller frysetesten. Frysetesten er den mest anvendte test i Danmark. Denne vejledning beskriver n\u00e5lestikstesten.<\/p>\n","protected":false},"excerpt":{"rendered":"<p>Biers evne til at udrrense d\u00f8d yngel &#8211; kan v\u00e6re et tegn p\u00e5 biernes sygdomstolerence. Testen kan udf\u00f8res p\u00e5 to m\u00e5der &#8211; med n\u00e5lestikstesten eller frysetesten. Frysetesten er den mest anvendte test i Danmark. Denne vejledning beskriver n\u00e5lestikstesten.<\/p>\n","protected":false},"author":1,"featured_media":0,"parent":6835,"menu_order":6,"comment_status":"closed","ping_status":"closed","template":"","meta":{"_acf_changed":false,"footnotes":""},"class_list":["post-7063","page","type-page","status-publish","hentry"],"acf":[],"aioseo_notices":[],"_links":{"self":[{"href":"https:\/\/www.biavl.dk\/medlemmer\/wp-json\/wp\/v2\/pages\/7063","targetHints":{"allow":["GET"]}}],"collection":[{"href":"https:\/\/www.biavl.dk\/medlemmer\/wp-json\/wp\/v2\/pages"}],"about":[{"href":"https:\/\/www.biavl.dk\/medlemmer\/wp-json\/wp\/v2\/types\/page"}],"author":[{"embeddable":true,"href":"https:\/\/www.biavl.dk\/medlemmer\/wp-json\/wp\/v2\/users\/1"}],"replies":[{"embeddable":true,"href":"https:\/\/www.biavl.dk\/medlemmer\/wp-json\/wp\/v2\/comments?post=7063"}],"version-history":[{"count":1,"href":"https:\/\/www.biavl.dk\/medlemmer\/wp-json\/wp\/v2\/pages\/7063\/revisions"}],"predecessor-version":[{"id":8988,"href":"https:\/\/www.biavl.dk\/medlemmer\/wp-json\/wp\/v2\/pages\/7063\/revisions\/8988"}],"up":[{"embeddable":true,"href":"https:\/\/www.biavl.dk\/medlemmer\/wp-json\/wp\/v2\/pages\/6835"}],"wp:attachment":[{"href":"https:\/\/www.biavl.dk\/medlemmer\/wp-json\/wp\/v2\/media?parent=7063"}],"curies":[{"name":"wp","href":"https:\/\/api.w.org\/{rel}","templated":true}]}}