{"id":73,"date":"2016-02-09T11:11:07","date_gmt":"2016-02-09T11:11:07","guid":{"rendered":"http:\/\/vonbulow.org\/medlemmer\/?page_id=73"},"modified":"2017-02-03T08:18:28","modified_gmt":"2017-02-03T08:18:28","slug":"73-2","status":"publish","type":"page","link":"https:\/\/www.biavl.dk\/medlemmer\/videnbank\/opskrifter\/forretter\/73-2\/","title":{"rendered":"BIAVLERENS KARRYSUPPE"},"content":{"rendered":"<p>Sk\u00e6r l\u00f8g og hvidl\u00f8g i tern. Svits l\u00f8g, hvidl\u00f8g og karry i en gryde med lidt olie. Skyld linserne og kom dem i gryden sammen med tomatpure, vand og bouillontern. Lad suppen sm\u00e5 koge under l\u00e5g i ca 25 min. Smag til med salt og peber.\u00a0H\u00e6ld suppen op i en tallerken, serverer med en skefuld creme fraiche og flydende honning. Er din honning ikke flydende, kan du evt. varme den let, s\u00e5 den bliver flydende.<\/p>\n","protected":false},"excerpt":{"rendered":"<p>Sk\u00e6r l\u00f8g og hvidl\u00f8g i tern. Svits l\u00f8g, hvidl\u00f8g og karry i en gryde med lidt olie. Skyld linserne og kom dem i gryden sammen med tomatpure, vand og bouillontern. Lad suppen sm\u00e5 koge under l\u00e5g i ca 25 min. Smag til med salt og peber.\u00a0H\u00e6ld suppen op i en tallerken, serverer med en skefuld [&hellip;]<\/p>\n","protected":false},"author":1,"featured_media":0,"parent":48,"menu_order":1,"comment_status":"closed","ping_status":"closed","template":"page-opskriften.php","meta":{"_acf_changed":false,"footnotes":""},"class_list":["post-73","page","type-page","status-publish","hentry"],"acf":[],"aioseo_notices":[],"_links":{"self":[{"href":"https:\/\/www.biavl.dk\/medlemmer\/wp-json\/wp\/v2\/pages\/73","targetHints":{"allow":["GET"]}}],"collection":[{"href":"https:\/\/www.biavl.dk\/medlemmer\/wp-json\/wp\/v2\/pages"}],"about":[{"href":"https:\/\/www.biavl.dk\/medlemmer\/wp-json\/wp\/v2\/types\/page"}],"author":[{"embeddable":true,"href":"https:\/\/www.biavl.dk\/medlemmer\/wp-json\/wp\/v2\/users\/1"}],"replies":[{"embeddable":true,"href":"https:\/\/www.biavl.dk\/medlemmer\/wp-json\/wp\/v2\/comments?post=73"}],"version-history":[{"count":3,"href":"https:\/\/www.biavl.dk\/medlemmer\/wp-json\/wp\/v2\/pages\/73\/revisions"}],"predecessor-version":[{"id":22036,"href":"https:\/\/www.biavl.dk\/medlemmer\/wp-json\/wp\/v2\/pages\/73\/revisions\/22036"}],"up":[{"embeddable":true,"href":"https:\/\/www.biavl.dk\/medlemmer\/wp-json\/wp\/v2\/pages\/48"}],"wp:attachment":[{"href":"https:\/\/www.biavl.dk\/medlemmer\/wp-json\/wp\/v2\/media?parent=73"}],"curies":[{"name":"wp","href":"https:\/\/api.w.org\/{rel}","templated":true}]}}