{"id":7705,"date":"2016-06-03T09:02:35","date_gmt":"2016-06-03T07:02:35","guid":{"rendered":"http:\/\/vonbulow.org\/medlemmer\/?page_id=7705"},"modified":"2019-03-15T08:22:10","modified_gmt":"2019-03-15T08:22:10","slug":"middelfart-2007","status":"publish","type":"page","link":"https:\/\/www.biavl.dk\/medlemmer\/medlemmer\/generalforsamling\/middelfart-2007\/","title":{"rendered":"MIDDELFART 2007"},"content":{"rendered":"<p>Du kan her downloade materialet, som blev behandlet p\u00e5 m\u00f8det:<\/p>\n<ul>\n<li><a href=\"http:\/\/www.biavl.dk\/medlemmer\/wp-content\/uploads\/2016\/06\/Et-us\u00e6dvanligt-\u00e5r.pdf\">Et us\u00e6dvanligt \u00e5r<\/a><\/li>\n<li><a href=\"http:\/\/www.biavl.dk\/medlemmer\/wp-content\/uploads\/2016\/06\/Generalforsamling-2007.pdf\">Generalforsamling 2007<\/a><\/li>\n<li><a href=\"http:\/\/www.biavl.dk\/medlemmer\/wp-content\/uploads\/2016\/06\/Beretning-2006.pdf\">Beretning 2006<\/a><\/li>\n<li><a href=\"http:\/\/www.biavl.dk\/medlemmer\/wp-content\/uploads\/2016\/06\/Referat-2007.pdf\">Referat 2007<\/a><\/li>\n<li><a href=\"http:\/\/www.biavl.dk\/medlemmer\/wp-content\/uploads\/2016\/06\/Gave-til-den-brune-bi.pdf\">Gave til den brune bi<\/a><\/li>\n<\/ul>\n","protected":false},"excerpt":{"rendered":"<p>Du kan her downloade materialet, som blev behandlet p\u00e5 m\u00f8det: Et us\u00e6dvanligt \u00e5r Generalforsamling 2007 Beretning 2006 Referat 2007 Gave til den brune bi<\/p>\n","protected":false},"author":1,"featured_media":0,"parent":2787,"menu_order":99,"comment_status":"closed","ping_status":"closed","template":"","meta":{"_acf_changed":false,"footnotes":""},"class_list":["post-7705","page","type-page","status-publish","hentry"],"acf":[],"aioseo_notices":[],"_links":{"self":[{"href":"https:\/\/www.biavl.dk\/medlemmer\/wp-json\/wp\/v2\/pages\/7705","targetHints":{"allow":["GET"]}}],"collection":[{"href":"https:\/\/www.biavl.dk\/medlemmer\/wp-json\/wp\/v2\/pages"}],"about":[{"href":"https:\/\/www.biavl.dk\/medlemmer\/wp-json\/wp\/v2\/types\/page"}],"author":[{"embeddable":true,"href":"https:\/\/www.biavl.dk\/medlemmer\/wp-json\/wp\/v2\/users\/1"}],"replies":[{"embeddable":true,"href":"https:\/\/www.biavl.dk\/medlemmer\/wp-json\/wp\/v2\/comments?post=7705"}],"version-history":[{"count":1,"href":"https:\/\/www.biavl.dk\/medlemmer\/wp-json\/wp\/v2\/pages\/7705\/revisions"}],"predecessor-version":[{"id":8943,"href":"https:\/\/www.biavl.dk\/medlemmer\/wp-json\/wp\/v2\/pages\/7705\/revisions\/8943"}],"up":[{"embeddable":true,"href":"https:\/\/www.biavl.dk\/medlemmer\/wp-json\/wp\/v2\/pages\/2787"}],"wp:attachment":[{"href":"https:\/\/www.biavl.dk\/medlemmer\/wp-json\/wp\/v2\/media?parent=7705"}],"curies":[{"name":"wp","href":"https:\/\/api.w.org\/{rel}","templated":true}]}}