{"id":80136,"date":"2018-10-17T08:47:31","date_gmt":"2018-10-17T08:47:31","guid":{"rendered":"http:\/\/www.biavl.dk\/medlemmer\/?page_id=80136"},"modified":"2018-10-19T13:32:44","modified_gmt":"2018-10-19T13:32:44","slug":"svampetaerte","status":"publish","type":"page","link":"https:\/\/www.biavl.dk\/medlemmer\/videnbank\/opskrifter\/hovedretter\/svampetaerte\/","title":{"rendered":"Svampet\u00e6rte med karamelliserede l\u00f8g"},"content":{"rendered":"<p>Honning har<\/p>\n<p><strong>Fremgangsm\u00e5de:<\/strong><\/p>\n<ul>\n<li>Kom havregryn i en blender eller foodprocessor og blend det fint til mel.<\/li>\n<li>Kom melet i en sk\u00e5l. R\u00f8r \u00e6g, sm\u00f8r og salt i, kom evt. lidt vand i.<\/li>\n<li>\u00c6lt dejen med h\u00e6nderne til den samler sig og har konsistens som en t\u00e6rtedej.<\/li>\n<li>Dejen kan v\u00e6re en smule sv\u00e6r at rulle.<\/li>\n<li>Fordel dejen i smurt t\u00e6rtefad med h\u00e6nderne.<\/li>\n<li>Prik t\u00e6rtebunden med en gaffel<\/li>\n<li>Forbag den ved 200 grader i forvarmet ovn i 10 min.<\/li>\n<li>Pil r\u00f8dl\u00f8gene og sk\u00e6r dem i tynde b\u00e5de.<\/li>\n<li>Varm sm\u00f8r op p\u00e5 en varm pande og sauter l\u00f8gene til de falder sammen.<\/li>\n<li>Tils\u00e6t honning og \u00e6blecidereddike og saut\u00e9r videre i ca. 8 min til l\u00f8gene karamelliserer.<\/li>\n<li>Rens svampene og sk\u00e6r dem ud i mindre stykker.<\/li>\n<li>Svits dem p\u00e5 en varm pande med finthakket rosmarin til de bliver bl\u00f8de og gyldne,<\/li>\n<li>Krydre med salt og peber.<\/li>\n<li>Pisk \u00e6ggene sammen hytteost, salt og peber.<\/li>\n<li>Fordel l\u00f8gene, svampe og \u00e6ggeblandingen i den forbagte bund.<\/li>\n<li>Bag t\u00e6rten igen ved 200 grader i en varm ovn til fyldet har sat sig eller t\u00e6rten er spr\u00f8d og gylden.<\/li>\n<li>Server salat til.<\/li>\n<\/ul>\n","protected":false},"excerpt":{"rendered":"<p>Honning har Fremgangsm\u00e5de: Kom havregryn i en blender eller foodprocessor og blend det fint til mel. Kom melet i en sk\u00e5l. R\u00f8r \u00e6g, sm\u00f8r og salt i, kom evt. lidt vand i. \u00c6lt dejen med h\u00e6nderne til den samler sig og har konsistens som en t\u00e6rtedej. Dejen kan v\u00e6re en smule sv\u00e6r at rulle. Fordel [&hellip;]<\/p>\n","protected":false},"author":4,"featured_media":0,"parent":50,"menu_order":7,"comment_status":"closed","ping_status":"closed","template":"page-opskriften.php","meta":{"_acf_changed":false,"footnotes":""},"class_list":["post-80136","page","type-page","status-publish","hentry"],"acf":[],"aioseo_notices":[],"_links":{"self":[{"href":"https:\/\/www.biavl.dk\/medlemmer\/wp-json\/wp\/v2\/pages\/80136","targetHints":{"allow":["GET"]}}],"collection":[{"href":"https:\/\/www.biavl.dk\/medlemmer\/wp-json\/wp\/v2\/pages"}],"about":[{"href":"https:\/\/www.biavl.dk\/medlemmer\/wp-json\/wp\/v2\/types\/page"}],"author":[{"embeddable":true,"href":"https:\/\/www.biavl.dk\/medlemmer\/wp-json\/wp\/v2\/users\/4"}],"replies":[{"embeddable":true,"href":"https:\/\/www.biavl.dk\/medlemmer\/wp-json\/wp\/v2\/comments?post=80136"}],"version-history":[{"count":8,"href":"https:\/\/www.biavl.dk\/medlemmer\/wp-json\/wp\/v2\/pages\/80136\/revisions"}],"predecessor-version":[{"id":80389,"href":"https:\/\/www.biavl.dk\/medlemmer\/wp-json\/wp\/v2\/pages\/80136\/revisions\/80389"}],"up":[{"embeddable":true,"href":"https:\/\/www.biavl.dk\/medlemmer\/wp-json\/wp\/v2\/pages\/50"}],"wp:attachment":[{"href":"https:\/\/www.biavl.dk\/medlemmer\/wp-json\/wp\/v2\/media?parent=80136"}],"curies":[{"name":"wp","href":"https:\/\/api.w.org\/{rel}","templated":true}]}}