{"id":9212,"date":"2016-07-25T08:52:47","date_gmt":"2016-07-25T08:52:47","guid":{"rendered":"http:\/\/www.biavl.dk\/medlemmer\/?page_id=9212"},"modified":"2024-08-07T08:47:59","modified_gmt":"2024-08-07T08:47:59","slug":"skabelon-printselv-laagetiketter","status":"publish","type":"page","link":"https:\/\/www.biavl.dk\/medlemmer\/videnbank\/downloads\/skabelon-printselv-laagetiketter\/","title":{"rendered":"SKABELON TIL PRINT-SELV L\u00c5GETIKETTER"},"content":{"rendered":"<p>Program og skabeloner til print-selv l\u00e5getiketter fra bishoppen.<\/p>\n<p>Du kan herunder hente Word-skabeloner til print p\u00e5 l\u00e5getiketter med egen tekst. Husk at aktivere &#8220;Vis gitterlinjer&#8221; under tabeller, s\u00e5 du kan se felterne, som du skal udfylde.<\/p>\n<p><a href=\"https:\/\/www.biavl.dk\/medlemmer\/wp-content\/uploads\/2024\/08\/Skabelon_Laag_Eks.zip\">Word-skabeloner l\u00e5getiketter<\/a><\/p>\n<p>&nbsp;<\/p>\n<p>Du kan herunder hente Avery-program til at designe etiketterne p\u00e5 20 mm. og 64 mm.<\/p>\n<p><a href=\"https:\/\/www.biavl.dk\/medlemmer\/wp-content\/uploads\/2019\/11\/Skabelon_l\u00e5getiketter1.zip\">Avery-program l\u00e5getiketter<\/a><\/p>\n<p>&nbsp;<\/p>\n","protected":false},"excerpt":{"rendered":"<p>Program og skabeloner til print-selv l\u00e5getiketter fra bishoppen. Du kan herunder hente Word-skabeloner til print p\u00e5 l\u00e5getiketter med egen tekst. Husk at aktivere &#8220;Vis gitterlinjer&#8221; under tabeller, s\u00e5 du kan se felterne, som du skal udfylde. Word-skabeloner l\u00e5getiketter &nbsp; Du kan herunder hente Avery-program til at designe etiketterne p\u00e5 20 mm. og 64 mm. Avery-program [&hellip;]<\/p>\n","protected":false},"author":3,"featured_media":0,"parent":2754,"menu_order":9,"comment_status":"closed","ping_status":"closed","template":"","meta":{"_acf_changed":false,"footnotes":""},"class_list":["post-9212","page","type-page","status-publish","hentry"],"acf":[],"aioseo_notices":[],"_links":{"self":[{"href":"https:\/\/www.biavl.dk\/medlemmer\/wp-json\/wp\/v2\/pages\/9212","targetHints":{"allow":["GET"]}}],"collection":[{"href":"https:\/\/www.biavl.dk\/medlemmer\/wp-json\/wp\/v2\/pages"}],"about":[{"href":"https:\/\/www.biavl.dk\/medlemmer\/wp-json\/wp\/v2\/types\/page"}],"author":[{"embeddable":true,"href":"https:\/\/www.biavl.dk\/medlemmer\/wp-json\/wp\/v2\/users\/3"}],"replies":[{"embeddable":true,"href":"https:\/\/www.biavl.dk\/medlemmer\/wp-json\/wp\/v2\/comments?post=9212"}],"version-history":[{"count":8,"href":"https:\/\/www.biavl.dk\/medlemmer\/wp-json\/wp\/v2\/pages\/9212\/revisions"}],"predecessor-version":[{"id":275410,"href":"https:\/\/www.biavl.dk\/medlemmer\/wp-json\/wp\/v2\/pages\/9212\/revisions\/275410"}],"up":[{"embeddable":true,"href":"https:\/\/www.biavl.dk\/medlemmer\/wp-json\/wp\/v2\/pages\/2754"}],"wp:attachment":[{"href":"https:\/\/www.biavl.dk\/medlemmer\/wp-json\/wp\/v2\/media?parent=9212"}],"curies":[{"name":"wp","href":"https:\/\/api.w.org\/{rel}","templated":true}]}}